{"id":10687,"date":"2023-02-10T09:25:39","date_gmt":"2023-02-10T14:25:39","guid":{"rendered":"https:\/\/ultranatulife.com\/?post_type=product&#038;p=10687"},"modified":"2023-07-13T11:35:16","modified_gmt":"2023-07-13T16:35:16","slug":"laxa-komfort","status":"publish","type":"product","link":"https:\/\/ultranatulife.com\/?product=laxa-komfort","title":{"rendered":"LAXA KOMFORT"},"content":{"rendered":"<p>Ayuda a equilibrar vata (aire) en el cuerpo.<br \/>\nAyuda a mantener la regularidad digestiva matutina.<br \/>\nSu uso regular ayuda a tener h\u00e1bitos intestinales saludables.<\/p>\n<p>Ingredientes<br \/>\nHaritaki (Terminalia Chebula) Fruto, Hinojo (Foeniculum Vulgaris) Fruto, Senna (Cassia Angustifolia) Hojas, Yashtimadhu (Glycyrrhiza Glabra) Ra\u00edz, Jengibre (Zingiber Officinale) Rizoma, Amla (Emblica Officinalis) Fruto, Vibhitaki (Terminalia Bellerica) Fruto, Rosa (Rosa Centifolia) Flor, Nishoth (Operculina Turpethum) Ra\u00edz.<\/p>\n<p>Instrucciones de uso<br \/>\nAdultos: tome 1 o 2 c\u00e1psulas\/tabletas de Vege 2 horas despu\u00e9s de las comidas antes de acostarse con agua tibia o leche tibia. Los ni\u00f1os de 6 a 12 a\u00f1os deben tomar la mitad de la dosis.<\/p>\n<p>Concentraci\u00f3n: En este producto se usa un extracto concentrado (no solo un simple polvo de hierba a granel). El extracto mejora significativamente la potencia, la eficacia y los beneficios para la salud.<\/p>\n<p>Instalaci\u00f3n de fabricaci\u00f3n org\u00e1nica certificada por GMP y USDA: probado en laboratorio para la pureza de calidad y los est\u00e1ndares de metales pesados.<\/p>\n<p>Referencias cient\u00edficas<br \/>\nDeterminaci\u00f3n de extractos de semillas (Foeniculum vulgare) por Sweta Rani Lebensm.-Wiss. U.-Tecn. 36 (2003) 263\u2013271<br \/>\nFitoqu\u00edmica, actividades farmacol\u00f3gicas y usos tradicionales de Emblica officinalis: una revisi\u00f3n Md. Rubaiyat Hasan et al International Current Pharmaceutical Journal, enero de 2016, 5(2): 14-21<br \/>\nActividades farmacol\u00f3gicas de Baheda (Terminalia bellerica): una revisi\u00f3n Anindita Deb et al Journal of Pharmacognosy and Phytochemistry 2016; 5(1): 194-197<br \/>\nPotencial farmacol\u00f3gico y terap\u00e9utico de terminalia chebula retzius: una revisi\u00f3n cr\u00edtica de Sarita. M. Kapgate WJ PMR, 2016, 2(6), 226-234.<br \/>\nReferencia Cl\u00e1sica o Govt. Libros Aprobados<\/p>\n","protected":false},"excerpt":{"rendered":"<p><b>Esta combinaci\u00f3n\u00a0Herbal de Senna, Fennel y Gengibre es ideal para mantener la Regularidad. Controla y Elimina las Impurezas Intestinales, Alivia la Constipaci\u00f3n y estabiliza el Sistema Digestivo.<\/b><\/p>\n<p>Debido a los malos h\u00e1bitos diet\u00e9ticos como comer tarde en la noche, el estilo de vida sedentario o la falta de ejercicio, el patr\u00f3n de sue\u00f1o alterado y debido a varias otras causas, los Doshas (humores) se desequilibran y se vician. Vata (Aire) viciado conduce a una digesti\u00f3n inadecuada que a su vez conduce a la formaci\u00f3n de Ama (alimento no digerido) en todos los canales del cuerpo, particularmente en el sistema digestivo. Vata viciado (Aire) tambi\u00e9n causa sequedad y aspereza en el cuerpo. Combinaci\u00f3n ayurv\u00e9dica de hierbas naturales que ayudan a equilibrar el Vata viciado (Aire), Dosha (Humor) y desintoxicar Ama (alimento no digerido).<\/p>\n","protected":false},"featured_media":12900,"template":"","meta":[],"product_brand":[],"product_cat":[19,72],"product_tag":[],"class_list":{"0":"post-10687","1":"product","2":"type-product","3":"status-publish","4":"has-post-thumbnail","6":"product_cat-bienestar","7":"product_cat-detox","9":"first","10":"instock","11":"sale","12":"taxable","13":"shipping-taxable","14":"purchasable","15":"product-type-simple"},"yoast_head":"<!-- This site is optimized with the Yoast SEO plugin v27.4 - https:\/\/yoast.com\/product\/yoast-seo-wordpress\/ -->\n<title>Laxa Komfort - Laxante para el Estre\u00f1imiento Natural<\/title>\n<meta name=\"description\" content=\"Esta combinaci\u00f3n herbal es un laxante en pastillas para el estre\u00f1imiento. Eliminar las impurezas intestinales, alivia la constipaci\u00f3n y alivia el sistema digestivo.\" \/>\n<meta name=\"robots\" content=\"index, follow, max-snippet:-1, max-image-preview:large, max-video-preview:-1\" \/>\n<link rel=\"canonical\" href=\"https:\/\/ultranatulife.com\/?product=laxa-komfort\" \/>\n<meta property=\"og:locale\" content=\"en_US\" \/>\n<meta property=\"og:type\" content=\"article\" \/>\n<meta property=\"og:title\" content=\"Laxa Komfort - Laxante para el Estre\u00f1imiento Natural\" \/>\n<meta property=\"og:description\" content=\"Esta combinaci\u00f3n herbal es un laxante en pastillas para el estre\u00f1imiento. Eliminar las impurezas intestinales, alivia la constipaci\u00f3n y alivia el sistema digestivo.\" \/>\n<meta property=\"og:url\" content=\"https:\/\/ultranatulife.com\/?product=laxa-komfort\" \/>\n<meta property=\"og:site_name\" content=\"Ultra Natu Life\" \/>\n<meta property=\"article:publisher\" content=\"https:\/\/www.facebook.com\/UltraNatulifeSupplements\" \/>\n<meta property=\"article:modified_time\" content=\"2023-07-13T16:35:16+00:00\" \/>\n<meta property=\"og:image\" content=\"https:\/\/ultranatulife.com\/wp-content\/uploads\/2023\/07\/Ultra-New-Render-June-2023-Laxa-Front.png\" \/>\n\t<meta property=\"og:image:width\" content=\"1000\" \/>\n\t<meta property=\"og:image:height\" content=\"1000\" \/>\n\t<meta property=\"og:image:type\" content=\"image\/png\" \/>\n<meta name=\"twitter:card\" content=\"summary_large_image\" \/>\n<meta name=\"twitter:label1\" content=\"Est. reading time\" \/>\n\t<meta name=\"twitter:data1\" content=\"2 minutes\" \/>\n<script type=\"application\/ld+json\" class=\"yoast-schema-graph\">{\"@context\":\"https:\\\/\\\/schema.org\",\"@graph\":[{\"@type\":\"WebPage\",\"@id\":\"https:\\\/\\\/ultranatulife.com\\\/?product=laxa-komfort\",\"url\":\"https:\\\/\\\/ultranatulife.com\\\/?product=laxa-komfort\",\"name\":\"Laxa Komfort - Laxante para el Estre\u00f1imiento Natural\",\"isPartOf\":{\"@id\":\"https:\\\/\\\/ultranatulife.com\\\/#website\"},\"primaryImageOfPage\":{\"@id\":\"https:\\\/\\\/ultranatulife.com\\\/?product=laxa-komfort#primaryimage\"},\"image\":{\"@id\":\"https:\\\/\\\/ultranatulife.com\\\/?product=laxa-komfort#primaryimage\"},\"thumbnailUrl\":\"https:\\\/\\\/ultranatulife.com\\\/wp-content\\\/uploads\\\/2023\\\/07\\\/Ultra-New-Render-June-2023-Laxa-Front.png\",\"datePublished\":\"2023-02-10T14:25:39+00:00\",\"dateModified\":\"2023-07-13T16:35:16+00:00\",\"description\":\"Esta combinaci\u00f3n herbal es un laxante en pastillas para el estre\u00f1imiento. Eliminar las impurezas intestinales, alivia la constipaci\u00f3n y alivia el sistema digestivo.\",\"breadcrumb\":{\"@id\":\"https:\\\/\\\/ultranatulife.com\\\/?product=laxa-komfort#breadcrumb\"},\"inLanguage\":\"en-US\",\"potentialAction\":[{\"@type\":\"ReadAction\",\"target\":[\"https:\\\/\\\/ultranatulife.com\\\/?product=laxa-komfort\"]}]},{\"@type\":\"ImageObject\",\"inLanguage\":\"en-US\",\"@id\":\"https:\\\/\\\/ultranatulife.com\\\/?product=laxa-komfort#primaryimage\",\"url\":\"https:\\\/\\\/ultranatulife.com\\\/wp-content\\\/uploads\\\/2023\\\/07\\\/Ultra-New-Render-June-2023-Laxa-Front.png\",\"contentUrl\":\"https:\\\/\\\/ultranatulife.com\\\/wp-content\\\/uploads\\\/2023\\\/07\\\/Ultra-New-Render-June-2023-Laxa-Front.png\",\"width\":1000,\"height\":1000},{\"@type\":\"BreadcrumbList\",\"@id\":\"https:\\\/\\\/ultranatulife.com\\\/?product=laxa-komfort#breadcrumb\",\"itemListElement\":[{\"@type\":\"ListItem\",\"position\":1,\"name\":\"Portada\",\"item\":\"https:\\\/\\\/ultranatulife.com\\\/\"},{\"@type\":\"ListItem\",\"position\":2,\"name\":\"Productos\",\"item\":\"https:\\\/\\\/ultranatulife.com\\\/?page_id=353\"},{\"@type\":\"ListItem\",\"position\":3,\"name\":\"LAXA KOMFORT\"}]},{\"@type\":\"WebSite\",\"@id\":\"https:\\\/\\\/ultranatulife.com\\\/#website\",\"url\":\"https:\\\/\\\/ultranatulife.com\\\/\",\"name\":\"Ultra NatuLife - Suplementos 100% Naturales\",\"description\":\"Te ofrecemos tratamientos 100% naturales con resultados comprobados. Mejora tu vida con Ultra NatuLife.\",\"publisher\":{\"@id\":\"https:\\\/\\\/ultranatulife.com\\\/#organization\"},\"alternateName\":\"Ultra Natu Life\",\"potentialAction\":[{\"@type\":\"SearchAction\",\"target\":{\"@type\":\"EntryPoint\",\"urlTemplate\":\"https:\\\/\\\/ultranatulife.com\\\/?s={search_term_string}\"},\"query-input\":{\"@type\":\"PropertyValueSpecification\",\"valueRequired\":true,\"valueName\":\"search_term_string\"}}],\"inLanguage\":\"en-US\"},{\"@type\":\"Organization\",\"@id\":\"https:\\\/\\\/ultranatulife.com\\\/#organization\",\"name\":\"Ultra NatuLife - Suplementos 100% Naturales\",\"url\":\"https:\\\/\\\/ultranatulife.com\\\/\",\"logo\":{\"@type\":\"ImageObject\",\"inLanguage\":\"en-US\",\"@id\":\"https:\\\/\\\/ultranatulife.com\\\/#\\\/schema\\\/logo\\\/image\\\/\",\"url\":\"https:\\\/\\\/ultranatulife.com\\\/wp-content\\\/uploads\\\/2023\\\/04\\\/logo-ultra-verde.png\",\"contentUrl\":\"https:\\\/\\\/ultranatulife.com\\\/wp-content\\\/uploads\\\/2023\\\/04\\\/logo-ultra-verde.png\",\"width\":638,\"height\":177,\"caption\":\"Ultra NatuLife - Suplementos 100% Naturales\"},\"image\":{\"@id\":\"https:\\\/\\\/ultranatulife.com\\\/#\\\/schema\\\/logo\\\/image\\\/\"},\"sameAs\":[\"https:\\\/\\\/www.facebook.com\\\/UltraNatulifeSupplements\",\"https:\\\/\\\/www.instagram.com\\\/ultranatulife\\\/\"]}]}<\/script>\n<!-- \/ Yoast SEO plugin. -->","yoast_head_json":{"title":"Laxa Komfort - Laxante para el Estre\u00f1imiento Natural","description":"Esta combinaci\u00f3n herbal es un laxante en pastillas para el estre\u00f1imiento. Eliminar las impurezas intestinales, alivia la constipaci\u00f3n y alivia el sistema digestivo.","robots":{"index":"index","follow":"follow","max-snippet":"max-snippet:-1","max-image-preview":"max-image-preview:large","max-video-preview":"max-video-preview:-1"},"canonical":"https:\/\/ultranatulife.com\/?product=laxa-komfort","og_locale":"en_US","og_type":"article","og_title":"Laxa Komfort - Laxante para el Estre\u00f1imiento Natural","og_description":"Esta combinaci\u00f3n herbal es un laxante en pastillas para el estre\u00f1imiento. Eliminar las impurezas intestinales, alivia la constipaci\u00f3n y alivia el sistema digestivo.","og_url":"https:\/\/ultranatulife.com\/?product=laxa-komfort","og_site_name":"Ultra Natu Life","article_publisher":"https:\/\/www.facebook.com\/UltraNatulifeSupplements","article_modified_time":"2023-07-13T16:35:16+00:00","og_image":[{"width":1000,"height":1000,"url":"https:\/\/ultranatulife.com\/wp-content\/uploads\/2023\/07\/Ultra-New-Render-June-2023-Laxa-Front.png","type":"image\/png"}],"twitter_card":"summary_large_image","twitter_misc":{"Est. reading time":"2 minutes"},"schema":{"@context":"https:\/\/schema.org","@graph":[{"@type":"WebPage","@id":"https:\/\/ultranatulife.com\/?product=laxa-komfort","url":"https:\/\/ultranatulife.com\/?product=laxa-komfort","name":"Laxa Komfort - Laxante para el Estre\u00f1imiento Natural","isPartOf":{"@id":"https:\/\/ultranatulife.com\/#website"},"primaryImageOfPage":{"@id":"https:\/\/ultranatulife.com\/?product=laxa-komfort#primaryimage"},"image":{"@id":"https:\/\/ultranatulife.com\/?product=laxa-komfort#primaryimage"},"thumbnailUrl":"https:\/\/ultranatulife.com\/wp-content\/uploads\/2023\/07\/Ultra-New-Render-June-2023-Laxa-Front.png","datePublished":"2023-02-10T14:25:39+00:00","dateModified":"2023-07-13T16:35:16+00:00","description":"Esta combinaci\u00f3n herbal es un laxante en pastillas para el estre\u00f1imiento. Eliminar las impurezas intestinales, alivia la constipaci\u00f3n y alivia el sistema digestivo.","breadcrumb":{"@id":"https:\/\/ultranatulife.com\/?product=laxa-komfort#breadcrumb"},"inLanguage":"en-US","potentialAction":[{"@type":"ReadAction","target":["https:\/\/ultranatulife.com\/?product=laxa-komfort"]}]},{"@type":"ImageObject","inLanguage":"en-US","@id":"https:\/\/ultranatulife.com\/?product=laxa-komfort#primaryimage","url":"https:\/\/ultranatulife.com\/wp-content\/uploads\/2023\/07\/Ultra-New-Render-June-2023-Laxa-Front.png","contentUrl":"https:\/\/ultranatulife.com\/wp-content\/uploads\/2023\/07\/Ultra-New-Render-June-2023-Laxa-Front.png","width":1000,"height":1000},{"@type":"BreadcrumbList","@id":"https:\/\/ultranatulife.com\/?product=laxa-komfort#breadcrumb","itemListElement":[{"@type":"ListItem","position":1,"name":"Portada","item":"https:\/\/ultranatulife.com\/"},{"@type":"ListItem","position":2,"name":"Productos","item":"https:\/\/ultranatulife.com\/?page_id=353"},{"@type":"ListItem","position":3,"name":"LAXA KOMFORT"}]},{"@type":"WebSite","@id":"https:\/\/ultranatulife.com\/#website","url":"https:\/\/ultranatulife.com\/","name":"Ultra NatuLife - Suplementos 100% Naturales","description":"Te ofrecemos tratamientos 100% naturales con resultados comprobados. Mejora tu vida con Ultra NatuLife.","publisher":{"@id":"https:\/\/ultranatulife.com\/#organization"},"alternateName":"Ultra Natu Life","potentialAction":[{"@type":"SearchAction","target":{"@type":"EntryPoint","urlTemplate":"https:\/\/ultranatulife.com\/?s={search_term_string}"},"query-input":{"@type":"PropertyValueSpecification","valueRequired":true,"valueName":"search_term_string"}}],"inLanguage":"en-US"},{"@type":"Organization","@id":"https:\/\/ultranatulife.com\/#organization","name":"Ultra NatuLife - Suplementos 100% Naturales","url":"https:\/\/ultranatulife.com\/","logo":{"@type":"ImageObject","inLanguage":"en-US","@id":"https:\/\/ultranatulife.com\/#\/schema\/logo\/image\/","url":"https:\/\/ultranatulife.com\/wp-content\/uploads\/2023\/04\/logo-ultra-verde.png","contentUrl":"https:\/\/ultranatulife.com\/wp-content\/uploads\/2023\/04\/logo-ultra-verde.png","width":638,"height":177,"caption":"Ultra NatuLife - Suplementos 100% Naturales"},"image":{"@id":"https:\/\/ultranatulife.com\/#\/schema\/logo\/image\/"},"sameAs":["https:\/\/www.facebook.com\/UltraNatulifeSupplements","https:\/\/www.instagram.com\/ultranatulife\/"]}]}},"_links":{"self":[{"href":"https:\/\/ultranatulife.com\/index.php?rest_route=\/wp\/v2\/product\/10687","targetHints":{"allow":["GET"]}}],"collection":[{"href":"https:\/\/ultranatulife.com\/index.php?rest_route=\/wp\/v2\/product"}],"about":[{"href":"https:\/\/ultranatulife.com\/index.php?rest_route=\/wp\/v2\/types\/product"}],"version-history":[{"count":4,"href":"https:\/\/ultranatulife.com\/index.php?rest_route=\/wp\/v2\/product\/10687\/revisions"}],"predecessor-version":[{"id":12694,"href":"https:\/\/ultranatulife.com\/index.php?rest_route=\/wp\/v2\/product\/10687\/revisions\/12694"}],"wp:featuredmedia":[{"embeddable":true,"href":"https:\/\/ultranatulife.com\/index.php?rest_route=\/wp\/v2\/media\/12900"}],"wp:attachment":[{"href":"https:\/\/ultranatulife.com\/index.php?rest_route=%2Fwp%2Fv2%2Fmedia&parent=10687"}],"wp:term":[{"taxonomy":"product_brand","embeddable":true,"href":"https:\/\/ultranatulife.com\/index.php?rest_route=%2Fwp%2Fv2%2Fproduct_brand&post=10687"},{"taxonomy":"product_cat","embeddable":true,"href":"https:\/\/ultranatulife.com\/index.php?rest_route=%2Fwp%2Fv2%2Fproduct_cat&post=10687"},{"taxonomy":"product_tag","embeddable":true,"href":"https:\/\/ultranatulife.com\/index.php?rest_route=%2Fwp%2Fv2%2Fproduct_tag&post=10687"}],"curies":[{"name":"wp","href":"https:\/\/api.w.org\/{rel}","templated":true}]}}