{"id":10691,"date":"2023-02-10T09:28:46","date_gmt":"2023-02-10T14:28:46","guid":{"rendered":"https:\/\/ultranatulife.com\/?post_type=product&#038;p=10691"},"modified":"2023-07-10T12:55:52","modified_gmt":"2023-07-10T17:55:52","slug":"diabetes-aid","status":"publish","type":"product","link":"https:\/\/ultranatulife.com\/?product=diabetes-aid","title":{"rendered":"DIABETES -AID"},"content":{"rendered":"<p><b>La Gymmena Sylvestre Controla los niveles de Absorci\u00f3n de Azucares, Grasas y los Niveles de Glucosa en nuestro Sistema Sangu\u00edneo. Ayuda a controlar la Obesidad e Incrementa la Producci\u00f3n de Insulina en nuestras cuerpos. <\/b><br \/>\n<strong>\u00a0<\/strong><\/p>\n","protected":false},"excerpt":{"rendered":"<p>Ayuda a mantener un metabolismo saludable. Ayuda a controlar la absorci\u00f3n de carbohidratos en los intestinos, suprime el sabor del az\u00facar. Salva el cuerpo de los efectos nocivos. Detiene los antojos de az\u00facar. Gymnema Sylvestre, cuyo nombre en s\u00e1nscrito es \u201cGurmar\u201d, significa literalmente \u201cDestructor de az\u00facar\u201d.<br \/>\nSe ha utilizado de forma segura durante siglos en Ayurveda (Sistema Herbolario Indio) como parte de la dieta diaria para ayudar a mantener niveles saludables de az\u00facar en la sangre.<br \/>\nDebido a su potencia caliente, ayuda a equilibrar Vata (Aire) y Kafa (Agua). Si uno come algunas hojas de Gurmar, tiene la capacidad de detener la sensaci\u00f3n de sabor dulce de la lengua por alg\u00fan tiempo. Tambi\u00e9n se ha dicho que es una hierba rejuvenecedora . Se ha usado con seguridad durante siglos en ayurveda como parte de la dieta diaria.<\/p>\n<p>Act\u00faa como suplemento diet\u00e9tico.<br \/>\nNeutraliza el efecto de los dulces.<br \/>\nT\u00f3nico pancre\u00e1tico.<br \/>\nMantiene el p\u00e1ncreas saludable.<\/p>\n","protected":false},"featured_media":12892,"template":"","meta":[],"product_brand":[],"product_cat":[19,68],"product_tag":[],"class_list":{"0":"post-10691","1":"product","2":"type-product","3":"status-publish","4":"has-post-thumbnail","6":"product_cat-bienestar","7":"product_cat-control-azucar","9":"first","10":"instock","11":"sale","12":"taxable","13":"shipping-taxable","14":"purchasable","15":"product-type-simple"},"yoast_head":"<!-- This site is optimized with the Yoast SEO plugin v27.4 - https:\/\/yoast.com\/product\/yoast-seo-wordpress\/ -->\n<title>Diabetes-Aid - Tratamiento Natural para Diabetes - Ultra NatuLife<\/title>\n<meta name=\"description\" content=\"Ayuda a mantener un metabolismo saludable y controlar la absorci\u00f3n de carbohidratos y niveles de glucosa. Detiene los antojos de az\u00facar. 100% natural.\" \/>\n<meta name=\"robots\" content=\"index, follow, max-snippet:-1, max-image-preview:large, max-video-preview:-1\" \/>\n<link rel=\"canonical\" href=\"https:\/\/ultranatulife.com\/?product=diabetes-aid\" \/>\n<meta property=\"og:locale\" content=\"en_US\" \/>\n<meta property=\"og:type\" content=\"article\" \/>\n<meta property=\"og:title\" content=\"Diabetes-Aid - Tratamiento Natural para Diabetes - Ultra NatuLife\" \/>\n<meta property=\"og:description\" content=\"Ayuda a mantener un metabolismo saludable y controlar la absorci\u00f3n de carbohidratos y niveles de glucosa. Detiene los antojos de az\u00facar. 100% natural.\" \/>\n<meta property=\"og:url\" content=\"https:\/\/ultranatulife.com\/?product=diabetes-aid\" \/>\n<meta property=\"og:site_name\" content=\"Ultra Natu Life\" \/>\n<meta property=\"article:publisher\" content=\"https:\/\/www.facebook.com\/UltraNatulifeSupplements\" \/>\n<meta property=\"article:modified_time\" content=\"2023-07-10T17:55:52+00:00\" \/>\n<meta property=\"og:image\" content=\"https:\/\/ultranatulife.com\/wp-content\/uploads\/2023\/07\/Ultra-New-Render-June-2023-Diabetes-Front.png\" \/>\n\t<meta property=\"og:image:width\" content=\"1000\" \/>\n\t<meta property=\"og:image:height\" content=\"1000\" \/>\n\t<meta property=\"og:image:type\" content=\"image\/png\" \/>\n<meta name=\"twitter:card\" content=\"summary_large_image\" \/>\n<meta name=\"twitter:label1\" content=\"Est. reading time\" \/>\n\t<meta name=\"twitter:data1\" content=\"1 minute\" \/>\n<script type=\"application\/ld+json\" class=\"yoast-schema-graph\">{\"@context\":\"https:\\\/\\\/schema.org\",\"@graph\":[{\"@type\":\"WebPage\",\"@id\":\"https:\\\/\\\/ultranatulife.com\\\/?product=diabetes-aid\",\"url\":\"https:\\\/\\\/ultranatulife.com\\\/?product=diabetes-aid\",\"name\":\"Diabetes-Aid - Tratamiento Natural para Diabetes - Ultra NatuLife\",\"isPartOf\":{\"@id\":\"https:\\\/\\\/ultranatulife.com\\\/#website\"},\"primaryImageOfPage\":{\"@id\":\"https:\\\/\\\/ultranatulife.com\\\/?product=diabetes-aid#primaryimage\"},\"image\":{\"@id\":\"https:\\\/\\\/ultranatulife.com\\\/?product=diabetes-aid#primaryimage\"},\"thumbnailUrl\":\"https:\\\/\\\/ultranatulife.com\\\/wp-content\\\/uploads\\\/2023\\\/07\\\/Ultra-New-Render-June-2023-Diabetes-Front.png\",\"datePublished\":\"2023-02-10T14:28:46+00:00\",\"dateModified\":\"2023-07-10T17:55:52+00:00\",\"description\":\"Ayuda a mantener un metabolismo saludable y controlar la absorci\u00f3n de carbohidratos y niveles de glucosa. Detiene los antojos de az\u00facar. 100% natural.\",\"breadcrumb\":{\"@id\":\"https:\\\/\\\/ultranatulife.com\\\/?product=diabetes-aid#breadcrumb\"},\"inLanguage\":\"en-US\",\"potentialAction\":[{\"@type\":\"ReadAction\",\"target\":[\"https:\\\/\\\/ultranatulife.com\\\/?product=diabetes-aid\"]}]},{\"@type\":\"ImageObject\",\"inLanguage\":\"en-US\",\"@id\":\"https:\\\/\\\/ultranatulife.com\\\/?product=diabetes-aid#primaryimage\",\"url\":\"https:\\\/\\\/ultranatulife.com\\\/wp-content\\\/uploads\\\/2023\\\/07\\\/Ultra-New-Render-June-2023-Diabetes-Front.png\",\"contentUrl\":\"https:\\\/\\\/ultranatulife.com\\\/wp-content\\\/uploads\\\/2023\\\/07\\\/Ultra-New-Render-June-2023-Diabetes-Front.png\",\"width\":1000,\"height\":1000},{\"@type\":\"BreadcrumbList\",\"@id\":\"https:\\\/\\\/ultranatulife.com\\\/?product=diabetes-aid#breadcrumb\",\"itemListElement\":[{\"@type\":\"ListItem\",\"position\":1,\"name\":\"Portada\",\"item\":\"https:\\\/\\\/ultranatulife.com\\\/\"},{\"@type\":\"ListItem\",\"position\":2,\"name\":\"Productos\",\"item\":\"https:\\\/\\\/ultranatulife.com\\\/?page_id=353\"},{\"@type\":\"ListItem\",\"position\":3,\"name\":\"DIABETES -AID\"}]},{\"@type\":\"WebSite\",\"@id\":\"https:\\\/\\\/ultranatulife.com\\\/#website\",\"url\":\"https:\\\/\\\/ultranatulife.com\\\/\",\"name\":\"Ultra NatuLife - Suplementos 100% Naturales\",\"description\":\"Te ofrecemos tratamientos 100% naturales con resultados comprobados. Mejora tu vida con Ultra NatuLife.\",\"publisher\":{\"@id\":\"https:\\\/\\\/ultranatulife.com\\\/#organization\"},\"alternateName\":\"Ultra Natu Life\",\"potentialAction\":[{\"@type\":\"SearchAction\",\"target\":{\"@type\":\"EntryPoint\",\"urlTemplate\":\"https:\\\/\\\/ultranatulife.com\\\/?s={search_term_string}\"},\"query-input\":{\"@type\":\"PropertyValueSpecification\",\"valueRequired\":true,\"valueName\":\"search_term_string\"}}],\"inLanguage\":\"en-US\"},{\"@type\":\"Organization\",\"@id\":\"https:\\\/\\\/ultranatulife.com\\\/#organization\",\"name\":\"Ultra NatuLife - Suplementos 100% Naturales\",\"url\":\"https:\\\/\\\/ultranatulife.com\\\/\",\"logo\":{\"@type\":\"ImageObject\",\"inLanguage\":\"en-US\",\"@id\":\"https:\\\/\\\/ultranatulife.com\\\/#\\\/schema\\\/logo\\\/image\\\/\",\"url\":\"https:\\\/\\\/ultranatulife.com\\\/wp-content\\\/uploads\\\/2023\\\/04\\\/logo-ultra-verde.png\",\"contentUrl\":\"https:\\\/\\\/ultranatulife.com\\\/wp-content\\\/uploads\\\/2023\\\/04\\\/logo-ultra-verde.png\",\"width\":638,\"height\":177,\"caption\":\"Ultra NatuLife - Suplementos 100% Naturales\"},\"image\":{\"@id\":\"https:\\\/\\\/ultranatulife.com\\\/#\\\/schema\\\/logo\\\/image\\\/\"},\"sameAs\":[\"https:\\\/\\\/www.facebook.com\\\/UltraNatulifeSupplements\",\"https:\\\/\\\/www.instagram.com\\\/ultranatulife\\\/\"]}]}<\/script>\n<!-- \/ Yoast SEO plugin. -->","yoast_head_json":{"title":"Diabetes-Aid - Tratamiento Natural para Diabetes - Ultra NatuLife","description":"Ayuda a mantener un metabolismo saludable y controlar la absorci\u00f3n de carbohidratos y niveles de glucosa. Detiene los antojos de az\u00facar. 100% natural.","robots":{"index":"index","follow":"follow","max-snippet":"max-snippet:-1","max-image-preview":"max-image-preview:large","max-video-preview":"max-video-preview:-1"},"canonical":"https:\/\/ultranatulife.com\/?product=diabetes-aid","og_locale":"en_US","og_type":"article","og_title":"Diabetes-Aid - Tratamiento Natural para Diabetes - Ultra NatuLife","og_description":"Ayuda a mantener un metabolismo saludable y controlar la absorci\u00f3n de carbohidratos y niveles de glucosa. Detiene los antojos de az\u00facar. 100% natural.","og_url":"https:\/\/ultranatulife.com\/?product=diabetes-aid","og_site_name":"Ultra Natu Life","article_publisher":"https:\/\/www.facebook.com\/UltraNatulifeSupplements","article_modified_time":"2023-07-10T17:55:52+00:00","og_image":[{"width":1000,"height":1000,"url":"https:\/\/ultranatulife.com\/wp-content\/uploads\/2023\/07\/Ultra-New-Render-June-2023-Diabetes-Front.png","type":"image\/png"}],"twitter_card":"summary_large_image","twitter_misc":{"Est. reading time":"1 minute"},"schema":{"@context":"https:\/\/schema.org","@graph":[{"@type":"WebPage","@id":"https:\/\/ultranatulife.com\/?product=diabetes-aid","url":"https:\/\/ultranatulife.com\/?product=diabetes-aid","name":"Diabetes-Aid - Tratamiento Natural para Diabetes - Ultra NatuLife","isPartOf":{"@id":"https:\/\/ultranatulife.com\/#website"},"primaryImageOfPage":{"@id":"https:\/\/ultranatulife.com\/?product=diabetes-aid#primaryimage"},"image":{"@id":"https:\/\/ultranatulife.com\/?product=diabetes-aid#primaryimage"},"thumbnailUrl":"https:\/\/ultranatulife.com\/wp-content\/uploads\/2023\/07\/Ultra-New-Render-June-2023-Diabetes-Front.png","datePublished":"2023-02-10T14:28:46+00:00","dateModified":"2023-07-10T17:55:52+00:00","description":"Ayuda a mantener un metabolismo saludable y controlar la absorci\u00f3n de carbohidratos y niveles de glucosa. Detiene los antojos de az\u00facar. 100% natural.","breadcrumb":{"@id":"https:\/\/ultranatulife.com\/?product=diabetes-aid#breadcrumb"},"inLanguage":"en-US","potentialAction":[{"@type":"ReadAction","target":["https:\/\/ultranatulife.com\/?product=diabetes-aid"]}]},{"@type":"ImageObject","inLanguage":"en-US","@id":"https:\/\/ultranatulife.com\/?product=diabetes-aid#primaryimage","url":"https:\/\/ultranatulife.com\/wp-content\/uploads\/2023\/07\/Ultra-New-Render-June-2023-Diabetes-Front.png","contentUrl":"https:\/\/ultranatulife.com\/wp-content\/uploads\/2023\/07\/Ultra-New-Render-June-2023-Diabetes-Front.png","width":1000,"height":1000},{"@type":"BreadcrumbList","@id":"https:\/\/ultranatulife.com\/?product=diabetes-aid#breadcrumb","itemListElement":[{"@type":"ListItem","position":1,"name":"Portada","item":"https:\/\/ultranatulife.com\/"},{"@type":"ListItem","position":2,"name":"Productos","item":"https:\/\/ultranatulife.com\/?page_id=353"},{"@type":"ListItem","position":3,"name":"DIABETES -AID"}]},{"@type":"WebSite","@id":"https:\/\/ultranatulife.com\/#website","url":"https:\/\/ultranatulife.com\/","name":"Ultra NatuLife - Suplementos 100% Naturales","description":"Te ofrecemos tratamientos 100% naturales con resultados comprobados. Mejora tu vida con Ultra NatuLife.","publisher":{"@id":"https:\/\/ultranatulife.com\/#organization"},"alternateName":"Ultra Natu Life","potentialAction":[{"@type":"SearchAction","target":{"@type":"EntryPoint","urlTemplate":"https:\/\/ultranatulife.com\/?s={search_term_string}"},"query-input":{"@type":"PropertyValueSpecification","valueRequired":true,"valueName":"search_term_string"}}],"inLanguage":"en-US"},{"@type":"Organization","@id":"https:\/\/ultranatulife.com\/#organization","name":"Ultra NatuLife - Suplementos 100% Naturales","url":"https:\/\/ultranatulife.com\/","logo":{"@type":"ImageObject","inLanguage":"en-US","@id":"https:\/\/ultranatulife.com\/#\/schema\/logo\/image\/","url":"https:\/\/ultranatulife.com\/wp-content\/uploads\/2023\/04\/logo-ultra-verde.png","contentUrl":"https:\/\/ultranatulife.com\/wp-content\/uploads\/2023\/04\/logo-ultra-verde.png","width":638,"height":177,"caption":"Ultra NatuLife - Suplementos 100% Naturales"},"image":{"@id":"https:\/\/ultranatulife.com\/#\/schema\/logo\/image\/"},"sameAs":["https:\/\/www.facebook.com\/UltraNatulifeSupplements","https:\/\/www.instagram.com\/ultranatulife\/"]}]}},"_links":{"self":[{"href":"https:\/\/ultranatulife.com\/index.php?rest_route=\/wp\/v2\/product\/10691","targetHints":{"allow":["GET"]}}],"collection":[{"href":"https:\/\/ultranatulife.com\/index.php?rest_route=\/wp\/v2\/product"}],"about":[{"href":"https:\/\/ultranatulife.com\/index.php?rest_route=\/wp\/v2\/types\/product"}],"version-history":[{"count":7,"href":"https:\/\/ultranatulife.com\/index.php?rest_route=\/wp\/v2\/product\/10691\/revisions"}],"predecessor-version":[{"id":12151,"href":"https:\/\/ultranatulife.com\/index.php?rest_route=\/wp\/v2\/product\/10691\/revisions\/12151"}],"wp:featuredmedia":[{"embeddable":true,"href":"https:\/\/ultranatulife.com\/index.php?rest_route=\/wp\/v2\/media\/12892"}],"wp:attachment":[{"href":"https:\/\/ultranatulife.com\/index.php?rest_route=%2Fwp%2Fv2%2Fmedia&parent=10691"}],"wp:term":[{"taxonomy":"product_brand","embeddable":true,"href":"https:\/\/ultranatulife.com\/index.php?rest_route=%2Fwp%2Fv2%2Fproduct_brand&post=10691"},{"taxonomy":"product_cat","embeddable":true,"href":"https:\/\/ultranatulife.com\/index.php?rest_route=%2Fwp%2Fv2%2Fproduct_cat&post=10691"},{"taxonomy":"product_tag","embeddable":true,"href":"https:\/\/ultranatulife.com\/index.php?rest_route=%2Fwp%2Fv2%2Fproduct_tag&post=10691"}],"curies":[{"name":"wp","href":"https:\/\/api.w.org\/{rel}","templated":true}]}}