{"id":10693,"date":"2023-02-10T09:30:21","date_gmt":"2023-02-10T14:30:21","guid":{"rendered":"https:\/\/ultranatulife.com\/?post_type=product&#038;p=10693"},"modified":"2023-07-13T11:41:55","modified_gmt":"2023-07-13T16:41:55","slug":"liver-aid","status":"publish","type":"product","link":"https:\/\/ultranatulife.com\/?product=liver-aid","title":{"rendered":"LIVER-AID"},"content":{"rendered":"<p><strong>Ayuda a Mejorar el Sistema Hep\u00e1tico al limpiar Impurezas y regular las funciones de nuestro H\u00edgado y proveer y mantener altos niveles de Energ\u00eda. <\/strong><\/p>\n<p><strong>\u00a0<\/strong><\/p>\n<p>Instrucciones de uso<br \/>\nTomar 1 o 2 C\u00e1psulas\/Tabletas Vege 2 \u00f3 3 veces al d\u00eda con agua. La dosis se puede ajustar o disminuir seg\u00fan los requisitos m\u00e1s adelante. Los ni\u00f1os mayores de 7 a\u00f1os deben tomar la mitad de la dosis.<\/p>\n<p>En todos los problemas asociados al h\u00edgado, se recomienda el uso de Liver AID.<\/p>\n<p>Referencias cient\u00edficas<br \/>\nJoselin J, Jeeva S (2014) Andrographis paniculata: una revisi\u00f3n de sus usos tradicionales, fitoqu\u00edmica y farmacolog\u00eda. Plantas Med Arom\u00e1ticas 3: 169<br \/>\nGovindarajan M (2011) Evaluaci\u00f3n de Andrographis paniculata Burm.f. (Familia: Acanthaceae) extractos contra Culex quinquefasciatus (Say.) y Aedes aegypti (Linn.) (Diptera: Culicidae). Asia Pac J Trop Med 4: 176-181.<br \/>\nHuang TK (1994) Manual de composiciones y farmacolog\u00eda de la medicina tradicional china; Beijing: China Medical and Technology Press.<br \/>\nWeninger, B., Rouzier., R M., Henrys, D D.: Medicina popular de la Meseta de Hait\u00ed. 2 Inventario etnofarmacol\u00f3gico, J. Ethnopharmacol. 17(1): 13-30. (1986)<br \/>\nSircar, N N .: Farmacoterap\u00e9utica de las drogas Dasemani, Ancient Sci. Vida. 3(3): 132-135. . (1984).<br \/>\nReferencia Cl\u00e1sica o Govt. Libros Aprobados<\/p>\n","protected":false},"excerpt":{"rendered":"<p>Liver- Aid Protector hep\u00e1tico, corrector y tiene efecto regenerador de las c\u00e9lulas muertas del h\u00edgado. Estimula la regeneraci\u00f3n del h\u00edgado, tiene efectos purgantes de la bilis y act\u00faa como Pitta-Nashaka (destructor de Pitta (Fuego)) y Pitta-Shamka, reduce Pitta (Fuego). Acci\u00f3n especial sobre las hepatitis virales por sus propiedades antivirales. Por lo tanto, al mantener el Pitta (Fuego) en su estado equilibrado y debido a su acci\u00f3n hepatoprotectora, Liver- Aid es capaz de tratar todos los problemas hep\u00e1ticos.<\/p>\n","protected":false},"featured_media":12904,"template":"","meta":[],"product_brand":[],"product_cat":[19,71,72],"product_tag":[],"class_list":{"0":"post-10693","1":"product","2":"type-product","3":"status-publish","4":"has-post-thumbnail","6":"product_cat-bienestar","7":"product_cat-colesterol-y-trigliceridos","8":"product_cat-detox","10":"first","11":"instock","12":"sale","13":"taxable","14":"shipping-taxable","15":"purchasable","16":"product-type-simple"},"yoast_head":"<!-- This site is optimized with the Yoast SEO plugin v27.4 - https:\/\/yoast.com\/product\/yoast-seo-wordpress\/ -->\n<title>Liver-Aid - Suplemento para el H\u00edgado y Energizante Natural<\/title>\n<meta name=\"description\" content=\"Liver- Aid es un protector hep\u00e1tico 100% natural. Estimula la regeneraci\u00f3n del h\u00edgado, tiene efectos purgantes de la bilis y act\u00faa como energizante natural.\" \/>\n<meta name=\"robots\" content=\"index, follow, max-snippet:-1, max-image-preview:large, max-video-preview:-1\" \/>\n<link rel=\"canonical\" href=\"https:\/\/ultranatulife.com\/?product=liver-aid\" \/>\n<meta property=\"og:locale\" content=\"en_US\" \/>\n<meta property=\"og:type\" content=\"article\" \/>\n<meta property=\"og:title\" content=\"Liver-Aid - Suplemento para el H\u00edgado y Energizante Natural\" \/>\n<meta property=\"og:description\" content=\"Liver- Aid es un protector hep\u00e1tico 100% natural. Estimula la regeneraci\u00f3n del h\u00edgado, tiene efectos purgantes de la bilis y act\u00faa como energizante natural.\" \/>\n<meta property=\"og:url\" content=\"https:\/\/ultranatulife.com\/?product=liver-aid\" \/>\n<meta property=\"og:site_name\" content=\"Ultra Natu Life\" \/>\n<meta property=\"article:publisher\" content=\"https:\/\/www.facebook.com\/UltraNatulifeSupplements\" \/>\n<meta property=\"article:modified_time\" content=\"2023-07-13T16:41:55+00:00\" \/>\n<meta property=\"og:image\" content=\"https:\/\/ultranatulife.com\/wp-content\/uploads\/2023\/07\/Ultra-New-Render-June-2023-Liver-Front.png\" \/>\n\t<meta property=\"og:image:width\" content=\"1000\" \/>\n\t<meta property=\"og:image:height\" content=\"1000\" \/>\n\t<meta property=\"og:image:type\" content=\"image\/png\" \/>\n<meta name=\"twitter:card\" content=\"summary_large_image\" \/>\n<meta name=\"twitter:label1\" content=\"Est. reading time\" \/>\n\t<meta name=\"twitter:data1\" content=\"1 minute\" \/>\n<script type=\"application\/ld+json\" class=\"yoast-schema-graph\">{\"@context\":\"https:\\\/\\\/schema.org\",\"@graph\":[{\"@type\":\"WebPage\",\"@id\":\"https:\\\/\\\/ultranatulife.com\\\/?product=liver-aid\",\"url\":\"https:\\\/\\\/ultranatulife.com\\\/?product=liver-aid\",\"name\":\"Liver-Aid - Suplemento para el H\u00edgado y Energizante Natural\",\"isPartOf\":{\"@id\":\"https:\\\/\\\/ultranatulife.com\\\/#website\"},\"primaryImageOfPage\":{\"@id\":\"https:\\\/\\\/ultranatulife.com\\\/?product=liver-aid#primaryimage\"},\"image\":{\"@id\":\"https:\\\/\\\/ultranatulife.com\\\/?product=liver-aid#primaryimage\"},\"thumbnailUrl\":\"https:\\\/\\\/ultranatulife.com\\\/wp-content\\\/uploads\\\/2023\\\/07\\\/Ultra-New-Render-June-2023-Liver-Front.png\",\"datePublished\":\"2023-02-10T14:30:21+00:00\",\"dateModified\":\"2023-07-13T16:41:55+00:00\",\"description\":\"Liver- Aid es un protector hep\u00e1tico 100% natural. Estimula la regeneraci\u00f3n del h\u00edgado, tiene efectos purgantes de la bilis y act\u00faa como energizante natural.\",\"breadcrumb\":{\"@id\":\"https:\\\/\\\/ultranatulife.com\\\/?product=liver-aid#breadcrumb\"},\"inLanguage\":\"en-US\",\"potentialAction\":[{\"@type\":\"ReadAction\",\"target\":[\"https:\\\/\\\/ultranatulife.com\\\/?product=liver-aid\"]}]},{\"@type\":\"ImageObject\",\"inLanguage\":\"en-US\",\"@id\":\"https:\\\/\\\/ultranatulife.com\\\/?product=liver-aid#primaryimage\",\"url\":\"https:\\\/\\\/ultranatulife.com\\\/wp-content\\\/uploads\\\/2023\\\/07\\\/Ultra-New-Render-June-2023-Liver-Front.png\",\"contentUrl\":\"https:\\\/\\\/ultranatulife.com\\\/wp-content\\\/uploads\\\/2023\\\/07\\\/Ultra-New-Render-June-2023-Liver-Front.png\",\"width\":1000,\"height\":1000},{\"@type\":\"BreadcrumbList\",\"@id\":\"https:\\\/\\\/ultranatulife.com\\\/?product=liver-aid#breadcrumb\",\"itemListElement\":[{\"@type\":\"ListItem\",\"position\":1,\"name\":\"Portada\",\"item\":\"https:\\\/\\\/ultranatulife.com\\\/\"},{\"@type\":\"ListItem\",\"position\":2,\"name\":\"Productos\",\"item\":\"https:\\\/\\\/ultranatulife.com\\\/?page_id=353\"},{\"@type\":\"ListItem\",\"position\":3,\"name\":\"LIVER-AID\"}]},{\"@type\":\"WebSite\",\"@id\":\"https:\\\/\\\/ultranatulife.com\\\/#website\",\"url\":\"https:\\\/\\\/ultranatulife.com\\\/\",\"name\":\"Ultra NatuLife - Suplementos 100% Naturales\",\"description\":\"Te ofrecemos tratamientos 100% naturales con resultados comprobados. Mejora tu vida con Ultra NatuLife.\",\"publisher\":{\"@id\":\"https:\\\/\\\/ultranatulife.com\\\/#organization\"},\"alternateName\":\"Ultra Natu Life\",\"potentialAction\":[{\"@type\":\"SearchAction\",\"target\":{\"@type\":\"EntryPoint\",\"urlTemplate\":\"https:\\\/\\\/ultranatulife.com\\\/?s={search_term_string}\"},\"query-input\":{\"@type\":\"PropertyValueSpecification\",\"valueRequired\":true,\"valueName\":\"search_term_string\"}}],\"inLanguage\":\"en-US\"},{\"@type\":\"Organization\",\"@id\":\"https:\\\/\\\/ultranatulife.com\\\/#organization\",\"name\":\"Ultra NatuLife - Suplementos 100% Naturales\",\"url\":\"https:\\\/\\\/ultranatulife.com\\\/\",\"logo\":{\"@type\":\"ImageObject\",\"inLanguage\":\"en-US\",\"@id\":\"https:\\\/\\\/ultranatulife.com\\\/#\\\/schema\\\/logo\\\/image\\\/\",\"url\":\"https:\\\/\\\/ultranatulife.com\\\/wp-content\\\/uploads\\\/2023\\\/04\\\/logo-ultra-verde.png\",\"contentUrl\":\"https:\\\/\\\/ultranatulife.com\\\/wp-content\\\/uploads\\\/2023\\\/04\\\/logo-ultra-verde.png\",\"width\":638,\"height\":177,\"caption\":\"Ultra NatuLife - Suplementos 100% Naturales\"},\"image\":{\"@id\":\"https:\\\/\\\/ultranatulife.com\\\/#\\\/schema\\\/logo\\\/image\\\/\"},\"sameAs\":[\"https:\\\/\\\/www.facebook.com\\\/UltraNatulifeSupplements\",\"https:\\\/\\\/www.instagram.com\\\/ultranatulife\\\/\"]}]}<\/script>\n<!-- \/ Yoast SEO plugin. -->","yoast_head_json":{"title":"Liver-Aid - Suplemento para el H\u00edgado y Energizante Natural","description":"Liver- Aid es un protector hep\u00e1tico 100% natural. Estimula la regeneraci\u00f3n del h\u00edgado, tiene efectos purgantes de la bilis y act\u00faa como energizante natural.","robots":{"index":"index","follow":"follow","max-snippet":"max-snippet:-1","max-image-preview":"max-image-preview:large","max-video-preview":"max-video-preview:-1"},"canonical":"https:\/\/ultranatulife.com\/?product=liver-aid","og_locale":"en_US","og_type":"article","og_title":"Liver-Aid - Suplemento para el H\u00edgado y Energizante Natural","og_description":"Liver- Aid es un protector hep\u00e1tico 100% natural. Estimula la regeneraci\u00f3n del h\u00edgado, tiene efectos purgantes de la bilis y act\u00faa como energizante natural.","og_url":"https:\/\/ultranatulife.com\/?product=liver-aid","og_site_name":"Ultra Natu Life","article_publisher":"https:\/\/www.facebook.com\/UltraNatulifeSupplements","article_modified_time":"2023-07-13T16:41:55+00:00","og_image":[{"width":1000,"height":1000,"url":"https:\/\/ultranatulife.com\/wp-content\/uploads\/2023\/07\/Ultra-New-Render-June-2023-Liver-Front.png","type":"image\/png"}],"twitter_card":"summary_large_image","twitter_misc":{"Est. reading time":"1 minute"},"schema":{"@context":"https:\/\/schema.org","@graph":[{"@type":"WebPage","@id":"https:\/\/ultranatulife.com\/?product=liver-aid","url":"https:\/\/ultranatulife.com\/?product=liver-aid","name":"Liver-Aid - Suplemento para el H\u00edgado y Energizante Natural","isPartOf":{"@id":"https:\/\/ultranatulife.com\/#website"},"primaryImageOfPage":{"@id":"https:\/\/ultranatulife.com\/?product=liver-aid#primaryimage"},"image":{"@id":"https:\/\/ultranatulife.com\/?product=liver-aid#primaryimage"},"thumbnailUrl":"https:\/\/ultranatulife.com\/wp-content\/uploads\/2023\/07\/Ultra-New-Render-June-2023-Liver-Front.png","datePublished":"2023-02-10T14:30:21+00:00","dateModified":"2023-07-13T16:41:55+00:00","description":"Liver- Aid es un protector hep\u00e1tico 100% natural. Estimula la regeneraci\u00f3n del h\u00edgado, tiene efectos purgantes de la bilis y act\u00faa como energizante natural.","breadcrumb":{"@id":"https:\/\/ultranatulife.com\/?product=liver-aid#breadcrumb"},"inLanguage":"en-US","potentialAction":[{"@type":"ReadAction","target":["https:\/\/ultranatulife.com\/?product=liver-aid"]}]},{"@type":"ImageObject","inLanguage":"en-US","@id":"https:\/\/ultranatulife.com\/?product=liver-aid#primaryimage","url":"https:\/\/ultranatulife.com\/wp-content\/uploads\/2023\/07\/Ultra-New-Render-June-2023-Liver-Front.png","contentUrl":"https:\/\/ultranatulife.com\/wp-content\/uploads\/2023\/07\/Ultra-New-Render-June-2023-Liver-Front.png","width":1000,"height":1000},{"@type":"BreadcrumbList","@id":"https:\/\/ultranatulife.com\/?product=liver-aid#breadcrumb","itemListElement":[{"@type":"ListItem","position":1,"name":"Portada","item":"https:\/\/ultranatulife.com\/"},{"@type":"ListItem","position":2,"name":"Productos","item":"https:\/\/ultranatulife.com\/?page_id=353"},{"@type":"ListItem","position":3,"name":"LIVER-AID"}]},{"@type":"WebSite","@id":"https:\/\/ultranatulife.com\/#website","url":"https:\/\/ultranatulife.com\/","name":"Ultra NatuLife - Suplementos 100% Naturales","description":"Te ofrecemos tratamientos 100% naturales con resultados comprobados. Mejora tu vida con Ultra NatuLife.","publisher":{"@id":"https:\/\/ultranatulife.com\/#organization"},"alternateName":"Ultra Natu Life","potentialAction":[{"@type":"SearchAction","target":{"@type":"EntryPoint","urlTemplate":"https:\/\/ultranatulife.com\/?s={search_term_string}"},"query-input":{"@type":"PropertyValueSpecification","valueRequired":true,"valueName":"search_term_string"}}],"inLanguage":"en-US"},{"@type":"Organization","@id":"https:\/\/ultranatulife.com\/#organization","name":"Ultra NatuLife - Suplementos 100% Naturales","url":"https:\/\/ultranatulife.com\/","logo":{"@type":"ImageObject","inLanguage":"en-US","@id":"https:\/\/ultranatulife.com\/#\/schema\/logo\/image\/","url":"https:\/\/ultranatulife.com\/wp-content\/uploads\/2023\/04\/logo-ultra-verde.png","contentUrl":"https:\/\/ultranatulife.com\/wp-content\/uploads\/2023\/04\/logo-ultra-verde.png","width":638,"height":177,"caption":"Ultra NatuLife - Suplementos 100% Naturales"},"image":{"@id":"https:\/\/ultranatulife.com\/#\/schema\/logo\/image\/"},"sameAs":["https:\/\/www.facebook.com\/UltraNatulifeSupplements","https:\/\/www.instagram.com\/ultranatulife\/"]}]}},"_links":{"self":[{"href":"https:\/\/ultranatulife.com\/index.php?rest_route=\/wp\/v2\/product\/10693","targetHints":{"allow":["GET"]}}],"collection":[{"href":"https:\/\/ultranatulife.com\/index.php?rest_route=\/wp\/v2\/product"}],"about":[{"href":"https:\/\/ultranatulife.com\/index.php?rest_route=\/wp\/v2\/types\/product"}],"version-history":[{"count":7,"href":"https:\/\/ultranatulife.com\/index.php?rest_route=\/wp\/v2\/product\/10693\/revisions"}],"predecessor-version":[{"id":12736,"href":"https:\/\/ultranatulife.com\/index.php?rest_route=\/wp\/v2\/product\/10693\/revisions\/12736"}],"wp:featuredmedia":[{"embeddable":true,"href":"https:\/\/ultranatulife.com\/index.php?rest_route=\/wp\/v2\/media\/12904"}],"wp:attachment":[{"href":"https:\/\/ultranatulife.com\/index.php?rest_route=%2Fwp%2Fv2%2Fmedia&parent=10693"}],"wp:term":[{"taxonomy":"product_brand","embeddable":true,"href":"https:\/\/ultranatulife.com\/index.php?rest_route=%2Fwp%2Fv2%2Fproduct_brand&post=10693"},{"taxonomy":"product_cat","embeddable":true,"href":"https:\/\/ultranatulife.com\/index.php?rest_route=%2Fwp%2Fv2%2Fproduct_cat&post=10693"},{"taxonomy":"product_tag","embeddable":true,"href":"https:\/\/ultranatulife.com\/index.php?rest_route=%2Fwp%2Fv2%2Fproduct_tag&post=10693"}],"curies":[{"name":"wp","href":"https:\/\/api.w.org\/{rel}","templated":true}]}}