{"id":10695,"date":"2023-02-10T09:32:22","date_gmt":"2023-02-10T14:32:22","guid":{"rendered":"https:\/\/ultranatulife.com\/?post_type=product&#038;p=10695"},"modified":"2023-07-13T11:38:39","modified_gmt":"2023-07-13T16:38:39","slug":"stress-ez","status":"publish","type":"product","link":"https:\/\/ultranatulife.com\/?product=stress-ez","title":{"rendered":"STRESS EZ"},"content":{"rendered":"<p>F\u00f3rmula natural para el cuidado del estr\u00e9s a base de hierbas.<br \/>\nUn tratamiento a base de hierbas naturales para neutralizar los efectos nocivos de la vida agitada en la mente y el cuerpo.<br \/>\nAyuda a disminuir los efectos nocivos para la salud de la carga de trabajo adicional en la mente.<br \/>\nAyuda a apoyar la propiedad s\u00e1ttvica de la mente [estado mental saludable].<br \/>\nRegula los patrones de sue\u00f1o saludables y felices.<\/p>\n<p>Ayuda a mantener un coraz\u00f3n sano.<br \/>\nAyuda a mantener la concentraci\u00f3n en el trabajo.<br \/>\nAyuda a la memoria saludable y el poder de la inteligencia.<br \/>\nAyuda al procesamiento de nutrientes saludable para el cerebro.<\/p>\n<p>Ingredientes<br \/>\nAshwagandha (Withania Somnifera) Ra\u00edz, Shankhpushpi (Convolvulus Pluricaulis) Planta, Giloy (Tinospora Cordifolia) Tallo, Brahmi (Bacopa Monnieri) Hoja, Gojivha (Onosma Bracteatum) Flor, Jyotishmati (Celastrus Paniculata) Semilla, Arjuna (Terminalia Arjuna) Tallo, Calcio Calcinado (fuente natural), ra\u00edz de Yashtimadhu (Glycyrrhiza glabra), fruta de Pipali (Piper Longum), fruta de Kali Mirch (Piper Nigrum), fruta de jengibre (Zingiber Officinale).<\/p>\n<p>Instrucciones de uso<br \/>\nTome 1 c\u00e1psula\/tableta vegetal 3 veces al d\u00eda despu\u00e9s de 1 hora de comidas con agua.<\/p>\n<p>Concentraci\u00f3n: En este producto se usa un extracto concentrado (no solo un simple polvo de hierba a granel). El extracto mejora significativamente la potencia, la eficacia y los beneficios para la salud.<\/p>\n<p>Instalaci\u00f3n de fabricaci\u00f3n org\u00e1nica certificada en GMP y USDA: probado en laboratorio para la pureza de calidad y los est\u00e1ndares de metales pesados.<\/p>\n<p>Referencias cient\u00edficas<br \/>\nActividad farmacol\u00f3gica de Withania Somnifera por Sunita Verma WJPR Vol 5, N\u00famero 4, 2016.<br \/>\nActividades biol\u00f3gicas de Withania somnifera por G. Singh et al Annals of Biological Research, 1 (3): 56-63, 2010.<br \/>\nSatyavati GV, Raina MK, Sharma M. Investigaci\u00f3n qu\u00edmica de (Brahmi) Indian J Pharmacology1976; 21: 303-304.<br \/>\nSastri MS, Dhalla NS, Malhotra CL. Investigaci\u00f3n qu\u00edmica de (Brahmi) Indian J Pharmacol 1959; 21: 303-304.<br \/>\nReferencia Cl\u00e1sica o Govt. Libros Aprobados<\/p>\n","protected":false},"excerpt":{"rendered":"<p><b>Ayuda a Combatir la Ansiedad, reduce la Depresi\u00f3n, tranquiliza el Sistema Nervioso para as\u00ed\u00a0obtener un mejor sue\u00f1o. Incrementa la salud Cardiovascular.<\/b><\/p>\n<p>Ayuda a bajar la ansiedad y reduce el cansancio mental, la hiperactividad, la inquietud, la agresividad as\u00ed como fortalece nuestra inmunidad, mejora la capacidad de aprendizaje y la concentraci\u00f3n. Mejora el poder digestivo y funciona como un t\u00f3nico nervioso. Apoya la ayuda correctiva en condiciones relacionadas con el estr\u00e9s como el envejecimiento prematuro, la fatiga, el insomnio o el desequilibrio emocional. Act\u00faa como un reconstituyente f\u00edsico y mental que mantiene el cuerpo mentalmente alerta y f\u00edsicamente en forma.<\/p>\n","protected":false},"featured_media":12920,"template":"","meta":[],"product_brand":[],"product_cat":[19,69],"product_tag":[],"class_list":{"0":"post-10695","1":"product","2":"type-product","3":"status-publish","4":"has-post-thumbnail","6":"product_cat-bienestar","7":"product_cat-stress-y-ansiedad","9":"first","10":"instock","11":"sale","12":"taxable","13":"shipping-taxable","14":"purchasable","15":"product-type-simple"},"yoast_head":"<!-- This site is optimized with the Yoast SEO plugin v27.4 - https:\/\/yoast.com\/product\/yoast-seo-wordpress\/ -->\n<title>Stress Ez - Tratamiento para la Ansiedad Natural - Ultra NatuLife<\/title>\n<meta name=\"description\" content=\"Este suplemento es un tratamiento natural para la ansiedad y el estr\u00e9s. Reduce el cansancio mental, la hiperactividad y la agresividad. No requiere receta.\" \/>\n<meta name=\"robots\" content=\"index, follow, max-snippet:-1, max-image-preview:large, max-video-preview:-1\" \/>\n<link rel=\"canonical\" href=\"https:\/\/ultranatulife.com\/?product=stress-ez\" \/>\n<meta property=\"og:locale\" content=\"en_US\" \/>\n<meta property=\"og:type\" content=\"article\" \/>\n<meta property=\"og:title\" content=\"Stress Ez - Tratamiento para la Ansiedad Natural - Ultra NatuLife\" \/>\n<meta property=\"og:description\" content=\"Este suplemento es un tratamiento natural para la ansiedad y el estr\u00e9s. Reduce el cansancio mental, la hiperactividad y la agresividad. No requiere receta.\" \/>\n<meta property=\"og:url\" content=\"https:\/\/ultranatulife.com\/?product=stress-ez\" \/>\n<meta property=\"og:site_name\" content=\"Ultra Natu Life\" \/>\n<meta property=\"article:publisher\" content=\"https:\/\/www.facebook.com\/UltraNatulifeSupplements\" \/>\n<meta property=\"article:modified_time\" content=\"2023-07-13T16:38:39+00:00\" \/>\n<meta property=\"og:image\" content=\"https:\/\/ultranatulife.com\/wp-content\/uploads\/2023\/07\/Ultra-New-Render-June-2023-Stress-Front.png\" \/>\n\t<meta property=\"og:image:width\" content=\"1000\" \/>\n\t<meta property=\"og:image:height\" content=\"1000\" \/>\n\t<meta property=\"og:image:type\" content=\"image\/png\" \/>\n<meta name=\"twitter:card\" content=\"summary_large_image\" \/>\n<meta name=\"twitter:label1\" content=\"Est. reading time\" \/>\n\t<meta name=\"twitter:data1\" content=\"2 minutes\" \/>\n<script type=\"application\/ld+json\" class=\"yoast-schema-graph\">{\"@context\":\"https:\\\/\\\/schema.org\",\"@graph\":[{\"@type\":\"WebPage\",\"@id\":\"https:\\\/\\\/ultranatulife.com\\\/?product=stress-ez\",\"url\":\"https:\\\/\\\/ultranatulife.com\\\/?product=stress-ez\",\"name\":\"Stress Ez - Tratamiento para la Ansiedad Natural - Ultra NatuLife\",\"isPartOf\":{\"@id\":\"https:\\\/\\\/ultranatulife.com\\\/#website\"},\"primaryImageOfPage\":{\"@id\":\"https:\\\/\\\/ultranatulife.com\\\/?product=stress-ez#primaryimage\"},\"image\":{\"@id\":\"https:\\\/\\\/ultranatulife.com\\\/?product=stress-ez#primaryimage\"},\"thumbnailUrl\":\"https:\\\/\\\/ultranatulife.com\\\/wp-content\\\/uploads\\\/2023\\\/07\\\/Ultra-New-Render-June-2023-Stress-Front.png\",\"datePublished\":\"2023-02-10T14:32:22+00:00\",\"dateModified\":\"2023-07-13T16:38:39+00:00\",\"description\":\"Este suplemento es un tratamiento natural para la ansiedad y el estr\u00e9s. Reduce el cansancio mental, la hiperactividad y la agresividad. No requiere receta.\",\"breadcrumb\":{\"@id\":\"https:\\\/\\\/ultranatulife.com\\\/?product=stress-ez#breadcrumb\"},\"inLanguage\":\"en-US\",\"potentialAction\":[{\"@type\":\"ReadAction\",\"target\":[\"https:\\\/\\\/ultranatulife.com\\\/?product=stress-ez\"]}]},{\"@type\":\"ImageObject\",\"inLanguage\":\"en-US\",\"@id\":\"https:\\\/\\\/ultranatulife.com\\\/?product=stress-ez#primaryimage\",\"url\":\"https:\\\/\\\/ultranatulife.com\\\/wp-content\\\/uploads\\\/2023\\\/07\\\/Ultra-New-Render-June-2023-Stress-Front.png\",\"contentUrl\":\"https:\\\/\\\/ultranatulife.com\\\/wp-content\\\/uploads\\\/2023\\\/07\\\/Ultra-New-Render-June-2023-Stress-Front.png\",\"width\":1000,\"height\":1000},{\"@type\":\"BreadcrumbList\",\"@id\":\"https:\\\/\\\/ultranatulife.com\\\/?product=stress-ez#breadcrumb\",\"itemListElement\":[{\"@type\":\"ListItem\",\"position\":1,\"name\":\"Portada\",\"item\":\"https:\\\/\\\/ultranatulife.com\\\/\"},{\"@type\":\"ListItem\",\"position\":2,\"name\":\"Productos\",\"item\":\"https:\\\/\\\/ultranatulife.com\\\/?page_id=353\"},{\"@type\":\"ListItem\",\"position\":3,\"name\":\"STRESS EZ\"}]},{\"@type\":\"WebSite\",\"@id\":\"https:\\\/\\\/ultranatulife.com\\\/#website\",\"url\":\"https:\\\/\\\/ultranatulife.com\\\/\",\"name\":\"Ultra NatuLife - Suplementos 100% Naturales\",\"description\":\"Te ofrecemos tratamientos 100% naturales con resultados comprobados. Mejora tu vida con Ultra NatuLife.\",\"publisher\":{\"@id\":\"https:\\\/\\\/ultranatulife.com\\\/#organization\"},\"alternateName\":\"Ultra Natu Life\",\"potentialAction\":[{\"@type\":\"SearchAction\",\"target\":{\"@type\":\"EntryPoint\",\"urlTemplate\":\"https:\\\/\\\/ultranatulife.com\\\/?s={search_term_string}\"},\"query-input\":{\"@type\":\"PropertyValueSpecification\",\"valueRequired\":true,\"valueName\":\"search_term_string\"}}],\"inLanguage\":\"en-US\"},{\"@type\":\"Organization\",\"@id\":\"https:\\\/\\\/ultranatulife.com\\\/#organization\",\"name\":\"Ultra NatuLife - Suplementos 100% Naturales\",\"url\":\"https:\\\/\\\/ultranatulife.com\\\/\",\"logo\":{\"@type\":\"ImageObject\",\"inLanguage\":\"en-US\",\"@id\":\"https:\\\/\\\/ultranatulife.com\\\/#\\\/schema\\\/logo\\\/image\\\/\",\"url\":\"https:\\\/\\\/ultranatulife.com\\\/wp-content\\\/uploads\\\/2023\\\/04\\\/logo-ultra-verde.png\",\"contentUrl\":\"https:\\\/\\\/ultranatulife.com\\\/wp-content\\\/uploads\\\/2023\\\/04\\\/logo-ultra-verde.png\",\"width\":638,\"height\":177,\"caption\":\"Ultra NatuLife - Suplementos 100% Naturales\"},\"image\":{\"@id\":\"https:\\\/\\\/ultranatulife.com\\\/#\\\/schema\\\/logo\\\/image\\\/\"},\"sameAs\":[\"https:\\\/\\\/www.facebook.com\\\/UltraNatulifeSupplements\",\"https:\\\/\\\/www.instagram.com\\\/ultranatulife\\\/\"]}]}<\/script>\n<!-- \/ Yoast SEO plugin. -->","yoast_head_json":{"title":"Stress Ez - Tratamiento para la Ansiedad Natural - Ultra NatuLife","description":"Este suplemento es un tratamiento natural para la ansiedad y el estr\u00e9s. Reduce el cansancio mental, la hiperactividad y la agresividad. No requiere receta.","robots":{"index":"index","follow":"follow","max-snippet":"max-snippet:-1","max-image-preview":"max-image-preview:large","max-video-preview":"max-video-preview:-1"},"canonical":"https:\/\/ultranatulife.com\/?product=stress-ez","og_locale":"en_US","og_type":"article","og_title":"Stress Ez - Tratamiento para la Ansiedad Natural - Ultra NatuLife","og_description":"Este suplemento es un tratamiento natural para la ansiedad y el estr\u00e9s. Reduce el cansancio mental, la hiperactividad y la agresividad. No requiere receta.","og_url":"https:\/\/ultranatulife.com\/?product=stress-ez","og_site_name":"Ultra Natu Life","article_publisher":"https:\/\/www.facebook.com\/UltraNatulifeSupplements","article_modified_time":"2023-07-13T16:38:39+00:00","og_image":[{"width":1000,"height":1000,"url":"https:\/\/ultranatulife.com\/wp-content\/uploads\/2023\/07\/Ultra-New-Render-June-2023-Stress-Front.png","type":"image\/png"}],"twitter_card":"summary_large_image","twitter_misc":{"Est. reading time":"2 minutes"},"schema":{"@context":"https:\/\/schema.org","@graph":[{"@type":"WebPage","@id":"https:\/\/ultranatulife.com\/?product=stress-ez","url":"https:\/\/ultranatulife.com\/?product=stress-ez","name":"Stress Ez - Tratamiento para la Ansiedad Natural - Ultra NatuLife","isPartOf":{"@id":"https:\/\/ultranatulife.com\/#website"},"primaryImageOfPage":{"@id":"https:\/\/ultranatulife.com\/?product=stress-ez#primaryimage"},"image":{"@id":"https:\/\/ultranatulife.com\/?product=stress-ez#primaryimage"},"thumbnailUrl":"https:\/\/ultranatulife.com\/wp-content\/uploads\/2023\/07\/Ultra-New-Render-June-2023-Stress-Front.png","datePublished":"2023-02-10T14:32:22+00:00","dateModified":"2023-07-13T16:38:39+00:00","description":"Este suplemento es un tratamiento natural para la ansiedad y el estr\u00e9s. Reduce el cansancio mental, la hiperactividad y la agresividad. No requiere receta.","breadcrumb":{"@id":"https:\/\/ultranatulife.com\/?product=stress-ez#breadcrumb"},"inLanguage":"en-US","potentialAction":[{"@type":"ReadAction","target":["https:\/\/ultranatulife.com\/?product=stress-ez"]}]},{"@type":"ImageObject","inLanguage":"en-US","@id":"https:\/\/ultranatulife.com\/?product=stress-ez#primaryimage","url":"https:\/\/ultranatulife.com\/wp-content\/uploads\/2023\/07\/Ultra-New-Render-June-2023-Stress-Front.png","contentUrl":"https:\/\/ultranatulife.com\/wp-content\/uploads\/2023\/07\/Ultra-New-Render-June-2023-Stress-Front.png","width":1000,"height":1000},{"@type":"BreadcrumbList","@id":"https:\/\/ultranatulife.com\/?product=stress-ez#breadcrumb","itemListElement":[{"@type":"ListItem","position":1,"name":"Portada","item":"https:\/\/ultranatulife.com\/"},{"@type":"ListItem","position":2,"name":"Productos","item":"https:\/\/ultranatulife.com\/?page_id=353"},{"@type":"ListItem","position":3,"name":"STRESS EZ"}]},{"@type":"WebSite","@id":"https:\/\/ultranatulife.com\/#website","url":"https:\/\/ultranatulife.com\/","name":"Ultra NatuLife - Suplementos 100% Naturales","description":"Te ofrecemos tratamientos 100% naturales con resultados comprobados. Mejora tu vida con Ultra NatuLife.","publisher":{"@id":"https:\/\/ultranatulife.com\/#organization"},"alternateName":"Ultra Natu Life","potentialAction":[{"@type":"SearchAction","target":{"@type":"EntryPoint","urlTemplate":"https:\/\/ultranatulife.com\/?s={search_term_string}"},"query-input":{"@type":"PropertyValueSpecification","valueRequired":true,"valueName":"search_term_string"}}],"inLanguage":"en-US"},{"@type":"Organization","@id":"https:\/\/ultranatulife.com\/#organization","name":"Ultra NatuLife - Suplementos 100% Naturales","url":"https:\/\/ultranatulife.com\/","logo":{"@type":"ImageObject","inLanguage":"en-US","@id":"https:\/\/ultranatulife.com\/#\/schema\/logo\/image\/","url":"https:\/\/ultranatulife.com\/wp-content\/uploads\/2023\/04\/logo-ultra-verde.png","contentUrl":"https:\/\/ultranatulife.com\/wp-content\/uploads\/2023\/04\/logo-ultra-verde.png","width":638,"height":177,"caption":"Ultra NatuLife - Suplementos 100% Naturales"},"image":{"@id":"https:\/\/ultranatulife.com\/#\/schema\/logo\/image\/"},"sameAs":["https:\/\/www.facebook.com\/UltraNatulifeSupplements","https:\/\/www.instagram.com\/ultranatulife\/"]}]}},"_links":{"self":[{"href":"https:\/\/ultranatulife.com\/index.php?rest_route=\/wp\/v2\/product\/10695","targetHints":{"allow":["GET"]}}],"collection":[{"href":"https:\/\/ultranatulife.com\/index.php?rest_route=\/wp\/v2\/product"}],"about":[{"href":"https:\/\/ultranatulife.com\/index.php?rest_route=\/wp\/v2\/types\/product"}],"version-history":[{"count":7,"href":"https:\/\/ultranatulife.com\/index.php?rest_route=\/wp\/v2\/product\/10695\/revisions"}],"predecessor-version":[{"id":12941,"href":"https:\/\/ultranatulife.com\/index.php?rest_route=\/wp\/v2\/product\/10695\/revisions\/12941"}],"wp:featuredmedia":[{"embeddable":true,"href":"https:\/\/ultranatulife.com\/index.php?rest_route=\/wp\/v2\/media\/12920"}],"wp:attachment":[{"href":"https:\/\/ultranatulife.com\/index.php?rest_route=%2Fwp%2Fv2%2Fmedia&parent=10695"}],"wp:term":[{"taxonomy":"product_brand","embeddable":true,"href":"https:\/\/ultranatulife.com\/index.php?rest_route=%2Fwp%2Fv2%2Fproduct_brand&post=10695"},{"taxonomy":"product_cat","embeddable":true,"href":"https:\/\/ultranatulife.com\/index.php?rest_route=%2Fwp%2Fv2%2Fproduct_cat&post=10695"},{"taxonomy":"product_tag","embeddable":true,"href":"https:\/\/ultranatulife.com\/index.php?rest_route=%2Fwp%2Fv2%2Fproduct_tag&post=10695"}],"curies":[{"name":"wp","href":"https:\/\/api.w.org\/{rel}","templated":true}]}}