{"id":10699,"date":"2023-02-10T09:34:43","date_gmt":"2023-02-10T14:34:43","guid":{"rendered":"https:\/\/ultranatulife.com\/?post_type=product&#038;p=10699"},"modified":"2023-07-17T15:46:16","modified_gmt":"2023-07-17T20:46:16","slug":"ashwagandha","status":"publish","type":"product","link":"https:\/\/ultranatulife.com\/?product=ashwagandha","title":{"rendered":"ASHWAGANDHA"},"content":{"rendered":"<p><strong>Son hierbas ayurv\u00e9dicas tradicionales que se han utilizado en Ayurveda desde tiempos inmemoriales.<\/strong><\/p>\n<ul>\n<li style=\"list-style-type: none;\">\n<ul>Ashwagandha apoya la capacidad del cuerpo para mantener el esfuerzo f\u00edsico y ayuda al cuerpo a adaptarse a los diversos tipos de estr\u00e9s regular de la vida diaria. Ayuda a mantener la nutrici\u00f3n adecuada de los tejidos, en particular los m\u00fasculos y los huesos, al mismo tiempo que respalda el funcionamiento adecuado de las gl\u00e1ndulas suprarrenales y el sistema reproductivo.<\/ul>\n<\/li>\n<\/ul>\n<p><strong>\u00a0<\/strong><br \/>\n<b>\u00danico con 800mg de Ashwagandha por eso<\/b><\/p>\n<ul>\n<li style=\"list-style-type: none;\">\n<ul>\n<li style=\"list-style-type: none;\">\n<ul>\n<li><b>Mejora el Funcionamiento de el Sistema Nervioso <\/b><\/li>\n<li><b>Combate\u00a0<\/b><b> la Ansiedad<\/b><\/li>\n<li><b>Poderoso Anti-Inflamatorio <\/b><\/li>\n<li><b>Anti-Oxidante<\/b><\/li>\n<li><b>Refuerza el Sistema Cardiovascular<\/b><\/li>\n<li><b>Mejora e<\/b><b>l Sistema Inmunol\u00f3gico\u00a0<\/b><\/li>\n<li><b>Activa las Funciones Cerebrales y la Memoria. <\/b><\/li>\n<li><b>Reduce el\u00a0Colesterol y los Triglic\u00e9ridos\u00a0<\/b><\/li>\n<li><b>Ayuda contra la Depresi\u00f3n<\/b><\/li>\n<\/ul>\n<\/li>\n<\/ul>\n<\/li>\n<\/ul>\n<p>Formulaci\u00f3n a base de hierbas ayurv\u00e9dicas<br \/>\nProporci\u00f3n de extracto de espectro completo (10:1) con 2,5 % de withan\u00f3lidos y 1,5 % de alcaloides<\/p>\n<p>El extracto se seca con el polvo de la misma hierba (Referencia: Est\u00e1ndares de dosis seg\u00fan la Farmacopea de los Estados Unidos 35 Edici\u00f3n)<\/p>\n<p>Parte utilizada: Ra\u00edz<\/p>\n","protected":false},"excerpt":{"rendered":"<p><strong>Suplemento diet\u00e9tico ayurv\u00e9dico \u00fanico con 800mg de Ashwagandha en cada c\u00e1psula.<br \/>\nMejora el Funcionamiento de el Sistema Nervioso al combatir la Ansiedad. Poderoso Anti-Inflamatorio y Anti-Oxidante, Refuerza el Sistema Cardiovascular, el Sistema Inmunol\u00f3gico y las Funciones Cerebrales y la Memoria. Reduce el Colesterol, los Triglic\u00e9ridos y la Depresi\u00f3n.<\/strong><\/p>\n<p><strong>Ashwagandha act\u00faa como un suplemento diet\u00e9tico.<br \/>\nAshwagandha apoya la energ\u00eda, la vitalidad y revitaliza el cuerpo.<br \/>\nNutre tanto el cerebro como el cuerpo.<br \/>\nAyuda disminuir el estr\u00e9s de la vida diaria para una mente y un cuerpo sanos.<br \/>\nAyuda al cerebro a combatir las consecuencias del estr\u00e9s de la vida diaria y mejora el rendimiento laboral.<br \/>\nSu uso frecuente ayuda a recuperar la energ\u00eda.<br \/>\nAyuda a mantener un patr\u00f3n de sue\u00f1o saludable.<\/strong><\/p>\n<p>Instrucciones de Uso Adultos: 1 C\u00e1psulas Vege 2 o 3 veces al d\u00eda con agua 1 \u2013 2 hrs. despu\u00e9s de comer.<\/p>\n<p>Referencias cient\u00edficas<br \/>\nActividad farmacol\u00f3gica de Withania Somnifera por Sunita Verma WJPR Vol 5, N\u00famero 4, 2016.<br \/>\nActividades biol\u00f3gicas de Withania somnifera por G. Singh et al Annals of Biological Research, 1 (3): 56-63, 2010.<br \/>\nReferencia Cl\u00e1sica o Govt. Libros Aprobados<\/p>\n<p>Concentraci\u00f3n: En este producto se usa un extracto concentrado (no solo un simple polvo de hierba a granel). El extracto mejora significativamente la potencia, la eficacia y los beneficios para la salud.<\/p>\n","protected":false},"featured_media":12884,"template":"","meta":[],"product_brand":[],"product_cat":[70,19,71,69],"product_tag":[],"class_list":{"0":"post-10699","1":"product","2":"type-product","3":"status-publish","4":"has-post-thumbnail","6":"product_cat-anti-envejecimiento","7":"product_cat-bienestar","8":"product_cat-colesterol-y-trigliceridos","9":"product_cat-stress-y-ansiedad","11":"first","12":"instock","13":"sale","14":"taxable","15":"shipping-taxable","16":"purchasable","17":"product-type-simple"},"yoast_head":"<!-- This site is optimized with the Yoast SEO plugin v27.4 - https:\/\/yoast.com\/product\/yoast-seo-wordpress\/ -->\n<title>Ashwagandha - 800 mg por C\u00e1psula - Conoce sus Beneficios<\/title>\n<meta name=\"description\" content=\"Ultra NatuLife trae contigo el suplemento natural Ashwagandha. \u00danico en el mercado con 800mg de Ashwagandha en cada c\u00e1psula. \u00a1Ord\u00e9nalo ahora!\" \/>\n<meta name=\"robots\" content=\"index, follow, max-snippet:-1, max-image-preview:large, max-video-preview:-1\" \/>\n<link rel=\"canonical\" href=\"https:\/\/ultranatulife.com\/?product=ashwagandha\" \/>\n<meta property=\"og:locale\" content=\"en_US\" \/>\n<meta property=\"og:type\" content=\"article\" \/>\n<meta property=\"og:title\" content=\"Ashwagandha - 800 mg por C\u00e1psula - Conoce sus Beneficios\" \/>\n<meta property=\"og:description\" content=\"Ultra NatuLife trae contigo el suplemento natural Ashwagandha. \u00danico en el mercado con 800mg de Ashwagandha en cada c\u00e1psula. \u00a1Ord\u00e9nalo ahora!\" \/>\n<meta property=\"og:url\" content=\"https:\/\/ultranatulife.com\/?product=ashwagandha\" \/>\n<meta property=\"og:site_name\" content=\"Ultra Natu Life\" \/>\n<meta property=\"article:publisher\" content=\"https:\/\/www.facebook.com\/UltraNatulifeSupplements\" \/>\n<meta property=\"article:modified_time\" content=\"2023-07-17T20:46:16+00:00\" \/>\n<meta property=\"og:image\" content=\"https:\/\/ultranatulife.com\/wp-content\/uploads\/2023\/07\/Ultra-New-Render-June-2023-ASHA-Front-1.png\" \/>\n\t<meta property=\"og:image:width\" content=\"1000\" \/>\n\t<meta property=\"og:image:height\" content=\"1000\" \/>\n\t<meta property=\"og:image:type\" content=\"image\/png\" \/>\n<meta name=\"twitter:card\" content=\"summary_large_image\" \/>\n<meta name=\"twitter:label1\" content=\"Est. reading time\" \/>\n\t<meta name=\"twitter:data1\" content=\"1 minute\" \/>\n<script type=\"application\/ld+json\" class=\"yoast-schema-graph\">{\"@context\":\"https:\\\/\\\/schema.org\",\"@graph\":[{\"@type\":\"WebPage\",\"@id\":\"https:\\\/\\\/ultranatulife.com\\\/?product=ashwagandha\",\"url\":\"https:\\\/\\\/ultranatulife.com\\\/?product=ashwagandha\",\"name\":\"Ashwagandha - 800 mg por C\u00e1psula - Conoce sus Beneficios\",\"isPartOf\":{\"@id\":\"https:\\\/\\\/ultranatulife.com\\\/#website\"},\"primaryImageOfPage\":{\"@id\":\"https:\\\/\\\/ultranatulife.com\\\/?product=ashwagandha#primaryimage\"},\"image\":{\"@id\":\"https:\\\/\\\/ultranatulife.com\\\/?product=ashwagandha#primaryimage\"},\"thumbnailUrl\":\"https:\\\/\\\/ultranatulife.com\\\/wp-content\\\/uploads\\\/2023\\\/07\\\/Ultra-New-Render-June-2023-ASHA-Front-1.png\",\"datePublished\":\"2023-02-10T14:34:43+00:00\",\"dateModified\":\"2023-07-17T20:46:16+00:00\",\"description\":\"Ultra NatuLife trae contigo el suplemento natural Ashwagandha. \u00danico en el mercado con 800mg de Ashwagandha en cada c\u00e1psula. \u00a1Ord\u00e9nalo ahora!\",\"breadcrumb\":{\"@id\":\"https:\\\/\\\/ultranatulife.com\\\/?product=ashwagandha#breadcrumb\"},\"inLanguage\":\"en-US\",\"potentialAction\":[{\"@type\":\"ReadAction\",\"target\":[\"https:\\\/\\\/ultranatulife.com\\\/?product=ashwagandha\"]}]},{\"@type\":\"ImageObject\",\"inLanguage\":\"en-US\",\"@id\":\"https:\\\/\\\/ultranatulife.com\\\/?product=ashwagandha#primaryimage\",\"url\":\"https:\\\/\\\/ultranatulife.com\\\/wp-content\\\/uploads\\\/2023\\\/07\\\/Ultra-New-Render-June-2023-ASHA-Front-1.png\",\"contentUrl\":\"https:\\\/\\\/ultranatulife.com\\\/wp-content\\\/uploads\\\/2023\\\/07\\\/Ultra-New-Render-June-2023-ASHA-Front-1.png\",\"width\":1000,\"height\":1000},{\"@type\":\"BreadcrumbList\",\"@id\":\"https:\\\/\\\/ultranatulife.com\\\/?product=ashwagandha#breadcrumb\",\"itemListElement\":[{\"@type\":\"ListItem\",\"position\":1,\"name\":\"Portada\",\"item\":\"https:\\\/\\\/ultranatulife.com\\\/\"},{\"@type\":\"ListItem\",\"position\":2,\"name\":\"Productos\",\"item\":\"https:\\\/\\\/ultranatulife.com\\\/?page_id=353\"},{\"@type\":\"ListItem\",\"position\":3,\"name\":\"ASHWAGANDHA\"}]},{\"@type\":\"WebSite\",\"@id\":\"https:\\\/\\\/ultranatulife.com\\\/#website\",\"url\":\"https:\\\/\\\/ultranatulife.com\\\/\",\"name\":\"Ultra NatuLife - Suplementos 100% Naturales\",\"description\":\"Te ofrecemos tratamientos 100% naturales con resultados comprobados. Mejora tu vida con Ultra NatuLife.\",\"publisher\":{\"@id\":\"https:\\\/\\\/ultranatulife.com\\\/#organization\"},\"alternateName\":\"Ultra Natu Life\",\"potentialAction\":[{\"@type\":\"SearchAction\",\"target\":{\"@type\":\"EntryPoint\",\"urlTemplate\":\"https:\\\/\\\/ultranatulife.com\\\/?s={search_term_string}\"},\"query-input\":{\"@type\":\"PropertyValueSpecification\",\"valueRequired\":true,\"valueName\":\"search_term_string\"}}],\"inLanguage\":\"en-US\"},{\"@type\":\"Organization\",\"@id\":\"https:\\\/\\\/ultranatulife.com\\\/#organization\",\"name\":\"Ultra NatuLife - Suplementos 100% Naturales\",\"url\":\"https:\\\/\\\/ultranatulife.com\\\/\",\"logo\":{\"@type\":\"ImageObject\",\"inLanguage\":\"en-US\",\"@id\":\"https:\\\/\\\/ultranatulife.com\\\/#\\\/schema\\\/logo\\\/image\\\/\",\"url\":\"https:\\\/\\\/ultranatulife.com\\\/wp-content\\\/uploads\\\/2023\\\/04\\\/logo-ultra-verde.png\",\"contentUrl\":\"https:\\\/\\\/ultranatulife.com\\\/wp-content\\\/uploads\\\/2023\\\/04\\\/logo-ultra-verde.png\",\"width\":638,\"height\":177,\"caption\":\"Ultra NatuLife - Suplementos 100% Naturales\"},\"image\":{\"@id\":\"https:\\\/\\\/ultranatulife.com\\\/#\\\/schema\\\/logo\\\/image\\\/\"},\"sameAs\":[\"https:\\\/\\\/www.facebook.com\\\/UltraNatulifeSupplements\",\"https:\\\/\\\/www.instagram.com\\\/ultranatulife\\\/\"]}]}<\/script>\n<!-- \/ Yoast SEO plugin. -->","yoast_head_json":{"title":"Ashwagandha - 800 mg por C\u00e1psula - Conoce sus Beneficios","description":"Ultra NatuLife trae contigo el suplemento natural Ashwagandha. \u00danico en el mercado con 800mg de Ashwagandha en cada c\u00e1psula. \u00a1Ord\u00e9nalo ahora!","robots":{"index":"index","follow":"follow","max-snippet":"max-snippet:-1","max-image-preview":"max-image-preview:large","max-video-preview":"max-video-preview:-1"},"canonical":"https:\/\/ultranatulife.com\/?product=ashwagandha","og_locale":"en_US","og_type":"article","og_title":"Ashwagandha - 800 mg por C\u00e1psula - Conoce sus Beneficios","og_description":"Ultra NatuLife trae contigo el suplemento natural Ashwagandha. \u00danico en el mercado con 800mg de Ashwagandha en cada c\u00e1psula. \u00a1Ord\u00e9nalo ahora!","og_url":"https:\/\/ultranatulife.com\/?product=ashwagandha","og_site_name":"Ultra Natu Life","article_publisher":"https:\/\/www.facebook.com\/UltraNatulifeSupplements","article_modified_time":"2023-07-17T20:46:16+00:00","og_image":[{"width":1000,"height":1000,"url":"https:\/\/ultranatulife.com\/wp-content\/uploads\/2023\/07\/Ultra-New-Render-June-2023-ASHA-Front-1.png","type":"image\/png"}],"twitter_card":"summary_large_image","twitter_misc":{"Est. reading time":"1 minute"},"schema":{"@context":"https:\/\/schema.org","@graph":[{"@type":"WebPage","@id":"https:\/\/ultranatulife.com\/?product=ashwagandha","url":"https:\/\/ultranatulife.com\/?product=ashwagandha","name":"Ashwagandha - 800 mg por C\u00e1psula - Conoce sus Beneficios","isPartOf":{"@id":"https:\/\/ultranatulife.com\/#website"},"primaryImageOfPage":{"@id":"https:\/\/ultranatulife.com\/?product=ashwagandha#primaryimage"},"image":{"@id":"https:\/\/ultranatulife.com\/?product=ashwagandha#primaryimage"},"thumbnailUrl":"https:\/\/ultranatulife.com\/wp-content\/uploads\/2023\/07\/Ultra-New-Render-June-2023-ASHA-Front-1.png","datePublished":"2023-02-10T14:34:43+00:00","dateModified":"2023-07-17T20:46:16+00:00","description":"Ultra NatuLife trae contigo el suplemento natural Ashwagandha. \u00danico en el mercado con 800mg de Ashwagandha en cada c\u00e1psula. \u00a1Ord\u00e9nalo ahora!","breadcrumb":{"@id":"https:\/\/ultranatulife.com\/?product=ashwagandha#breadcrumb"},"inLanguage":"en-US","potentialAction":[{"@type":"ReadAction","target":["https:\/\/ultranatulife.com\/?product=ashwagandha"]}]},{"@type":"ImageObject","inLanguage":"en-US","@id":"https:\/\/ultranatulife.com\/?product=ashwagandha#primaryimage","url":"https:\/\/ultranatulife.com\/wp-content\/uploads\/2023\/07\/Ultra-New-Render-June-2023-ASHA-Front-1.png","contentUrl":"https:\/\/ultranatulife.com\/wp-content\/uploads\/2023\/07\/Ultra-New-Render-June-2023-ASHA-Front-1.png","width":1000,"height":1000},{"@type":"BreadcrumbList","@id":"https:\/\/ultranatulife.com\/?product=ashwagandha#breadcrumb","itemListElement":[{"@type":"ListItem","position":1,"name":"Portada","item":"https:\/\/ultranatulife.com\/"},{"@type":"ListItem","position":2,"name":"Productos","item":"https:\/\/ultranatulife.com\/?page_id=353"},{"@type":"ListItem","position":3,"name":"ASHWAGANDHA"}]},{"@type":"WebSite","@id":"https:\/\/ultranatulife.com\/#website","url":"https:\/\/ultranatulife.com\/","name":"Ultra NatuLife - Suplementos 100% Naturales","description":"Te ofrecemos tratamientos 100% naturales con resultados comprobados. Mejora tu vida con Ultra NatuLife.","publisher":{"@id":"https:\/\/ultranatulife.com\/#organization"},"alternateName":"Ultra Natu Life","potentialAction":[{"@type":"SearchAction","target":{"@type":"EntryPoint","urlTemplate":"https:\/\/ultranatulife.com\/?s={search_term_string}"},"query-input":{"@type":"PropertyValueSpecification","valueRequired":true,"valueName":"search_term_string"}}],"inLanguage":"en-US"},{"@type":"Organization","@id":"https:\/\/ultranatulife.com\/#organization","name":"Ultra NatuLife - Suplementos 100% Naturales","url":"https:\/\/ultranatulife.com\/","logo":{"@type":"ImageObject","inLanguage":"en-US","@id":"https:\/\/ultranatulife.com\/#\/schema\/logo\/image\/","url":"https:\/\/ultranatulife.com\/wp-content\/uploads\/2023\/04\/logo-ultra-verde.png","contentUrl":"https:\/\/ultranatulife.com\/wp-content\/uploads\/2023\/04\/logo-ultra-verde.png","width":638,"height":177,"caption":"Ultra NatuLife - Suplementos 100% Naturales"},"image":{"@id":"https:\/\/ultranatulife.com\/#\/schema\/logo\/image\/"},"sameAs":["https:\/\/www.facebook.com\/UltraNatulifeSupplements","https:\/\/www.instagram.com\/ultranatulife\/"]}]}},"_links":{"self":[{"href":"https:\/\/ultranatulife.com\/index.php?rest_route=\/wp\/v2\/product\/10699","targetHints":{"allow":["GET"]}}],"collection":[{"href":"https:\/\/ultranatulife.com\/index.php?rest_route=\/wp\/v2\/product"}],"about":[{"href":"https:\/\/ultranatulife.com\/index.php?rest_route=\/wp\/v2\/types\/product"}],"version-history":[{"count":20,"href":"https:\/\/ultranatulife.com\/index.php?rest_route=\/wp\/v2\/product\/10699\/revisions"}],"predecessor-version":[{"id":12940,"href":"https:\/\/ultranatulife.com\/index.php?rest_route=\/wp\/v2\/product\/10699\/revisions\/12940"}],"wp:featuredmedia":[{"embeddable":true,"href":"https:\/\/ultranatulife.com\/index.php?rest_route=\/wp\/v2\/media\/12884"}],"wp:attachment":[{"href":"https:\/\/ultranatulife.com\/index.php?rest_route=%2Fwp%2Fv2%2Fmedia&parent=10699"}],"wp:term":[{"taxonomy":"product_brand","embeddable":true,"href":"https:\/\/ultranatulife.com\/index.php?rest_route=%2Fwp%2Fv2%2Fproduct_brand&post=10699"},{"taxonomy":"product_cat","embeddable":true,"href":"https:\/\/ultranatulife.com\/index.php?rest_route=%2Fwp%2Fv2%2Fproduct_cat&post=10699"},{"taxonomy":"product_tag","embeddable":true,"href":"https:\/\/ultranatulife.com\/index.php?rest_route=%2Fwp%2Fv2%2Fproduct_tag&post=10699"}],"curies":[{"name":"wp","href":"https:\/\/api.w.org\/{rel}","templated":true}]}}