{"id":10703,"date":"2023-02-10T09:37:36","date_gmt":"2023-02-10T14:37:36","guid":{"rendered":"https:\/\/ultranatulife.com\/?post_type=product&#038;p=10703"},"modified":"2023-07-13T11:30:40","modified_gmt":"2023-07-13T16:30:40","slug":"shila-jit","status":"publish","type":"product","link":"https:\/\/ultranatulife.com\/?product=shila-jit","title":{"rendered":"SHILA-JIT"},"content":{"rendered":"<p><b>Mejora las Funciones Cerebrales y la Memoria. Poderoso Anti-Oxidante que contribuye a la Salud Mental. Incrementa la Producci\u00f3n de Testosterona y promueve el Anti-Envejecimiento. <\/b><\/p>\n<p>Referencias cient\u00edficas<br \/>\nShilajit: una revisi\u00f3n de Phytotherapy Research, volumen 21, n\u00famero 5, p\u00e1ginas 401 a 405.<br \/>\nMukherjee, Biswapati. Medicina Tradicional, Actas de un Seminario Internacional. 7-9 de noviembre de 1992, p\u00e1gs. 308-319. Hotel Taj Bengal, Calcuta India. Oxford &amp; IBH Publishing, Nueva Delhi, 1992. 24.<br \/>\nGhosal S, Jawahan L, Singh SK, Goel RK, Jaiswal AK, Bhattacharya SK (1991). La necesidad de formulaci\u00f3n de Shilajit por sus componentes activos aislados. Res. de Fitoterapia. 5, 211-216.<br \/>\nReferencia Cl\u00e1sica o Govt. Libros Aprobados<\/p>\n","protected":false},"excerpt":{"rendered":"<p><b>T\u00f3nico para la salud general: promueve el rejuvenecimiento y la desintoxicaci\u00f3n<b><\/b><\/b><\/p>\n<p>Apoya el metabolismo, los huesos, los m\u00fasculos, los ri\u00f1ones, la memoria y el sistema inmunol\u00f3gico.<br \/>\nAporta energ\u00eda, resistencia y vitalidad.<br \/>\nCon el uso frecuente funciona como un t\u00f3nico revitaliza y optimiza muchas funciones corporales.<br \/>\nFuente natural de todos los minerales requeridos por el cuerpo.<br \/>\nEs compatible con los \u00f3rganos reproductivos si se toma con leche tibia.<br \/>\nEs un apoyo natural para renovar la vitalidad y la fuerza f\u00edsica.<\/p>\n<p>Composici\u00f3n<br \/>\nProporci\u00f3n de extracto de espectro completo (6:1) con 2,5 % de \u00e1cido f\u00falvico por m\u00e9todo de an\u00e1lisis HPLC y m\u00e1s del 65 % de \u00e1cido f\u00falvico por otros m\u00e9todos de an\u00e1lisis 60 c\u00e1psulas vegetales de 800 mg cada una. El extracto total de Shilajit es de 725 mg m\u00e1s 75 mg de polvo de Triphala que se usa para secar el extracto de Shilajit. (Referencia: Est\u00e1ndares de dosis seg\u00fan Farmacopea Ayurv\u00e9dica)<\/p>\n<p>Extracto puro de alta calidad con potencia \u00f3ptima y cantidad m\u00e1xima.<\/p>\n<p>Instalaci\u00f3n de fabricaci\u00f3n org\u00e1nica certificada en GMP y USDA: probado en laboratorio para la pureza de calidad y los est\u00e1ndares de metales pesados.<\/p>\n","protected":false},"featured_media":12916,"template":"","meta":[],"product_brand":[],"product_cat":[19,71],"product_tag":[],"class_list":{"0":"post-10703","1":"product","2":"type-product","3":"status-publish","4":"has-post-thumbnail","6":"product_cat-bienestar","7":"product_cat-colesterol-y-trigliceridos","9":"first","10":"instock","11":"sale","12":"taxable","13":"shipping-taxable","14":"purchasable","15":"product-type-simple"},"yoast_head":"<!-- This site is optimized with the Yoast SEO plugin v27.4 - https:\/\/yoast.com\/product\/yoast-seo-wordpress\/ -->\n<title>Shila-Jit - Suplemento Natural para la Salud Mental<\/title>\n<meta name=\"description\" content=\"Mejora las funciones cerebrales y la memoria. Poderoso anti-oxidante que contribuye a la salud mental. 100% natural. \u00a1Pru\u00e9balo hoy!\" \/>\n<meta name=\"robots\" content=\"index, follow, max-snippet:-1, max-image-preview:large, max-video-preview:-1\" \/>\n<link rel=\"canonical\" href=\"https:\/\/ultranatulife.com\/?product=shila-jit\" \/>\n<meta property=\"og:locale\" content=\"en_US\" \/>\n<meta property=\"og:type\" content=\"article\" \/>\n<meta property=\"og:title\" content=\"Shila-Jit - Suplemento Natural para la Salud Mental\" \/>\n<meta property=\"og:description\" content=\"Mejora las funciones cerebrales y la memoria. Poderoso anti-oxidante que contribuye a la salud mental. 100% natural. \u00a1Pru\u00e9balo hoy!\" \/>\n<meta property=\"og:url\" content=\"https:\/\/ultranatulife.com\/?product=shila-jit\" \/>\n<meta property=\"og:site_name\" content=\"Ultra Natu Life\" \/>\n<meta property=\"article:publisher\" content=\"https:\/\/www.facebook.com\/UltraNatulifeSupplements\" \/>\n<meta property=\"article:modified_time\" content=\"2023-07-13T16:30:40+00:00\" \/>\n<meta property=\"og:image\" content=\"https:\/\/ultranatulife.com\/wp-content\/uploads\/2023\/07\/Ultra-New-Render-June-2023-Shij-Front.png\" \/>\n\t<meta property=\"og:image:width\" content=\"1000\" \/>\n\t<meta property=\"og:image:height\" content=\"1000\" \/>\n\t<meta property=\"og:image:type\" content=\"image\/png\" \/>\n<meta name=\"twitter:card\" content=\"summary_large_image\" \/>\n<meta name=\"twitter:label1\" content=\"Est. reading time\" \/>\n\t<meta name=\"twitter:data1\" content=\"1 minute\" \/>\n<script type=\"application\/ld+json\" class=\"yoast-schema-graph\">{\"@context\":\"https:\\\/\\\/schema.org\",\"@graph\":[{\"@type\":\"WebPage\",\"@id\":\"https:\\\/\\\/ultranatulife.com\\\/?product=shila-jit\",\"url\":\"https:\\\/\\\/ultranatulife.com\\\/?product=shila-jit\",\"name\":\"Shila-Jit - Suplemento Natural para la Salud Mental\",\"isPartOf\":{\"@id\":\"https:\\\/\\\/ultranatulife.com\\\/#website\"},\"primaryImageOfPage\":{\"@id\":\"https:\\\/\\\/ultranatulife.com\\\/?product=shila-jit#primaryimage\"},\"image\":{\"@id\":\"https:\\\/\\\/ultranatulife.com\\\/?product=shila-jit#primaryimage\"},\"thumbnailUrl\":\"https:\\\/\\\/ultranatulife.com\\\/wp-content\\\/uploads\\\/2023\\\/07\\\/Ultra-New-Render-June-2023-Shij-Front.png\",\"datePublished\":\"2023-02-10T14:37:36+00:00\",\"dateModified\":\"2023-07-13T16:30:40+00:00\",\"description\":\"Mejora las funciones cerebrales y la memoria. Poderoso anti-oxidante que contribuye a la salud mental. 100% natural. \u00a1Pru\u00e9balo hoy!\",\"breadcrumb\":{\"@id\":\"https:\\\/\\\/ultranatulife.com\\\/?product=shila-jit#breadcrumb\"},\"inLanguage\":\"en-US\",\"potentialAction\":[{\"@type\":\"ReadAction\",\"target\":[\"https:\\\/\\\/ultranatulife.com\\\/?product=shila-jit\"]}]},{\"@type\":\"ImageObject\",\"inLanguage\":\"en-US\",\"@id\":\"https:\\\/\\\/ultranatulife.com\\\/?product=shila-jit#primaryimage\",\"url\":\"https:\\\/\\\/ultranatulife.com\\\/wp-content\\\/uploads\\\/2023\\\/07\\\/Ultra-New-Render-June-2023-Shij-Front.png\",\"contentUrl\":\"https:\\\/\\\/ultranatulife.com\\\/wp-content\\\/uploads\\\/2023\\\/07\\\/Ultra-New-Render-June-2023-Shij-Front.png\",\"width\":1000,\"height\":1000},{\"@type\":\"BreadcrumbList\",\"@id\":\"https:\\\/\\\/ultranatulife.com\\\/?product=shila-jit#breadcrumb\",\"itemListElement\":[{\"@type\":\"ListItem\",\"position\":1,\"name\":\"Portada\",\"item\":\"https:\\\/\\\/ultranatulife.com\\\/\"},{\"@type\":\"ListItem\",\"position\":2,\"name\":\"Productos\",\"item\":\"https:\\\/\\\/ultranatulife.com\\\/?page_id=353\"},{\"@type\":\"ListItem\",\"position\":3,\"name\":\"SHILA-JIT\"}]},{\"@type\":\"WebSite\",\"@id\":\"https:\\\/\\\/ultranatulife.com\\\/#website\",\"url\":\"https:\\\/\\\/ultranatulife.com\\\/\",\"name\":\"Ultra NatuLife - Suplementos 100% Naturales\",\"description\":\"Te ofrecemos tratamientos 100% naturales con resultados comprobados. Mejora tu vida con Ultra NatuLife.\",\"publisher\":{\"@id\":\"https:\\\/\\\/ultranatulife.com\\\/#organization\"},\"alternateName\":\"Ultra Natu Life\",\"potentialAction\":[{\"@type\":\"SearchAction\",\"target\":{\"@type\":\"EntryPoint\",\"urlTemplate\":\"https:\\\/\\\/ultranatulife.com\\\/?s={search_term_string}\"},\"query-input\":{\"@type\":\"PropertyValueSpecification\",\"valueRequired\":true,\"valueName\":\"search_term_string\"}}],\"inLanguage\":\"en-US\"},{\"@type\":\"Organization\",\"@id\":\"https:\\\/\\\/ultranatulife.com\\\/#organization\",\"name\":\"Ultra NatuLife - Suplementos 100% Naturales\",\"url\":\"https:\\\/\\\/ultranatulife.com\\\/\",\"logo\":{\"@type\":\"ImageObject\",\"inLanguage\":\"en-US\",\"@id\":\"https:\\\/\\\/ultranatulife.com\\\/#\\\/schema\\\/logo\\\/image\\\/\",\"url\":\"https:\\\/\\\/ultranatulife.com\\\/wp-content\\\/uploads\\\/2023\\\/04\\\/logo-ultra-verde.png\",\"contentUrl\":\"https:\\\/\\\/ultranatulife.com\\\/wp-content\\\/uploads\\\/2023\\\/04\\\/logo-ultra-verde.png\",\"width\":638,\"height\":177,\"caption\":\"Ultra NatuLife - Suplementos 100% Naturales\"},\"image\":{\"@id\":\"https:\\\/\\\/ultranatulife.com\\\/#\\\/schema\\\/logo\\\/image\\\/\"},\"sameAs\":[\"https:\\\/\\\/www.facebook.com\\\/UltraNatulifeSupplements\",\"https:\\\/\\\/www.instagram.com\\\/ultranatulife\\\/\"]}]}<\/script>\n<!-- \/ Yoast SEO plugin. -->","yoast_head_json":{"title":"Shila-Jit - Suplemento Natural para la Salud Mental","description":"Mejora las funciones cerebrales y la memoria. Poderoso anti-oxidante que contribuye a la salud mental. 100% natural. \u00a1Pru\u00e9balo hoy!","robots":{"index":"index","follow":"follow","max-snippet":"max-snippet:-1","max-image-preview":"max-image-preview:large","max-video-preview":"max-video-preview:-1"},"canonical":"https:\/\/ultranatulife.com\/?product=shila-jit","og_locale":"en_US","og_type":"article","og_title":"Shila-Jit - Suplemento Natural para la Salud Mental","og_description":"Mejora las funciones cerebrales y la memoria. Poderoso anti-oxidante que contribuye a la salud mental. 100% natural. \u00a1Pru\u00e9balo hoy!","og_url":"https:\/\/ultranatulife.com\/?product=shila-jit","og_site_name":"Ultra Natu Life","article_publisher":"https:\/\/www.facebook.com\/UltraNatulifeSupplements","article_modified_time":"2023-07-13T16:30:40+00:00","og_image":[{"width":1000,"height":1000,"url":"https:\/\/ultranatulife.com\/wp-content\/uploads\/2023\/07\/Ultra-New-Render-June-2023-Shij-Front.png","type":"image\/png"}],"twitter_card":"summary_large_image","twitter_misc":{"Est. reading time":"1 minute"},"schema":{"@context":"https:\/\/schema.org","@graph":[{"@type":"WebPage","@id":"https:\/\/ultranatulife.com\/?product=shila-jit","url":"https:\/\/ultranatulife.com\/?product=shila-jit","name":"Shila-Jit - Suplemento Natural para la Salud Mental","isPartOf":{"@id":"https:\/\/ultranatulife.com\/#website"},"primaryImageOfPage":{"@id":"https:\/\/ultranatulife.com\/?product=shila-jit#primaryimage"},"image":{"@id":"https:\/\/ultranatulife.com\/?product=shila-jit#primaryimage"},"thumbnailUrl":"https:\/\/ultranatulife.com\/wp-content\/uploads\/2023\/07\/Ultra-New-Render-June-2023-Shij-Front.png","datePublished":"2023-02-10T14:37:36+00:00","dateModified":"2023-07-13T16:30:40+00:00","description":"Mejora las funciones cerebrales y la memoria. Poderoso anti-oxidante que contribuye a la salud mental. 100% natural. \u00a1Pru\u00e9balo hoy!","breadcrumb":{"@id":"https:\/\/ultranatulife.com\/?product=shila-jit#breadcrumb"},"inLanguage":"en-US","potentialAction":[{"@type":"ReadAction","target":["https:\/\/ultranatulife.com\/?product=shila-jit"]}]},{"@type":"ImageObject","inLanguage":"en-US","@id":"https:\/\/ultranatulife.com\/?product=shila-jit#primaryimage","url":"https:\/\/ultranatulife.com\/wp-content\/uploads\/2023\/07\/Ultra-New-Render-June-2023-Shij-Front.png","contentUrl":"https:\/\/ultranatulife.com\/wp-content\/uploads\/2023\/07\/Ultra-New-Render-June-2023-Shij-Front.png","width":1000,"height":1000},{"@type":"BreadcrumbList","@id":"https:\/\/ultranatulife.com\/?product=shila-jit#breadcrumb","itemListElement":[{"@type":"ListItem","position":1,"name":"Portada","item":"https:\/\/ultranatulife.com\/"},{"@type":"ListItem","position":2,"name":"Productos","item":"https:\/\/ultranatulife.com\/?page_id=353"},{"@type":"ListItem","position":3,"name":"SHILA-JIT"}]},{"@type":"WebSite","@id":"https:\/\/ultranatulife.com\/#website","url":"https:\/\/ultranatulife.com\/","name":"Ultra NatuLife - Suplementos 100% Naturales","description":"Te ofrecemos tratamientos 100% naturales con resultados comprobados. Mejora tu vida con Ultra NatuLife.","publisher":{"@id":"https:\/\/ultranatulife.com\/#organization"},"alternateName":"Ultra Natu Life","potentialAction":[{"@type":"SearchAction","target":{"@type":"EntryPoint","urlTemplate":"https:\/\/ultranatulife.com\/?s={search_term_string}"},"query-input":{"@type":"PropertyValueSpecification","valueRequired":true,"valueName":"search_term_string"}}],"inLanguage":"en-US"},{"@type":"Organization","@id":"https:\/\/ultranatulife.com\/#organization","name":"Ultra NatuLife - Suplementos 100% Naturales","url":"https:\/\/ultranatulife.com\/","logo":{"@type":"ImageObject","inLanguage":"en-US","@id":"https:\/\/ultranatulife.com\/#\/schema\/logo\/image\/","url":"https:\/\/ultranatulife.com\/wp-content\/uploads\/2023\/04\/logo-ultra-verde.png","contentUrl":"https:\/\/ultranatulife.com\/wp-content\/uploads\/2023\/04\/logo-ultra-verde.png","width":638,"height":177,"caption":"Ultra NatuLife - Suplementos 100% Naturales"},"image":{"@id":"https:\/\/ultranatulife.com\/#\/schema\/logo\/image\/"},"sameAs":["https:\/\/www.facebook.com\/UltraNatulifeSupplements","https:\/\/www.instagram.com\/ultranatulife\/"]}]}},"_links":{"self":[{"href":"https:\/\/ultranatulife.com\/index.php?rest_route=\/wp\/v2\/product\/10703","targetHints":{"allow":["GET"]}}],"collection":[{"href":"https:\/\/ultranatulife.com\/index.php?rest_route=\/wp\/v2\/product"}],"about":[{"href":"https:\/\/ultranatulife.com\/index.php?rest_route=\/wp\/v2\/types\/product"}],"version-history":[{"count":5,"href":"https:\/\/ultranatulife.com\/index.php?rest_route=\/wp\/v2\/product\/10703\/revisions"}],"predecessor-version":[{"id":12939,"href":"https:\/\/ultranatulife.com\/index.php?rest_route=\/wp\/v2\/product\/10703\/revisions\/12939"}],"wp:featuredmedia":[{"embeddable":true,"href":"https:\/\/ultranatulife.com\/index.php?rest_route=\/wp\/v2\/media\/12916"}],"wp:attachment":[{"href":"https:\/\/ultranatulife.com\/index.php?rest_route=%2Fwp%2Fv2%2Fmedia&parent=10703"}],"wp:term":[{"taxonomy":"product_brand","embeddable":true,"href":"https:\/\/ultranatulife.com\/index.php?rest_route=%2Fwp%2Fv2%2Fproduct_brand&post=10703"},{"taxonomy":"product_cat","embeddable":true,"href":"https:\/\/ultranatulife.com\/index.php?rest_route=%2Fwp%2Fv2%2Fproduct_cat&post=10703"},{"taxonomy":"product_tag","embeddable":true,"href":"https:\/\/ultranatulife.com\/index.php?rest_route=%2Fwp%2Fv2%2Fproduct_tag&post=10703"}],"curies":[{"name":"wp","href":"https:\/\/api.w.org\/{rel}","templated":true}]}}