{"id":10708,"date":"2023-02-10T09:46:16","date_gmt":"2023-02-10T14:46:16","guid":{"rendered":"https:\/\/ultranatulife.com\/?post_type=product&#038;p=10708"},"modified":"2025-10-23T10:26:10","modified_gmt":"2025-10-23T15:26:10","slug":"tiger-king-ultra-plus","status":"publish","type":"product","link":"https:\/\/ultranatulife.com\/?product=tiger-king-ultra-plus","title":{"rendered":"Tiger King ULTRA PLUS"},"content":{"rendered":"<p>Dale power a esa fiera que tienes y goza con tu pareja, vida no hay sino una disfr\u00fatala Bro.<\/p>\n","protected":false},"excerpt":{"rendered":"<p>Si no tienes una erecci\u00f3n o es una erecci\u00f3n parcial y de corta duraci\u00f3n para ti es Tiger King Plus Ultra, pura energ\u00eda sexual. Tendr\u00e1s erecciones impresionantes y el poder una bestia, siente de nuevo ese tigre en ti, sorprende con tu resistencia y cantidad de eyaculaci\u00f3n. Nivel de power: Ultra Plus, Act\u00faa a los 45 minutos de tomarlo. 3 d\u00edas de acci\u00f3n.<\/p>\n<p>RESULTADOS GARANTIZADOS &#8211; 100% NATURAL &#8211; SIN CONTRAINDICACIONES<\/p>\n<p>&#8220;Hace unas semanas, mi relaci\u00f3n estaba en su peor momento, ya no sab\u00eda que decirle a mi pareja, por fortuna un amigo me hablo de TIGER KING ULTRA PLUS, la verdad estaba desesperado y lo prob\u00e9 sin pensarlo mucho, hoy me alegro de haberlo hecho as\u00ed, los resultados fueron casi inmediatos. Me siento con m\u00e1s fuerza y mi pareja est\u00e1 fascinada. Dej\u00e9 las excusas y pruebe TIGER KING ULTRA PLUS, a m\u00ed me sirvi\u00f3 a usted tambi\u00e9n la va a servir.<\/p>\n<h3 class=\"elementor-icon-box-title\">JUAN E. SILVAS<\/h3>\n<p class=\"elementor-icon-box-description\">Ejecutivo de ventas<\/p>\n<p>&nbsp;<\/p>\n<p>Si no tienes una erecci\u00f3n o es una erecci\u00f3n parcial y de corta duraci\u00f3n para ti es Tiger King Plus Ultra, pura energ\u00eda sexual. Tendr\u00e1s erecciones impresionantes y el poder una bestia, siente de nuevo ese tigre en ti, sorprende con tu resistencia y cantidad de eyaculaci\u00f3n. Nivel de power: Ultra Plus, Act\u00faa a los 45 minutos de tomarlo. 3 d\u00edas de acci\u00f3n.<\/p>\n","protected":false},"featured_media":10874,"template":"","meta":[],"product_brand":[],"product_cat":[21],"product_tag":[],"class_list":{"0":"post-10708","1":"product","2":"type-product","3":"status-publish","4":"has-post-thumbnail","6":"product_cat-salud-sexual","8":"first","9":"instock","10":"taxable","11":"shipping-taxable","12":"purchasable","13":"product-type-simple"},"yoast_head":"<!-- This site is optimized with the Yoast SEO plugin v27.4 - https:\/\/yoast.com\/product\/yoast-seo-wordpress\/ -->\n<title>Tiger King Ultra Plus - Tratamiento para Disfunci\u00f3n Er\u00e9ctil<\/title>\n<meta name=\"description\" content=\"Si no tienes una erecci\u00f3n o es una erecci\u00f3n parcial y de corta duraci\u00f3n para ti es Tiger King Plus Ultra, pura energ\u00eda sexual. \u00a1No requiere f\u00f3rmula!\" \/>\n<meta name=\"robots\" content=\"index, follow, max-snippet:-1, max-image-preview:large, max-video-preview:-1\" \/>\n<link rel=\"canonical\" href=\"https:\/\/ultranatulife.com\/?product=tiger-king-ultra-plus\" \/>\n<meta property=\"og:locale\" content=\"en_US\" \/>\n<meta property=\"og:type\" content=\"article\" \/>\n<meta property=\"og:title\" content=\"Tiger King Ultra Plus - Tratamiento para Disfunci\u00f3n Er\u00e9ctil\" \/>\n<meta property=\"og:description\" content=\"Si no tienes una erecci\u00f3n o es una erecci\u00f3n parcial y de corta duraci\u00f3n para ti es Tiger King Plus Ultra, pura energ\u00eda sexual. \u00a1No requiere f\u00f3rmula!\" \/>\n<meta property=\"og:url\" content=\"https:\/\/ultranatulife.com\/?product=tiger-king-ultra-plus\" \/>\n<meta property=\"og:site_name\" content=\"Ultra Natu Life\" \/>\n<meta property=\"article:publisher\" content=\"https:\/\/www.facebook.com\/UltraNatulifeSupplements\" \/>\n<meta property=\"article:modified_time\" content=\"2025-10-23T15:26:10+00:00\" \/>\n<meta property=\"og:image\" content=\"https:\/\/ultranatulife.com\/wp-content\/uploads\/2023\/02\/TigerKingUPNoBack-View-1.png\" \/>\n\t<meta property=\"og:image:width\" content=\"2000\" \/>\n\t<meta property=\"og:image:height\" content=\"2000\" \/>\n\t<meta property=\"og:image:type\" content=\"image\/png\" \/>\n<meta name=\"twitter:card\" content=\"summary_large_image\" \/>\n<meta name=\"twitter:label1\" content=\"Est. reading time\" \/>\n\t<meta name=\"twitter:data1\" content=\"1 minute\" \/>\n<script type=\"application\/ld+json\" class=\"yoast-schema-graph\">{\"@context\":\"https:\\\/\\\/schema.org\",\"@graph\":[{\"@type\":\"WebPage\",\"@id\":\"https:\\\/\\\/ultranatulife.com\\\/?product=tiger-king-ultra-plus\",\"url\":\"https:\\\/\\\/ultranatulife.com\\\/?product=tiger-king-ultra-plus\",\"name\":\"Tiger King Ultra Plus - Tratamiento para Disfunci\u00f3n Er\u00e9ctil\",\"isPartOf\":{\"@id\":\"https:\\\/\\\/ultranatulife.com\\\/#website\"},\"primaryImageOfPage\":{\"@id\":\"https:\\\/\\\/ultranatulife.com\\\/?product=tiger-king-ultra-plus#primaryimage\"},\"image\":{\"@id\":\"https:\\\/\\\/ultranatulife.com\\\/?product=tiger-king-ultra-plus#primaryimage\"},\"thumbnailUrl\":\"https:\\\/\\\/ultranatulife.com\\\/wp-content\\\/uploads\\\/2023\\\/02\\\/TigerKingUPNoBack-View-1.png\",\"datePublished\":\"2023-02-10T14:46:16+00:00\",\"dateModified\":\"2025-10-23T15:26:10+00:00\",\"description\":\"Si no tienes una erecci\u00f3n o es una erecci\u00f3n parcial y de corta duraci\u00f3n para ti es Tiger King Plus Ultra, pura energ\u00eda sexual. \u00a1No requiere f\u00f3rmula!\",\"breadcrumb\":{\"@id\":\"https:\\\/\\\/ultranatulife.com\\\/?product=tiger-king-ultra-plus#breadcrumb\"},\"inLanguage\":\"en-US\",\"potentialAction\":[{\"@type\":\"ReadAction\",\"target\":[\"https:\\\/\\\/ultranatulife.com\\\/?product=tiger-king-ultra-plus\"]}]},{\"@type\":\"ImageObject\",\"inLanguage\":\"en-US\",\"@id\":\"https:\\\/\\\/ultranatulife.com\\\/?product=tiger-king-ultra-plus#primaryimage\",\"url\":\"https:\\\/\\\/ultranatulife.com\\\/wp-content\\\/uploads\\\/2023\\\/02\\\/TigerKingUPNoBack-View-1.png\",\"contentUrl\":\"https:\\\/\\\/ultranatulife.com\\\/wp-content\\\/uploads\\\/2023\\\/02\\\/TigerKingUPNoBack-View-1.png\",\"width\":2000,\"height\":2000,\"caption\":\"Tiger King Ultra Plus - Tratamiento para Disfunci\u00f3n Er\u00e9ctil y Erecci\u00f3n\"},{\"@type\":\"BreadcrumbList\",\"@id\":\"https:\\\/\\\/ultranatulife.com\\\/?product=tiger-king-ultra-plus#breadcrumb\",\"itemListElement\":[{\"@type\":\"ListItem\",\"position\":1,\"name\":\"Portada\",\"item\":\"https:\\\/\\\/ultranatulife.com\\\/\"},{\"@type\":\"ListItem\",\"position\":2,\"name\":\"Productos\",\"item\":\"https:\\\/\\\/ultranatulife.com\\\/?page_id=353\"},{\"@type\":\"ListItem\",\"position\":3,\"name\":\"Tiger King ULTRA PLUS\"}]},{\"@type\":\"WebSite\",\"@id\":\"https:\\\/\\\/ultranatulife.com\\\/#website\",\"url\":\"https:\\\/\\\/ultranatulife.com\\\/\",\"name\":\"Ultra NatuLife - Suplementos 100% Naturales\",\"description\":\"Te ofrecemos tratamientos 100% naturales con resultados comprobados. Mejora tu vida con Ultra NatuLife.\",\"publisher\":{\"@id\":\"https:\\\/\\\/ultranatulife.com\\\/#organization\"},\"alternateName\":\"Ultra Natu Life\",\"potentialAction\":[{\"@type\":\"SearchAction\",\"target\":{\"@type\":\"EntryPoint\",\"urlTemplate\":\"https:\\\/\\\/ultranatulife.com\\\/?s={search_term_string}\"},\"query-input\":{\"@type\":\"PropertyValueSpecification\",\"valueRequired\":true,\"valueName\":\"search_term_string\"}}],\"inLanguage\":\"en-US\"},{\"@type\":\"Organization\",\"@id\":\"https:\\\/\\\/ultranatulife.com\\\/#organization\",\"name\":\"Ultra NatuLife - Suplementos 100% Naturales\",\"url\":\"https:\\\/\\\/ultranatulife.com\\\/\",\"logo\":{\"@type\":\"ImageObject\",\"inLanguage\":\"en-US\",\"@id\":\"https:\\\/\\\/ultranatulife.com\\\/#\\\/schema\\\/logo\\\/image\\\/\",\"url\":\"https:\\\/\\\/ultranatulife.com\\\/wp-content\\\/uploads\\\/2023\\\/04\\\/logo-ultra-verde.png\",\"contentUrl\":\"https:\\\/\\\/ultranatulife.com\\\/wp-content\\\/uploads\\\/2023\\\/04\\\/logo-ultra-verde.png\",\"width\":638,\"height\":177,\"caption\":\"Ultra NatuLife - Suplementos 100% Naturales\"},\"image\":{\"@id\":\"https:\\\/\\\/ultranatulife.com\\\/#\\\/schema\\\/logo\\\/image\\\/\"},\"sameAs\":[\"https:\\\/\\\/www.facebook.com\\\/UltraNatulifeSupplements\",\"https:\\\/\\\/www.instagram.com\\\/ultranatulife\\\/\"]}]}<\/script>\n<!-- \/ Yoast SEO plugin. -->","yoast_head_json":{"title":"Tiger King Ultra Plus - Tratamiento para Disfunci\u00f3n Er\u00e9ctil","description":"Si no tienes una erecci\u00f3n o es una erecci\u00f3n parcial y de corta duraci\u00f3n para ti es Tiger King Plus Ultra, pura energ\u00eda sexual. \u00a1No requiere f\u00f3rmula!","robots":{"index":"index","follow":"follow","max-snippet":"max-snippet:-1","max-image-preview":"max-image-preview:large","max-video-preview":"max-video-preview:-1"},"canonical":"https:\/\/ultranatulife.com\/?product=tiger-king-ultra-plus","og_locale":"en_US","og_type":"article","og_title":"Tiger King Ultra Plus - Tratamiento para Disfunci\u00f3n Er\u00e9ctil","og_description":"Si no tienes una erecci\u00f3n o es una erecci\u00f3n parcial y de corta duraci\u00f3n para ti es Tiger King Plus Ultra, pura energ\u00eda sexual. \u00a1No requiere f\u00f3rmula!","og_url":"https:\/\/ultranatulife.com\/?product=tiger-king-ultra-plus","og_site_name":"Ultra Natu Life","article_publisher":"https:\/\/www.facebook.com\/UltraNatulifeSupplements","article_modified_time":"2025-10-23T15:26:10+00:00","og_image":[{"width":2000,"height":2000,"url":"https:\/\/ultranatulife.com\/wp-content\/uploads\/2023\/02\/TigerKingUPNoBack-View-1.png","type":"image\/png"}],"twitter_card":"summary_large_image","twitter_misc":{"Est. reading time":"1 minute"},"schema":{"@context":"https:\/\/schema.org","@graph":[{"@type":"WebPage","@id":"https:\/\/ultranatulife.com\/?product=tiger-king-ultra-plus","url":"https:\/\/ultranatulife.com\/?product=tiger-king-ultra-plus","name":"Tiger King Ultra Plus - Tratamiento para Disfunci\u00f3n Er\u00e9ctil","isPartOf":{"@id":"https:\/\/ultranatulife.com\/#website"},"primaryImageOfPage":{"@id":"https:\/\/ultranatulife.com\/?product=tiger-king-ultra-plus#primaryimage"},"image":{"@id":"https:\/\/ultranatulife.com\/?product=tiger-king-ultra-plus#primaryimage"},"thumbnailUrl":"https:\/\/ultranatulife.com\/wp-content\/uploads\/2023\/02\/TigerKingUPNoBack-View-1.png","datePublished":"2023-02-10T14:46:16+00:00","dateModified":"2025-10-23T15:26:10+00:00","description":"Si no tienes una erecci\u00f3n o es una erecci\u00f3n parcial y de corta duraci\u00f3n para ti es Tiger King Plus Ultra, pura energ\u00eda sexual. \u00a1No requiere f\u00f3rmula!","breadcrumb":{"@id":"https:\/\/ultranatulife.com\/?product=tiger-king-ultra-plus#breadcrumb"},"inLanguage":"en-US","potentialAction":[{"@type":"ReadAction","target":["https:\/\/ultranatulife.com\/?product=tiger-king-ultra-plus"]}]},{"@type":"ImageObject","inLanguage":"en-US","@id":"https:\/\/ultranatulife.com\/?product=tiger-king-ultra-plus#primaryimage","url":"https:\/\/ultranatulife.com\/wp-content\/uploads\/2023\/02\/TigerKingUPNoBack-View-1.png","contentUrl":"https:\/\/ultranatulife.com\/wp-content\/uploads\/2023\/02\/TigerKingUPNoBack-View-1.png","width":2000,"height":2000,"caption":"Tiger King Ultra Plus - Tratamiento para Disfunci\u00f3n Er\u00e9ctil y Erecci\u00f3n"},{"@type":"BreadcrumbList","@id":"https:\/\/ultranatulife.com\/?product=tiger-king-ultra-plus#breadcrumb","itemListElement":[{"@type":"ListItem","position":1,"name":"Portada","item":"https:\/\/ultranatulife.com\/"},{"@type":"ListItem","position":2,"name":"Productos","item":"https:\/\/ultranatulife.com\/?page_id=353"},{"@type":"ListItem","position":3,"name":"Tiger King ULTRA PLUS"}]},{"@type":"WebSite","@id":"https:\/\/ultranatulife.com\/#website","url":"https:\/\/ultranatulife.com\/","name":"Ultra NatuLife - Suplementos 100% Naturales","description":"Te ofrecemos tratamientos 100% naturales con resultados comprobados. Mejora tu vida con Ultra NatuLife.","publisher":{"@id":"https:\/\/ultranatulife.com\/#organization"},"alternateName":"Ultra Natu Life","potentialAction":[{"@type":"SearchAction","target":{"@type":"EntryPoint","urlTemplate":"https:\/\/ultranatulife.com\/?s={search_term_string}"},"query-input":{"@type":"PropertyValueSpecification","valueRequired":true,"valueName":"search_term_string"}}],"inLanguage":"en-US"},{"@type":"Organization","@id":"https:\/\/ultranatulife.com\/#organization","name":"Ultra NatuLife - Suplementos 100% Naturales","url":"https:\/\/ultranatulife.com\/","logo":{"@type":"ImageObject","inLanguage":"en-US","@id":"https:\/\/ultranatulife.com\/#\/schema\/logo\/image\/","url":"https:\/\/ultranatulife.com\/wp-content\/uploads\/2023\/04\/logo-ultra-verde.png","contentUrl":"https:\/\/ultranatulife.com\/wp-content\/uploads\/2023\/04\/logo-ultra-verde.png","width":638,"height":177,"caption":"Ultra NatuLife - Suplementos 100% Naturales"},"image":{"@id":"https:\/\/ultranatulife.com\/#\/schema\/logo\/image\/"},"sameAs":["https:\/\/www.facebook.com\/UltraNatulifeSupplements","https:\/\/www.instagram.com\/ultranatulife\/"]}]}},"_links":{"self":[{"href":"https:\/\/ultranatulife.com\/index.php?rest_route=\/wp\/v2\/product\/10708","targetHints":{"allow":["GET"]}}],"collection":[{"href":"https:\/\/ultranatulife.com\/index.php?rest_route=\/wp\/v2\/product"}],"about":[{"href":"https:\/\/ultranatulife.com\/index.php?rest_route=\/wp\/v2\/types\/product"}],"version-history":[{"count":6,"href":"https:\/\/ultranatulife.com\/index.php?rest_route=\/wp\/v2\/product\/10708\/revisions"}],"predecessor-version":[{"id":12443,"href":"https:\/\/ultranatulife.com\/index.php?rest_route=\/wp\/v2\/product\/10708\/revisions\/12443"}],"wp:featuredmedia":[{"embeddable":true,"href":"https:\/\/ultranatulife.com\/index.php?rest_route=\/wp\/v2\/media\/10874"}],"wp:attachment":[{"href":"https:\/\/ultranatulife.com\/index.php?rest_route=%2Fwp%2Fv2%2Fmedia&parent=10708"}],"wp:term":[{"taxonomy":"product_brand","embeddable":true,"href":"https:\/\/ultranatulife.com\/index.php?rest_route=%2Fwp%2Fv2%2Fproduct_brand&post=10708"},{"taxonomy":"product_cat","embeddable":true,"href":"https:\/\/ultranatulife.com\/index.php?rest_route=%2Fwp%2Fv2%2Fproduct_cat&post=10708"},{"taxonomy":"product_tag","embeddable":true,"href":"https:\/\/ultranatulife.com\/index.php?rest_route=%2Fwp%2Fv2%2Fproduct_tag&post=10708"}],"curies":[{"name":"wp","href":"https:\/\/api.w.org\/{rel}","templated":true}]}}