{"id":11188,"date":"2023-03-17T16:34:06","date_gmt":"2023-03-17T21:34:06","guid":{"rendered":"https:\/\/ultranatulife.com\/?post_type=product&#038;p=11188"},"modified":"2023-07-17T15:46:59","modified_gmt":"2023-07-17T20:46:59","slug":"combo-salud-general-memoria-y-concentracion","status":"publish","type":"product","link":"https:\/\/ultranatulife.com\/?product=combo-salud-general-memoria-y-concentracion","title":{"rendered":"Combo Salud General Memoria y Concentraci\u00f3n"},"content":{"rendered":"<p>Ashwagandha se llama Rasayana, que significa poderoso rejuvenecedor en la terminolog\u00eda ayurv\u00e9dica. Es una hierba vital en Ayurveda. Es una planta hermosamente delicada. Vitaliza el cuerpo para proporcionar fuerza y salud.<\/p>\n<p>Ashwagandha apoya la capacidad del cuerpo para mantener el esfuerzo f\u00edsico y ayuda al cuerpo a adaptarse a los diversos tipos de estr\u00e9s regular de la vida diaria. Ayuda a mantener la nutrici\u00f3n adecuada de los tejidos, en particular los m\u00fasculos y los huesos, al mismo tiempo que respalda el funcionamiento adecuado de las gl\u00e1ndulas suprarrenales y el sistema reproductivo. Seg\u00fan el sistema ayurv\u00e9dico, Ashwagandha es la hierba para equilibrar Vata (aire) en el cuerpo. Vata (aire) gobierna todos los movimientos del cuerpo, incluido el movimiento de los impulsos nerviosos en todo el sistema nervioso. Ashwagandha ayuda a mantener la salud de los tejidos en todo el cuerpo, despeja la mente, fortalece los nervios y ayuda a mantener un patr\u00f3n de sue\u00f1o saludable.<\/p>\n<p>Composici\u00f3n<br \/>\n<strong>Extractos de la m\u00e1s alta calidad de hierbas ayurv\u00e9dicas \u00fanico con 800mg de Ashwagandha en cada c\u00e1psula.<\/strong><\/p>\n<p>Todas las hierbas utilizadas en este producto tienen un historial seguro de uso en Ayurveda desde tiempos inmemoriales. Tienen beneficios muy \u00fanicos con propiedades herbales \u00fanicas.<\/p>\n<p>Los efectos combinados de todas estas hierbas formuladas de tal manera que ayudan a traer los tres Doshas (humores) Vata (aire), Pitta (fuego) y Kapha (agua) en su estado natural equilibrado.<\/p>\n","protected":false},"excerpt":{"rendered":"<p><b>Mejora el Funcionamiento de el Sistema Nervioso al combatir la Ansiedad. Poderoso Anti-Inflamatorio y Anti-Oxidante, Refuerza el Sistema Cardiovascular, el Sistema Inmunol\u00f3gico y las Funciones Cerebrales y la Memoria. Reduce el Colesterol, los Triglic\u00e9ridos\u00a0y la Depresi\u00f3n.<\/b><\/p>\n<p><strong>Suplemento diet\u00e9tico ayurv\u00e9dico \u00fanico con 800mg de Ashwagandha en cada c\u00e1psula.<\/strong><\/p>\n<p><strong>Son hierbas ayurv\u00e9dicas tradicionales que se han utilizado en Ayurveda desde tiempos inmemoriales.<\/strong><br \/>\nApoya la energ\u00eda.<br \/>\nApoya la salud muscular y \u00f3sea.<br \/>\nApoya el rendimiento f\u00edsico y mental.<br \/>\nReduce los niveles de ansiedad y estr\u00e9s, aumenta la vitalidad y el vigor.<br \/>\nAyuda al cuerpo y la mente a combatir el estr\u00e9s de la vida diaria y mejora el rendimiento laboral.<br \/>\nSeg\u00fan la sabidur\u00eda Ayurveda el Ashwagandha act\u00faa como un t\u00f3nico para los sistemas reproductivo, respiratorio e inmunol\u00f3gico.<\/p>\n","protected":false},"featured_media":12887,"template":"","meta":[],"product_brand":[],"product_cat":[70,71,38,69],"product_tag":[],"class_list":{"0":"post-11188","1":"product","2":"type-product","3":"status-publish","4":"has-post-thumbnail","6":"product_cat-anti-envejecimiento","7":"product_cat-colesterol-y-trigliceridos","8":"product_cat-combos","9":"product_cat-stress-y-ansiedad","11":"first","12":"instock","13":"taxable","14":"shipping-taxable","15":"purchasable","16":"product-type-simple"},"yoast_head":"<!-- This site is optimized with the Yoast SEO plugin v27.4 - https:\/\/yoast.com\/product\/yoast-seo-wordpress\/ -->\n<title>Ashwagandha - Suplemento para la Memoria y la Concentraci\u00f3n<\/title>\n<meta name=\"description\" content=\"Ultra NatuLife trae contigo el suplemento natural Ashwagandha. \u00danico en el mercado con 800mg de Ashwagandha en cada c\u00e1psula. \u00a1Pague 2, lleve 3!\" \/>\n<meta name=\"robots\" content=\"index, follow, max-snippet:-1, max-image-preview:large, max-video-preview:-1\" \/>\n<link rel=\"canonical\" href=\"https:\/\/ultranatulife.com\/?product=combo-salud-general-memoria-y-concentracion\" \/>\n<meta property=\"og:locale\" content=\"en_US\" \/>\n<meta property=\"og:type\" content=\"article\" \/>\n<meta property=\"og:title\" content=\"Ashwagandha - Suplemento para la Memoria y la Concentraci\u00f3n\" \/>\n<meta property=\"og:description\" content=\"Ultra NatuLife trae contigo el suplemento natural Ashwagandha. \u00danico en el mercado con 800mg de Ashwagandha en cada c\u00e1psula. \u00a1Pague 2, lleve 3!\" \/>\n<meta property=\"og:url\" content=\"https:\/\/ultranatulife.com\/?product=combo-salud-general-memoria-y-concentracion\" \/>\n<meta property=\"og:site_name\" content=\"Ultra Natu Life\" \/>\n<meta property=\"article:publisher\" content=\"https:\/\/www.facebook.com\/UltraNatulifeSupplements\" \/>\n<meta property=\"article:modified_time\" content=\"2023-07-17T20:46:59+00:00\" \/>\n<meta property=\"og:image\" content=\"https:\/\/ultranatulife.com\/wp-content\/uploads\/2023\/07\/Ultra-New-Render-June-2023-ASHAx3-Front.png\" \/>\n\t<meta property=\"og:image:width\" content=\"1000\" \/>\n\t<meta property=\"og:image:height\" content=\"1000\" \/>\n\t<meta property=\"og:image:type\" content=\"image\/png\" \/>\n<meta name=\"twitter:card\" content=\"summary_large_image\" \/>\n<meta name=\"twitter:label1\" content=\"Est. reading time\" \/>\n\t<meta name=\"twitter:data1\" content=\"2 minutes\" \/>\n<script type=\"application\/ld+json\" class=\"yoast-schema-graph\">{\"@context\":\"https:\\\/\\\/schema.org\",\"@graph\":[{\"@type\":\"WebPage\",\"@id\":\"https:\\\/\\\/ultranatulife.com\\\/?product=combo-salud-general-memoria-y-concentracion\",\"url\":\"https:\\\/\\\/ultranatulife.com\\\/?product=combo-salud-general-memoria-y-concentracion\",\"name\":\"Ashwagandha - Suplemento para la Memoria y la Concentraci\u00f3n\",\"isPartOf\":{\"@id\":\"https:\\\/\\\/ultranatulife.com\\\/#website\"},\"primaryImageOfPage\":{\"@id\":\"https:\\\/\\\/ultranatulife.com\\\/?product=combo-salud-general-memoria-y-concentracion#primaryimage\"},\"image\":{\"@id\":\"https:\\\/\\\/ultranatulife.com\\\/?product=combo-salud-general-memoria-y-concentracion#primaryimage\"},\"thumbnailUrl\":\"https:\\\/\\\/ultranatulife.com\\\/wp-content\\\/uploads\\\/2023\\\/07\\\/Ultra-New-Render-June-2023-ASHAx3-Front.png\",\"datePublished\":\"2023-03-17T21:34:06+00:00\",\"dateModified\":\"2023-07-17T20:46:59+00:00\",\"description\":\"Ultra NatuLife trae contigo el suplemento natural Ashwagandha. \u00danico en el mercado con 800mg de Ashwagandha en cada c\u00e1psula. \u00a1Pague 2, lleve 3!\",\"breadcrumb\":{\"@id\":\"https:\\\/\\\/ultranatulife.com\\\/?product=combo-salud-general-memoria-y-concentracion#breadcrumb\"},\"inLanguage\":\"en-US\",\"potentialAction\":[{\"@type\":\"ReadAction\",\"target\":[\"https:\\\/\\\/ultranatulife.com\\\/?product=combo-salud-general-memoria-y-concentracion\"]}]},{\"@type\":\"ImageObject\",\"inLanguage\":\"en-US\",\"@id\":\"https:\\\/\\\/ultranatulife.com\\\/?product=combo-salud-general-memoria-y-concentracion#primaryimage\",\"url\":\"https:\\\/\\\/ultranatulife.com\\\/wp-content\\\/uploads\\\/2023\\\/07\\\/Ultra-New-Render-June-2023-ASHAx3-Front.png\",\"contentUrl\":\"https:\\\/\\\/ultranatulife.com\\\/wp-content\\\/uploads\\\/2023\\\/07\\\/Ultra-New-Render-June-2023-ASHAx3-Front.png\",\"width\":1000,\"height\":1000},{\"@type\":\"BreadcrumbList\",\"@id\":\"https:\\\/\\\/ultranatulife.com\\\/?product=combo-salud-general-memoria-y-concentracion#breadcrumb\",\"itemListElement\":[{\"@type\":\"ListItem\",\"position\":1,\"name\":\"Portada\",\"item\":\"https:\\\/\\\/ultranatulife.com\\\/\"},{\"@type\":\"ListItem\",\"position\":2,\"name\":\"Productos\",\"item\":\"https:\\\/\\\/ultranatulife.com\\\/?page_id=353\"},{\"@type\":\"ListItem\",\"position\":3,\"name\":\"Combo Salud General Memoria y Concentraci\u00f3n\"}]},{\"@type\":\"WebSite\",\"@id\":\"https:\\\/\\\/ultranatulife.com\\\/#website\",\"url\":\"https:\\\/\\\/ultranatulife.com\\\/\",\"name\":\"Ultra NatuLife - Suplementos 100% Naturales\",\"description\":\"Te ofrecemos tratamientos 100% naturales con resultados comprobados. Mejora tu vida con Ultra NatuLife.\",\"publisher\":{\"@id\":\"https:\\\/\\\/ultranatulife.com\\\/#organization\"},\"alternateName\":\"Ultra Natu Life\",\"potentialAction\":[{\"@type\":\"SearchAction\",\"target\":{\"@type\":\"EntryPoint\",\"urlTemplate\":\"https:\\\/\\\/ultranatulife.com\\\/?s={search_term_string}\"},\"query-input\":{\"@type\":\"PropertyValueSpecification\",\"valueRequired\":true,\"valueName\":\"search_term_string\"}}],\"inLanguage\":\"en-US\"},{\"@type\":\"Organization\",\"@id\":\"https:\\\/\\\/ultranatulife.com\\\/#organization\",\"name\":\"Ultra NatuLife - Suplementos 100% Naturales\",\"url\":\"https:\\\/\\\/ultranatulife.com\\\/\",\"logo\":{\"@type\":\"ImageObject\",\"inLanguage\":\"en-US\",\"@id\":\"https:\\\/\\\/ultranatulife.com\\\/#\\\/schema\\\/logo\\\/image\\\/\",\"url\":\"https:\\\/\\\/ultranatulife.com\\\/wp-content\\\/uploads\\\/2023\\\/04\\\/logo-ultra-verde.png\",\"contentUrl\":\"https:\\\/\\\/ultranatulife.com\\\/wp-content\\\/uploads\\\/2023\\\/04\\\/logo-ultra-verde.png\",\"width\":638,\"height\":177,\"caption\":\"Ultra NatuLife - Suplementos 100% Naturales\"},\"image\":{\"@id\":\"https:\\\/\\\/ultranatulife.com\\\/#\\\/schema\\\/logo\\\/image\\\/\"},\"sameAs\":[\"https:\\\/\\\/www.facebook.com\\\/UltraNatulifeSupplements\",\"https:\\\/\\\/www.instagram.com\\\/ultranatulife\\\/\"]}]}<\/script>\n<!-- \/ Yoast SEO plugin. -->","yoast_head_json":{"title":"Ashwagandha - Suplemento para la Memoria y la Concentraci\u00f3n","description":"Ultra NatuLife trae contigo el suplemento natural Ashwagandha. \u00danico en el mercado con 800mg de Ashwagandha en cada c\u00e1psula. \u00a1Pague 2, lleve 3!","robots":{"index":"index","follow":"follow","max-snippet":"max-snippet:-1","max-image-preview":"max-image-preview:large","max-video-preview":"max-video-preview:-1"},"canonical":"https:\/\/ultranatulife.com\/?product=combo-salud-general-memoria-y-concentracion","og_locale":"en_US","og_type":"article","og_title":"Ashwagandha - Suplemento para la Memoria y la Concentraci\u00f3n","og_description":"Ultra NatuLife trae contigo el suplemento natural Ashwagandha. \u00danico en el mercado con 800mg de Ashwagandha en cada c\u00e1psula. \u00a1Pague 2, lleve 3!","og_url":"https:\/\/ultranatulife.com\/?product=combo-salud-general-memoria-y-concentracion","og_site_name":"Ultra Natu Life","article_publisher":"https:\/\/www.facebook.com\/UltraNatulifeSupplements","article_modified_time":"2023-07-17T20:46:59+00:00","og_image":[{"width":1000,"height":1000,"url":"https:\/\/ultranatulife.com\/wp-content\/uploads\/2023\/07\/Ultra-New-Render-June-2023-ASHAx3-Front.png","type":"image\/png"}],"twitter_card":"summary_large_image","twitter_misc":{"Est. reading time":"2 minutes"},"schema":{"@context":"https:\/\/schema.org","@graph":[{"@type":"WebPage","@id":"https:\/\/ultranatulife.com\/?product=combo-salud-general-memoria-y-concentracion","url":"https:\/\/ultranatulife.com\/?product=combo-salud-general-memoria-y-concentracion","name":"Ashwagandha - Suplemento para la Memoria y la Concentraci\u00f3n","isPartOf":{"@id":"https:\/\/ultranatulife.com\/#website"},"primaryImageOfPage":{"@id":"https:\/\/ultranatulife.com\/?product=combo-salud-general-memoria-y-concentracion#primaryimage"},"image":{"@id":"https:\/\/ultranatulife.com\/?product=combo-salud-general-memoria-y-concentracion#primaryimage"},"thumbnailUrl":"https:\/\/ultranatulife.com\/wp-content\/uploads\/2023\/07\/Ultra-New-Render-June-2023-ASHAx3-Front.png","datePublished":"2023-03-17T21:34:06+00:00","dateModified":"2023-07-17T20:46:59+00:00","description":"Ultra NatuLife trae contigo el suplemento natural Ashwagandha. \u00danico en el mercado con 800mg de Ashwagandha en cada c\u00e1psula. \u00a1Pague 2, lleve 3!","breadcrumb":{"@id":"https:\/\/ultranatulife.com\/?product=combo-salud-general-memoria-y-concentracion#breadcrumb"},"inLanguage":"en-US","potentialAction":[{"@type":"ReadAction","target":["https:\/\/ultranatulife.com\/?product=combo-salud-general-memoria-y-concentracion"]}]},{"@type":"ImageObject","inLanguage":"en-US","@id":"https:\/\/ultranatulife.com\/?product=combo-salud-general-memoria-y-concentracion#primaryimage","url":"https:\/\/ultranatulife.com\/wp-content\/uploads\/2023\/07\/Ultra-New-Render-June-2023-ASHAx3-Front.png","contentUrl":"https:\/\/ultranatulife.com\/wp-content\/uploads\/2023\/07\/Ultra-New-Render-June-2023-ASHAx3-Front.png","width":1000,"height":1000},{"@type":"BreadcrumbList","@id":"https:\/\/ultranatulife.com\/?product=combo-salud-general-memoria-y-concentracion#breadcrumb","itemListElement":[{"@type":"ListItem","position":1,"name":"Portada","item":"https:\/\/ultranatulife.com\/"},{"@type":"ListItem","position":2,"name":"Productos","item":"https:\/\/ultranatulife.com\/?page_id=353"},{"@type":"ListItem","position":3,"name":"Combo Salud General Memoria y Concentraci\u00f3n"}]},{"@type":"WebSite","@id":"https:\/\/ultranatulife.com\/#website","url":"https:\/\/ultranatulife.com\/","name":"Ultra NatuLife - Suplementos 100% Naturales","description":"Te ofrecemos tratamientos 100% naturales con resultados comprobados. Mejora tu vida con Ultra NatuLife.","publisher":{"@id":"https:\/\/ultranatulife.com\/#organization"},"alternateName":"Ultra Natu Life","potentialAction":[{"@type":"SearchAction","target":{"@type":"EntryPoint","urlTemplate":"https:\/\/ultranatulife.com\/?s={search_term_string}"},"query-input":{"@type":"PropertyValueSpecification","valueRequired":true,"valueName":"search_term_string"}}],"inLanguage":"en-US"},{"@type":"Organization","@id":"https:\/\/ultranatulife.com\/#organization","name":"Ultra NatuLife - Suplementos 100% Naturales","url":"https:\/\/ultranatulife.com\/","logo":{"@type":"ImageObject","inLanguage":"en-US","@id":"https:\/\/ultranatulife.com\/#\/schema\/logo\/image\/","url":"https:\/\/ultranatulife.com\/wp-content\/uploads\/2023\/04\/logo-ultra-verde.png","contentUrl":"https:\/\/ultranatulife.com\/wp-content\/uploads\/2023\/04\/logo-ultra-verde.png","width":638,"height":177,"caption":"Ultra NatuLife - Suplementos 100% Naturales"},"image":{"@id":"https:\/\/ultranatulife.com\/#\/schema\/logo\/image\/"},"sameAs":["https:\/\/www.facebook.com\/UltraNatulifeSupplements","https:\/\/www.instagram.com\/ultranatulife\/"]}]}},"_links":{"self":[{"href":"https:\/\/ultranatulife.com\/index.php?rest_route=\/wp\/v2\/product\/11188","targetHints":{"allow":["GET"]}}],"collection":[{"href":"https:\/\/ultranatulife.com\/index.php?rest_route=\/wp\/v2\/product"}],"about":[{"href":"https:\/\/ultranatulife.com\/index.php?rest_route=\/wp\/v2\/types\/product"}],"version-history":[{"count":10,"href":"https:\/\/ultranatulife.com\/index.php?rest_route=\/wp\/v2\/product\/11188\/revisions"}],"predecessor-version":[{"id":12936,"href":"https:\/\/ultranatulife.com\/index.php?rest_route=\/wp\/v2\/product\/11188\/revisions\/12936"}],"wp:featuredmedia":[{"embeddable":true,"href":"https:\/\/ultranatulife.com\/index.php?rest_route=\/wp\/v2\/media\/12887"}],"wp:attachment":[{"href":"https:\/\/ultranatulife.com\/index.php?rest_route=%2Fwp%2Fv2%2Fmedia&parent=11188"}],"wp:term":[{"taxonomy":"product_brand","embeddable":true,"href":"https:\/\/ultranatulife.com\/index.php?rest_route=%2Fwp%2Fv2%2Fproduct_brand&post=11188"},{"taxonomy":"product_cat","embeddable":true,"href":"https:\/\/ultranatulife.com\/index.php?rest_route=%2Fwp%2Fv2%2Fproduct_cat&post=11188"},{"taxonomy":"product_tag","embeddable":true,"href":"https:\/\/ultranatulife.com\/index.php?rest_route=%2Fwp%2Fv2%2Fproduct_tag&post=11188"}],"curies":[{"name":"wp","href":"https:\/\/api.w.org\/{rel}","templated":true}]}}