{"id":11197,"date":"2023-03-17T16:48:02","date_gmt":"2023-03-17T21:48:02","guid":{"rendered":"https:\/\/ultranatulife.com\/?post_type=product&#038;p=11197"},"modified":"2023-07-10T12:56:14","modified_gmt":"2023-07-10T17:56:14","slug":"combo-control-azucar","status":"publish","type":"product","link":"https:\/\/ultranatulife.com\/?product=combo-control-azucar","title":{"rendered":"Combo Control Az\u00facar"},"content":{"rendered":"<p>Tome 1 c\u00e1psula\/tableta de Vege 3 veces al d\u00eda antes de las comidas con agua. Si es necesario, tome 1 c\u00e1psula de Vege a la hora de acostarse, 2 horas despu\u00e9s de la cena. Ajuste la dosis seg\u00fan los requisitos del cuerpo. Reducir la dosis si es necesario.<\/p>\n<p>Modo de empleo: Tomar como parte de su dieta 1 c\u00e1psula de Vege con el desayuno, 1 c\u00e1psula de Vege 30 minutos antes del almuerzo y la cena. Si es necesario, tome 1 c\u00e1psula de Vege antes de acostarse y al menos dos horas despu\u00e9s de la cena. Tome Diabetes AID como parte de su dieta diaria. No suspenda su medicamento recetado o insulina. \u00daselo con frecuencia para obtener beneficios \u00f3ptimos.<\/p>\n<p>Ingredientes<br \/>\nGurmar (Gymnema Sylvester), duramen de Bijasal (Pterocarpus Marsupium), fruta de mel\u00f3n amargo (Momordica Charantia), semillas de Jambul (Eugenia Jambolana), hojas de Neem (Azadirachta Indica), semillas de alholva (Trigonella Foenum-Graecum), tallo de Giloy (Tinospora Cordifolia) , Bimbi (Coccinia Indica) Fruta, Shilajit (Alquitr\u00e1n mineral) Exudado, C\u00farcuma (Curcuma Longa) Rizoma, Vat (Ficus Benghalensis) Ra\u00edz, Amla (Emblica Officinalis) Fruta, Ashwagandha (Withania Somnifera) Ra\u00edz, Cebolla y ajo Jugo fresco seco, Hoja de Tejpatta (Cinnamomum Tamala), calcinada con calcio (no de origen animal).<\/p>\n<p>Concentraci\u00f3n: En este producto se usa un extracto concentrado (no solo un simple polvo de hierba a granel). El extracto mejora significativamente la potencia, la eficacia y los beneficios para la salud.<\/p>\n<p>Referencias cient\u00edficas<br \/>\nHougee S, Faber J, Sanders A, Hoijer MA, Smit HF. Planta Med, 2005, 71, 387-92<br \/>\nBishayee, A. Chatterjee, M., Phyt Res, 8(2):118-20 (1994)<br \/>\nPierce, A., Gymnema Monograph: Gu\u00eda pr\u00e1ctica de medicina natural, Stonesong Press Book, Nueva York, 324-26 (1999).<br \/>\nReferencia Cl\u00e1sica o Govt. Libros Aprobados<\/p>\n","protected":false},"excerpt":{"rendered":"<p><b>La Gymmena Sylvestre Controla los niveles de Absorci\u00f3n de Azucares, Grasas y los Niveles de Glucosa en nuestro Sistema Sangu\u00edneo. Ayuda a controlar la Obesidad e Incrementa la Producci\u00f3n de Insulina en nuestras cuerpos.<\/b><\/p>\n<p>Ayuda a mantener un metabolismo saludable. Ayuda a controlar la absorci\u00f3n de carbohidratos en los intestinos, suprime el sabor del az\u00facar. Minimiza en el cuerpo los efectos nocivos de los dulces. Detiene los antojos de az\u00facar.<\/p>\n","protected":false},"featured_media":12895,"template":"","meta":[],"product_brand":[],"product_cat":[38,68],"product_tag":[],"class_list":{"0":"post-11197","1":"product","2":"type-product","3":"status-publish","4":"has-post-thumbnail","6":"product_cat-combos","7":"product_cat-control-azucar","9":"first","10":"instock","11":"taxable","12":"shipping-taxable","13":"purchasable","14":"product-type-simple"},"yoast_head":"<!-- This site is optimized with the Yoast SEO plugin v27.4 - https:\/\/yoast.com\/product\/yoast-seo-wordpress\/ -->\n<title>Diabetes-Aid - Remedio Natural para Diabetes<\/title>\n<meta name=\"description\" content=\"Ayuda a mantener un metabolismo saludable y controlar la absorci\u00f3n de carbohidratos y niveles de glucosa. Detiene los antojos de az\u00facar. \u00a1Pague 2 y lleve 3!\" \/>\n<meta name=\"robots\" content=\"index, follow, max-snippet:-1, max-image-preview:large, max-video-preview:-1\" \/>\n<link rel=\"canonical\" href=\"https:\/\/ultranatulife.com\/?product=combo-control-azucar\" \/>\n<meta property=\"og:locale\" content=\"en_US\" \/>\n<meta property=\"og:type\" content=\"article\" \/>\n<meta property=\"og:title\" content=\"Diabetes-Aid - Remedio Natural para Diabetes\" \/>\n<meta property=\"og:description\" content=\"Ayuda a mantener un metabolismo saludable y controlar la absorci\u00f3n de carbohidratos y niveles de glucosa. Detiene los antojos de az\u00facar. \u00a1Pague 2 y lleve 3!\" \/>\n<meta property=\"og:url\" content=\"https:\/\/ultranatulife.com\/?product=combo-control-azucar\" \/>\n<meta property=\"og:site_name\" content=\"Ultra Natu Life\" \/>\n<meta property=\"article:publisher\" content=\"https:\/\/www.facebook.com\/UltraNatulifeSupplements\" \/>\n<meta property=\"article:modified_time\" content=\"2023-07-10T17:56:14+00:00\" \/>\n<meta property=\"og:image\" content=\"https:\/\/ultranatulife.com\/wp-content\/uploads\/2023\/07\/Ultra-New-Render-June-2023-dIABETESX3-Front.png\" \/>\n\t<meta property=\"og:image:width\" content=\"1000\" \/>\n\t<meta property=\"og:image:height\" content=\"1000\" \/>\n\t<meta property=\"og:image:type\" content=\"image\/png\" \/>\n<meta name=\"twitter:card\" content=\"summary_large_image\" \/>\n<meta name=\"twitter:label1\" content=\"Est. reading time\" \/>\n\t<meta name=\"twitter:data1\" content=\"2 minutes\" \/>\n<script type=\"application\/ld+json\" class=\"yoast-schema-graph\">{\"@context\":\"https:\\\/\\\/schema.org\",\"@graph\":[{\"@type\":\"WebPage\",\"@id\":\"https:\\\/\\\/ultranatulife.com\\\/?product=combo-control-azucar\",\"url\":\"https:\\\/\\\/ultranatulife.com\\\/?product=combo-control-azucar\",\"name\":\"Diabetes-Aid - Remedio Natural para Diabetes\",\"isPartOf\":{\"@id\":\"https:\\\/\\\/ultranatulife.com\\\/#website\"},\"primaryImageOfPage\":{\"@id\":\"https:\\\/\\\/ultranatulife.com\\\/?product=combo-control-azucar#primaryimage\"},\"image\":{\"@id\":\"https:\\\/\\\/ultranatulife.com\\\/?product=combo-control-azucar#primaryimage\"},\"thumbnailUrl\":\"https:\\\/\\\/ultranatulife.com\\\/wp-content\\\/uploads\\\/2023\\\/07\\\/Ultra-New-Render-June-2023-dIABETESX3-Front.png\",\"datePublished\":\"2023-03-17T21:48:02+00:00\",\"dateModified\":\"2023-07-10T17:56:14+00:00\",\"description\":\"Ayuda a mantener un metabolismo saludable y controlar la absorci\u00f3n de carbohidratos y niveles de glucosa. Detiene los antojos de az\u00facar. \u00a1Pague 2 y lleve 3!\",\"breadcrumb\":{\"@id\":\"https:\\\/\\\/ultranatulife.com\\\/?product=combo-control-azucar#breadcrumb\"},\"inLanguage\":\"en-US\",\"potentialAction\":[{\"@type\":\"ReadAction\",\"target\":[\"https:\\\/\\\/ultranatulife.com\\\/?product=combo-control-azucar\"]}]},{\"@type\":\"ImageObject\",\"inLanguage\":\"en-US\",\"@id\":\"https:\\\/\\\/ultranatulife.com\\\/?product=combo-control-azucar#primaryimage\",\"url\":\"https:\\\/\\\/ultranatulife.com\\\/wp-content\\\/uploads\\\/2023\\\/07\\\/Ultra-New-Render-June-2023-dIABETESX3-Front.png\",\"contentUrl\":\"https:\\\/\\\/ultranatulife.com\\\/wp-content\\\/uploads\\\/2023\\\/07\\\/Ultra-New-Render-June-2023-dIABETESX3-Front.png\",\"width\":1000,\"height\":1000},{\"@type\":\"BreadcrumbList\",\"@id\":\"https:\\\/\\\/ultranatulife.com\\\/?product=combo-control-azucar#breadcrumb\",\"itemListElement\":[{\"@type\":\"ListItem\",\"position\":1,\"name\":\"Portada\",\"item\":\"https:\\\/\\\/ultranatulife.com\\\/\"},{\"@type\":\"ListItem\",\"position\":2,\"name\":\"Productos\",\"item\":\"https:\\\/\\\/ultranatulife.com\\\/?page_id=353\"},{\"@type\":\"ListItem\",\"position\":3,\"name\":\"Combo Control Az\u00facar\"}]},{\"@type\":\"WebSite\",\"@id\":\"https:\\\/\\\/ultranatulife.com\\\/#website\",\"url\":\"https:\\\/\\\/ultranatulife.com\\\/\",\"name\":\"Ultra NatuLife - Suplementos 100% Naturales\",\"description\":\"Te ofrecemos tratamientos 100% naturales con resultados comprobados. Mejora tu vida con Ultra NatuLife.\",\"publisher\":{\"@id\":\"https:\\\/\\\/ultranatulife.com\\\/#organization\"},\"alternateName\":\"Ultra Natu Life\",\"potentialAction\":[{\"@type\":\"SearchAction\",\"target\":{\"@type\":\"EntryPoint\",\"urlTemplate\":\"https:\\\/\\\/ultranatulife.com\\\/?s={search_term_string}\"},\"query-input\":{\"@type\":\"PropertyValueSpecification\",\"valueRequired\":true,\"valueName\":\"search_term_string\"}}],\"inLanguage\":\"en-US\"},{\"@type\":\"Organization\",\"@id\":\"https:\\\/\\\/ultranatulife.com\\\/#organization\",\"name\":\"Ultra NatuLife - Suplementos 100% Naturales\",\"url\":\"https:\\\/\\\/ultranatulife.com\\\/\",\"logo\":{\"@type\":\"ImageObject\",\"inLanguage\":\"en-US\",\"@id\":\"https:\\\/\\\/ultranatulife.com\\\/#\\\/schema\\\/logo\\\/image\\\/\",\"url\":\"https:\\\/\\\/ultranatulife.com\\\/wp-content\\\/uploads\\\/2023\\\/04\\\/logo-ultra-verde.png\",\"contentUrl\":\"https:\\\/\\\/ultranatulife.com\\\/wp-content\\\/uploads\\\/2023\\\/04\\\/logo-ultra-verde.png\",\"width\":638,\"height\":177,\"caption\":\"Ultra NatuLife - Suplementos 100% Naturales\"},\"image\":{\"@id\":\"https:\\\/\\\/ultranatulife.com\\\/#\\\/schema\\\/logo\\\/image\\\/\"},\"sameAs\":[\"https:\\\/\\\/www.facebook.com\\\/UltraNatulifeSupplements\",\"https:\\\/\\\/www.instagram.com\\\/ultranatulife\\\/\"]}]}<\/script>\n<!-- \/ Yoast SEO plugin. -->","yoast_head_json":{"title":"Diabetes-Aid - Remedio Natural para Diabetes","description":"Ayuda a mantener un metabolismo saludable y controlar la absorci\u00f3n de carbohidratos y niveles de glucosa. Detiene los antojos de az\u00facar. \u00a1Pague 2 y lleve 3!","robots":{"index":"index","follow":"follow","max-snippet":"max-snippet:-1","max-image-preview":"max-image-preview:large","max-video-preview":"max-video-preview:-1"},"canonical":"https:\/\/ultranatulife.com\/?product=combo-control-azucar","og_locale":"en_US","og_type":"article","og_title":"Diabetes-Aid - Remedio Natural para Diabetes","og_description":"Ayuda a mantener un metabolismo saludable y controlar la absorci\u00f3n de carbohidratos y niveles de glucosa. Detiene los antojos de az\u00facar. \u00a1Pague 2 y lleve 3!","og_url":"https:\/\/ultranatulife.com\/?product=combo-control-azucar","og_site_name":"Ultra Natu Life","article_publisher":"https:\/\/www.facebook.com\/UltraNatulifeSupplements","article_modified_time":"2023-07-10T17:56:14+00:00","og_image":[{"width":1000,"height":1000,"url":"https:\/\/ultranatulife.com\/wp-content\/uploads\/2023\/07\/Ultra-New-Render-June-2023-dIABETESX3-Front.png","type":"image\/png"}],"twitter_card":"summary_large_image","twitter_misc":{"Est. reading time":"2 minutes"},"schema":{"@context":"https:\/\/schema.org","@graph":[{"@type":"WebPage","@id":"https:\/\/ultranatulife.com\/?product=combo-control-azucar","url":"https:\/\/ultranatulife.com\/?product=combo-control-azucar","name":"Diabetes-Aid - Remedio Natural para Diabetes","isPartOf":{"@id":"https:\/\/ultranatulife.com\/#website"},"primaryImageOfPage":{"@id":"https:\/\/ultranatulife.com\/?product=combo-control-azucar#primaryimage"},"image":{"@id":"https:\/\/ultranatulife.com\/?product=combo-control-azucar#primaryimage"},"thumbnailUrl":"https:\/\/ultranatulife.com\/wp-content\/uploads\/2023\/07\/Ultra-New-Render-June-2023-dIABETESX3-Front.png","datePublished":"2023-03-17T21:48:02+00:00","dateModified":"2023-07-10T17:56:14+00:00","description":"Ayuda a mantener un metabolismo saludable y controlar la absorci\u00f3n de carbohidratos y niveles de glucosa. Detiene los antojos de az\u00facar. \u00a1Pague 2 y lleve 3!","breadcrumb":{"@id":"https:\/\/ultranatulife.com\/?product=combo-control-azucar#breadcrumb"},"inLanguage":"en-US","potentialAction":[{"@type":"ReadAction","target":["https:\/\/ultranatulife.com\/?product=combo-control-azucar"]}]},{"@type":"ImageObject","inLanguage":"en-US","@id":"https:\/\/ultranatulife.com\/?product=combo-control-azucar#primaryimage","url":"https:\/\/ultranatulife.com\/wp-content\/uploads\/2023\/07\/Ultra-New-Render-June-2023-dIABETESX3-Front.png","contentUrl":"https:\/\/ultranatulife.com\/wp-content\/uploads\/2023\/07\/Ultra-New-Render-June-2023-dIABETESX3-Front.png","width":1000,"height":1000},{"@type":"BreadcrumbList","@id":"https:\/\/ultranatulife.com\/?product=combo-control-azucar#breadcrumb","itemListElement":[{"@type":"ListItem","position":1,"name":"Portada","item":"https:\/\/ultranatulife.com\/"},{"@type":"ListItem","position":2,"name":"Productos","item":"https:\/\/ultranatulife.com\/?page_id=353"},{"@type":"ListItem","position":3,"name":"Combo Control Az\u00facar"}]},{"@type":"WebSite","@id":"https:\/\/ultranatulife.com\/#website","url":"https:\/\/ultranatulife.com\/","name":"Ultra NatuLife - Suplementos 100% Naturales","description":"Te ofrecemos tratamientos 100% naturales con resultados comprobados. Mejora tu vida con Ultra NatuLife.","publisher":{"@id":"https:\/\/ultranatulife.com\/#organization"},"alternateName":"Ultra Natu Life","potentialAction":[{"@type":"SearchAction","target":{"@type":"EntryPoint","urlTemplate":"https:\/\/ultranatulife.com\/?s={search_term_string}"},"query-input":{"@type":"PropertyValueSpecification","valueRequired":true,"valueName":"search_term_string"}}],"inLanguage":"en-US"},{"@type":"Organization","@id":"https:\/\/ultranatulife.com\/#organization","name":"Ultra NatuLife - Suplementos 100% Naturales","url":"https:\/\/ultranatulife.com\/","logo":{"@type":"ImageObject","inLanguage":"en-US","@id":"https:\/\/ultranatulife.com\/#\/schema\/logo\/image\/","url":"https:\/\/ultranatulife.com\/wp-content\/uploads\/2023\/04\/logo-ultra-verde.png","contentUrl":"https:\/\/ultranatulife.com\/wp-content\/uploads\/2023\/04\/logo-ultra-verde.png","width":638,"height":177,"caption":"Ultra NatuLife - Suplementos 100% Naturales"},"image":{"@id":"https:\/\/ultranatulife.com\/#\/schema\/logo\/image\/"},"sameAs":["https:\/\/www.facebook.com\/UltraNatulifeSupplements","https:\/\/www.instagram.com\/ultranatulife\/"]}]}},"_links":{"self":[{"href":"https:\/\/ultranatulife.com\/index.php?rest_route=\/wp\/v2\/product\/11197","targetHints":{"allow":["GET"]}}],"collection":[{"href":"https:\/\/ultranatulife.com\/index.php?rest_route=\/wp\/v2\/product"}],"about":[{"href":"https:\/\/ultranatulife.com\/index.php?rest_route=\/wp\/v2\/types\/product"}],"version-history":[{"count":7,"href":"https:\/\/ultranatulife.com\/index.php?rest_route=\/wp\/v2\/product\/11197\/revisions"}],"predecessor-version":[{"id":12933,"href":"https:\/\/ultranatulife.com\/index.php?rest_route=\/wp\/v2\/product\/11197\/revisions\/12933"}],"wp:featuredmedia":[{"embeddable":true,"href":"https:\/\/ultranatulife.com\/index.php?rest_route=\/wp\/v2\/media\/12895"}],"wp:attachment":[{"href":"https:\/\/ultranatulife.com\/index.php?rest_route=%2Fwp%2Fv2%2Fmedia&parent=11197"}],"wp:term":[{"taxonomy":"product_brand","embeddable":true,"href":"https:\/\/ultranatulife.com\/index.php?rest_route=%2Fwp%2Fv2%2Fproduct_brand&post=11197"},{"taxonomy":"product_cat","embeddable":true,"href":"https:\/\/ultranatulife.com\/index.php?rest_route=%2Fwp%2Fv2%2Fproduct_cat&post=11197"},{"taxonomy":"product_tag","embeddable":true,"href":"https:\/\/ultranatulife.com\/index.php?rest_route=%2Fwp%2Fv2%2Fproduct_tag&post=11197"}],"curies":[{"name":"wp","href":"https:\/\/api.w.org\/{rel}","templated":true}]}}