{"id":11199,"date":"2023-03-17T16:50:57","date_gmt":"2023-03-17T21:50:57","guid":{"rendered":"https:\/\/ultranatulife.com\/?post_type=product&#038;p=11199"},"modified":"2023-07-13T11:45:14","modified_gmt":"2023-07-13T16:45:14","slug":"combo-salud-osea-y-articular","status":"publish","type":"product","link":"https:\/\/ultranatulife.com\/?product=combo-salud-osea-y-articular","title":{"rendered":"Combo Artritis y Osteoporosis"},"content":{"rendered":"<p>Instrucciones de uso<br \/>\nTomar 1 c\u00e1psula\/tableta de Vege 3 veces al d\u00eda Antes o despu\u00e9s de 1 hora de comidas con agua tibia. (Consulte a su proveedor de atenci\u00f3n m\u00e9dica o \u00faselo seg\u00fan los requisitos de su cuerpo). Use Joint AID como parte de su dieta con h\u00e1bitos alimenticios saludables y un estilo de vida saludable (como yoga, caminata suave o ejercicio suave) seg\u00fan su tipo de cuerpo.<\/p>\n<p>Concentraci\u00f3n: En este producto se usa un extracto concentrado (no solo un simple polvo de hierba a granel). El extracto mejora significativamente la potencia, la eficacia y los beneficios para la salud.<\/p>\n<p>Referencias cient\u00edficas<br \/>\nEficacia y tolerabilidad del extracto de Boswellia Serrata: un ensayo aleatorizado doble ciego controlado con placebo publicado en Phytomedicine Volumen 10, N\u00famero 1, 2003 \u2013 P\u00e1ginas 3-7 por N.Kimmatkar, V.Thawani, L.Hingorani<br \/>\nExtracto especial de serrado de BOSWELLIA publicado en Phytomedicine Volumen 3, N\u00famero 1, Mayo 1996 \u2013 P\u00e1ginas 91-94 por R.Etzel<br \/>\nLos productos naturales como una mina de oro publicado en Current Opinion in Pharmacology Volumen 7, n\u00famero 3, junio de 2007, p\u00e1ginas 344\u2013351 por K.Dinesh et al.<br \/>\nCurcumina, el nutrac\u00e9utico dorado publicado en Br J Pharmacol. 17 de septiembre de 2016 por Kunnumakkara AB et al.<br \/>\nUso de medicamentos complementarios: un estudio prospectivo publicado en Ann Rheum Dis. 2004 mayo; 63(5):549-54 por Zochling J y col.<br \/>\nReferencia Cl\u00e1sica o Govt. Libros Aprobados<\/p>\n<p>Instalaci\u00f3n de fabricaci\u00f3n org\u00e1nica certificada en GMP y USDA: probado en laboratorio para la pureza de calidad y los est\u00e1ndares de metales pesados.<\/p>\n","protected":false},"excerpt":{"rendered":"<p><b>Esta combinacion Herbal Ayurvedica contiene Turmeric, Boswella, Gengibre, Ashwaghanda y Ajo es ideal para reducir Inflamaciones en las Coyunturas Articulaciones y M\u00fasculos, reduce Dolores musculares, mantiene Huesos Sanos.<\/b><\/p>\n<p>Ayuda a mantener el correcto funcionamiento de las articulaciones.<br \/>\nApoya el cart\u00edlago y las articulaciones, revitaliza el cuerpo y optimiza muchas funciones corporales.<br \/>\nAyuda a mantener la salud de las articulaciones y brinda apoyo nutricional para los huesos y las articulaciones.<br \/>\nAyuda a mantener la flexibilidad de las articulaciones.<br \/>\nAyuda a regular el tono de los m\u00fasculos.<\/p>\n","protected":false},"featured_media":12899,"template":"","meta":[],"product_brand":[],"product_cat":[70,74,38],"product_tag":[],"class_list":{"0":"post-11199","1":"product","2":"type-product","3":"status-publish","4":"has-post-thumbnail","6":"product_cat-anti-envejecimiento","7":"product_cat-articulaciones-saludables","8":"product_cat-combos","10":"first","11":"instock","12":"taxable","13":"shipping-taxable","14":"purchasable","15":"product-type-simple"},"yoast_head":"<!-- This site is optimized with the Yoast SEO plugin v27.4 - https:\/\/yoast.com\/product\/yoast-seo-wordpress\/ -->\n<title>Combo Artritis y Osteoporosis - Ultra Natu Life<\/title>\n<meta name=\"robots\" content=\"index, follow, max-snippet:-1, max-image-preview:large, max-video-preview:-1\" \/>\n<link rel=\"canonical\" href=\"https:\/\/ultranatulife.com\/?product=combo-salud-osea-y-articular\" \/>\n<meta property=\"og:locale\" content=\"en_US\" \/>\n<meta property=\"og:type\" content=\"article\" \/>\n<meta property=\"og:title\" content=\"Combo Artritis y Osteoporosis - Ultra Natu Life\" \/>\n<meta property=\"og:description\" content=\"Esta combinacion Herbal Ayurvedica contiene Turmeric, Boswella, Gengibre, Ashwaghanda y Ajo es ideal para reducir Inflamaciones en las Coyunturas Articulaciones y M\u00fasculos, reduce Dolores musculares, mantiene Huesos Sanos.  Ayuda a mantener el correcto funcionamiento de las articulaciones. Apoya el cart\u00edlago y las articulaciones, revitaliza el cuerpo y optimiza muchas funciones corporales. Ayuda a mantener la salud de las articulaciones y brinda apoyo nutricional para los huesos y las articulaciones. Ayuda a mantener la flexibilidad de las articulaciones. Ayuda a regular el tono de los m\u00fasculos.\" \/>\n<meta property=\"og:url\" content=\"https:\/\/ultranatulife.com\/?product=combo-salud-osea-y-articular\" \/>\n<meta property=\"og:site_name\" content=\"Ultra Natu Life\" \/>\n<meta property=\"article:publisher\" content=\"https:\/\/www.facebook.com\/UltraNatulifeSupplements\" \/>\n<meta property=\"article:modified_time\" content=\"2023-07-13T16:45:14+00:00\" \/>\n<meta property=\"og:image\" content=\"https:\/\/ultranatulife.com\/wp-content\/uploads\/2023\/07\/Ultra-New-Render-June-2023-jOINTX3-Front.png\" \/>\n\t<meta property=\"og:image:width\" content=\"1000\" \/>\n\t<meta property=\"og:image:height\" content=\"1000\" \/>\n\t<meta property=\"og:image:type\" content=\"image\/png\" \/>\n<meta name=\"twitter:card\" content=\"summary_large_image\" \/>\n<meta name=\"twitter:label1\" content=\"Est. reading time\" \/>\n\t<meta name=\"twitter:data1\" content=\"2 minutes\" \/>\n<script type=\"application\/ld+json\" class=\"yoast-schema-graph\">{\"@context\":\"https:\\\/\\\/schema.org\",\"@graph\":[{\"@type\":\"WebPage\",\"@id\":\"https:\\\/\\\/ultranatulife.com\\\/?product=combo-salud-osea-y-articular\",\"url\":\"https:\\\/\\\/ultranatulife.com\\\/?product=combo-salud-osea-y-articular\",\"name\":\"Combo Artritis y Osteoporosis - Ultra Natu Life\",\"isPartOf\":{\"@id\":\"https:\\\/\\\/ultranatulife.com\\\/#website\"},\"primaryImageOfPage\":{\"@id\":\"https:\\\/\\\/ultranatulife.com\\\/?product=combo-salud-osea-y-articular#primaryimage\"},\"image\":{\"@id\":\"https:\\\/\\\/ultranatulife.com\\\/?product=combo-salud-osea-y-articular#primaryimage\"},\"thumbnailUrl\":\"https:\\\/\\\/ultranatulife.com\\\/wp-content\\\/uploads\\\/2023\\\/07\\\/Ultra-New-Render-June-2023-jOINTX3-Front.png\",\"datePublished\":\"2023-03-17T21:50:57+00:00\",\"dateModified\":\"2023-07-13T16:45:14+00:00\",\"breadcrumb\":{\"@id\":\"https:\\\/\\\/ultranatulife.com\\\/?product=combo-salud-osea-y-articular#breadcrumb\"},\"inLanguage\":\"en-US\",\"potentialAction\":[{\"@type\":\"ReadAction\",\"target\":[\"https:\\\/\\\/ultranatulife.com\\\/?product=combo-salud-osea-y-articular\"]}]},{\"@type\":\"ImageObject\",\"inLanguage\":\"en-US\",\"@id\":\"https:\\\/\\\/ultranatulife.com\\\/?product=combo-salud-osea-y-articular#primaryimage\",\"url\":\"https:\\\/\\\/ultranatulife.com\\\/wp-content\\\/uploads\\\/2023\\\/07\\\/Ultra-New-Render-June-2023-jOINTX3-Front.png\",\"contentUrl\":\"https:\\\/\\\/ultranatulife.com\\\/wp-content\\\/uploads\\\/2023\\\/07\\\/Ultra-New-Render-June-2023-jOINTX3-Front.png\",\"width\":1000,\"height\":1000},{\"@type\":\"BreadcrumbList\",\"@id\":\"https:\\\/\\\/ultranatulife.com\\\/?product=combo-salud-osea-y-articular#breadcrumb\",\"itemListElement\":[{\"@type\":\"ListItem\",\"position\":1,\"name\":\"Portada\",\"item\":\"https:\\\/\\\/ultranatulife.com\\\/\"},{\"@type\":\"ListItem\",\"position\":2,\"name\":\"Productos\",\"item\":\"https:\\\/\\\/ultranatulife.com\\\/?page_id=353\"},{\"@type\":\"ListItem\",\"position\":3,\"name\":\"Combo Artritis y Osteoporosis\"}]},{\"@type\":\"WebSite\",\"@id\":\"https:\\\/\\\/ultranatulife.com\\\/#website\",\"url\":\"https:\\\/\\\/ultranatulife.com\\\/\",\"name\":\"Ultra NatuLife - Suplementos 100% Naturales\",\"description\":\"Te ofrecemos tratamientos 100% naturales con resultados comprobados. Mejora tu vida con Ultra NatuLife.\",\"publisher\":{\"@id\":\"https:\\\/\\\/ultranatulife.com\\\/#organization\"},\"alternateName\":\"Ultra Natu Life\",\"potentialAction\":[{\"@type\":\"SearchAction\",\"target\":{\"@type\":\"EntryPoint\",\"urlTemplate\":\"https:\\\/\\\/ultranatulife.com\\\/?s={search_term_string}\"},\"query-input\":{\"@type\":\"PropertyValueSpecification\",\"valueRequired\":true,\"valueName\":\"search_term_string\"}}],\"inLanguage\":\"en-US\"},{\"@type\":\"Organization\",\"@id\":\"https:\\\/\\\/ultranatulife.com\\\/#organization\",\"name\":\"Ultra NatuLife - Suplementos 100% Naturales\",\"url\":\"https:\\\/\\\/ultranatulife.com\\\/\",\"logo\":{\"@type\":\"ImageObject\",\"inLanguage\":\"en-US\",\"@id\":\"https:\\\/\\\/ultranatulife.com\\\/#\\\/schema\\\/logo\\\/image\\\/\",\"url\":\"https:\\\/\\\/ultranatulife.com\\\/wp-content\\\/uploads\\\/2023\\\/04\\\/logo-ultra-verde.png\",\"contentUrl\":\"https:\\\/\\\/ultranatulife.com\\\/wp-content\\\/uploads\\\/2023\\\/04\\\/logo-ultra-verde.png\",\"width\":638,\"height\":177,\"caption\":\"Ultra NatuLife - Suplementos 100% Naturales\"},\"image\":{\"@id\":\"https:\\\/\\\/ultranatulife.com\\\/#\\\/schema\\\/logo\\\/image\\\/\"},\"sameAs\":[\"https:\\\/\\\/www.facebook.com\\\/UltraNatulifeSupplements\",\"https:\\\/\\\/www.instagram.com\\\/ultranatulife\\\/\"]}]}<\/script>\n<!-- \/ Yoast SEO plugin. -->","yoast_head_json":{"title":"Combo Artritis y Osteoporosis - Ultra Natu Life","robots":{"index":"index","follow":"follow","max-snippet":"max-snippet:-1","max-image-preview":"max-image-preview:large","max-video-preview":"max-video-preview:-1"},"canonical":"https:\/\/ultranatulife.com\/?product=combo-salud-osea-y-articular","og_locale":"en_US","og_type":"article","og_title":"Combo Artritis y Osteoporosis - Ultra Natu Life","og_description":"Esta combinacion Herbal Ayurvedica contiene Turmeric, Boswella, Gengibre, Ashwaghanda y Ajo es ideal para reducir Inflamaciones en las Coyunturas Articulaciones y M\u00fasculos, reduce Dolores musculares, mantiene Huesos Sanos.  Ayuda a mantener el correcto funcionamiento de las articulaciones. Apoya el cart\u00edlago y las articulaciones, revitaliza el cuerpo y optimiza muchas funciones corporales. Ayuda a mantener la salud de las articulaciones y brinda apoyo nutricional para los huesos y las articulaciones. Ayuda a mantener la flexibilidad de las articulaciones. Ayuda a regular el tono de los m\u00fasculos.","og_url":"https:\/\/ultranatulife.com\/?product=combo-salud-osea-y-articular","og_site_name":"Ultra Natu Life","article_publisher":"https:\/\/www.facebook.com\/UltraNatulifeSupplements","article_modified_time":"2023-07-13T16:45:14+00:00","og_image":[{"width":1000,"height":1000,"url":"https:\/\/ultranatulife.com\/wp-content\/uploads\/2023\/07\/Ultra-New-Render-June-2023-jOINTX3-Front.png","type":"image\/png"}],"twitter_card":"summary_large_image","twitter_misc":{"Est. reading time":"2 minutes"},"schema":{"@context":"https:\/\/schema.org","@graph":[{"@type":"WebPage","@id":"https:\/\/ultranatulife.com\/?product=combo-salud-osea-y-articular","url":"https:\/\/ultranatulife.com\/?product=combo-salud-osea-y-articular","name":"Combo Artritis y Osteoporosis - Ultra Natu Life","isPartOf":{"@id":"https:\/\/ultranatulife.com\/#website"},"primaryImageOfPage":{"@id":"https:\/\/ultranatulife.com\/?product=combo-salud-osea-y-articular#primaryimage"},"image":{"@id":"https:\/\/ultranatulife.com\/?product=combo-salud-osea-y-articular#primaryimage"},"thumbnailUrl":"https:\/\/ultranatulife.com\/wp-content\/uploads\/2023\/07\/Ultra-New-Render-June-2023-jOINTX3-Front.png","datePublished":"2023-03-17T21:50:57+00:00","dateModified":"2023-07-13T16:45:14+00:00","breadcrumb":{"@id":"https:\/\/ultranatulife.com\/?product=combo-salud-osea-y-articular#breadcrumb"},"inLanguage":"en-US","potentialAction":[{"@type":"ReadAction","target":["https:\/\/ultranatulife.com\/?product=combo-salud-osea-y-articular"]}]},{"@type":"ImageObject","inLanguage":"en-US","@id":"https:\/\/ultranatulife.com\/?product=combo-salud-osea-y-articular#primaryimage","url":"https:\/\/ultranatulife.com\/wp-content\/uploads\/2023\/07\/Ultra-New-Render-June-2023-jOINTX3-Front.png","contentUrl":"https:\/\/ultranatulife.com\/wp-content\/uploads\/2023\/07\/Ultra-New-Render-June-2023-jOINTX3-Front.png","width":1000,"height":1000},{"@type":"BreadcrumbList","@id":"https:\/\/ultranatulife.com\/?product=combo-salud-osea-y-articular#breadcrumb","itemListElement":[{"@type":"ListItem","position":1,"name":"Portada","item":"https:\/\/ultranatulife.com\/"},{"@type":"ListItem","position":2,"name":"Productos","item":"https:\/\/ultranatulife.com\/?page_id=353"},{"@type":"ListItem","position":3,"name":"Combo Artritis y Osteoporosis"}]},{"@type":"WebSite","@id":"https:\/\/ultranatulife.com\/#website","url":"https:\/\/ultranatulife.com\/","name":"Ultra NatuLife - Suplementos 100% Naturales","description":"Te ofrecemos tratamientos 100% naturales con resultados comprobados. Mejora tu vida con Ultra NatuLife.","publisher":{"@id":"https:\/\/ultranatulife.com\/#organization"},"alternateName":"Ultra Natu Life","potentialAction":[{"@type":"SearchAction","target":{"@type":"EntryPoint","urlTemplate":"https:\/\/ultranatulife.com\/?s={search_term_string}"},"query-input":{"@type":"PropertyValueSpecification","valueRequired":true,"valueName":"search_term_string"}}],"inLanguage":"en-US"},{"@type":"Organization","@id":"https:\/\/ultranatulife.com\/#organization","name":"Ultra NatuLife - Suplementos 100% Naturales","url":"https:\/\/ultranatulife.com\/","logo":{"@type":"ImageObject","inLanguage":"en-US","@id":"https:\/\/ultranatulife.com\/#\/schema\/logo\/image\/","url":"https:\/\/ultranatulife.com\/wp-content\/uploads\/2023\/04\/logo-ultra-verde.png","contentUrl":"https:\/\/ultranatulife.com\/wp-content\/uploads\/2023\/04\/logo-ultra-verde.png","width":638,"height":177,"caption":"Ultra NatuLife - Suplementos 100% Naturales"},"image":{"@id":"https:\/\/ultranatulife.com\/#\/schema\/logo\/image\/"},"sameAs":["https:\/\/www.facebook.com\/UltraNatulifeSupplements","https:\/\/www.instagram.com\/ultranatulife\/"]}]}},"_links":{"self":[{"href":"https:\/\/ultranatulife.com\/index.php?rest_route=\/wp\/v2\/product\/11199","targetHints":{"allow":["GET"]}}],"collection":[{"href":"https:\/\/ultranatulife.com\/index.php?rest_route=\/wp\/v2\/product"}],"about":[{"href":"https:\/\/ultranatulife.com\/index.php?rest_route=\/wp\/v2\/types\/product"}],"version-history":[{"count":6,"href":"https:\/\/ultranatulife.com\/index.php?rest_route=\/wp\/v2\/product\/11199\/revisions"}],"predecessor-version":[{"id":12932,"href":"https:\/\/ultranatulife.com\/index.php?rest_route=\/wp\/v2\/product\/11199\/revisions\/12932"}],"wp:featuredmedia":[{"embeddable":true,"href":"https:\/\/ultranatulife.com\/index.php?rest_route=\/wp\/v2\/media\/12899"}],"wp:attachment":[{"href":"https:\/\/ultranatulife.com\/index.php?rest_route=%2Fwp%2Fv2%2Fmedia&parent=11199"}],"wp:term":[{"taxonomy":"product_brand","embeddable":true,"href":"https:\/\/ultranatulife.com\/index.php?rest_route=%2Fwp%2Fv2%2Fproduct_brand&post=11199"},{"taxonomy":"product_cat","embeddable":true,"href":"https:\/\/ultranatulife.com\/index.php?rest_route=%2Fwp%2Fv2%2Fproduct_cat&post=11199"},{"taxonomy":"product_tag","embeddable":true,"href":"https:\/\/ultranatulife.com\/index.php?rest_route=%2Fwp%2Fv2%2Fproduct_tag&post=11199"}],"curies":[{"name":"wp","href":"https:\/\/api.w.org\/{rel}","templated":true}]}}