{"id":12139,"date":"2023-04-19T09:25:37","date_gmt":"2023-04-19T14:25:37","guid":{"rendered":"https:\/\/ultranatulife.com\/?post_type=product&#038;p=12139"},"modified":"2025-10-23T10:29:25","modified_gmt":"2025-10-23T15:29:25","slug":"combo-tiger-king-fast-action","status":"publish","type":"product","link":"https:\/\/ultranatulife.com\/?product=combo-tiger-king-fast-action","title":{"rendered":"COMBO TIGER KING FAST ACTION"},"content":{"rendered":"<div class=\"elementor-element elementor-element-6df455e7 elementor-view-default elementor-vertical-align-top elementor-widget elementor-widget-icon-box\" data-id=\"6df455e7\" data-element_type=\"widget\" data-widget_type=\"icon-box.default\">\n<div class=\"elementor-widget-container\">\n<div class=\"elementor-icon-box-wrapper\">\n<div class=\"elementor-icon-box-content\">\n<p class=\"elementor-icon-box-description\">&#8220;Muchos hablan acerca de la edad, pero es algo m\u00e1s, es como un cansancio todo el tiempo, ya no sientes ganas de nada, bueno sent\u00eda en pasado, porque TIGER KING Fast Action vino como una respuesta a mis plegarias, yo sab\u00eda que no era la edad, hoy me siento vivo y disfruto a plenitud con mi esposa, gracias a TIGER KING Fast Action 3 d\u00edas de efecto.&#8221;<\/p>\n<\/div>\n<\/div>\n<\/div>\n<\/div>\n<div class=\"elementor-element elementor-element-bae2127 elementor-widget elementor-widget-spacer\" data-id=\"bae2127\" data-element_type=\"widget\" data-widget_type=\"spacer.default\">\n<div class=\"elementor-widget-container\">\n<div class=\"elementor-spacer\">\n<div class=\"elementor-spacer-inner\">ALEXANDRE CAMPO<\/div>\n<\/div>\n<\/div>\n<\/div>\n","protected":false},"excerpt":{"rendered":"<p><strong>TIGER KING FAST ACTION<\/strong><\/p>\n<p><strong>Tienes una vida sexual normal, pero quieres un poco m\u00e1s de resistencia y aumentar un poco el grosor y tama\u00f1o para ti es Tiger King, t\u00f3malo dos horas antes de la relaci\u00f3n y tendr\u00e1s el poder de un tigre hasta por 3 d\u00edas.<\/strong><\/p>\n","protected":false},"featured_media":12881,"template":"","meta":[],"product_brand":[],"product_cat":[38,21],"product_tag":[],"class_list":{"0":"post-12139","1":"product","2":"type-product","3":"status-publish","4":"has-post-thumbnail","6":"product_cat-combos","7":"product_cat-salud-sexual","9":"first","10":"instock","11":"sale","12":"taxable","13":"shipping-taxable","14":"purchasable","15":"product-type-simple"},"yoast_head":"<!-- This site is optimized with the Yoast SEO plugin v27.4 - https:\/\/yoast.com\/product\/yoast-seo-wordpress\/ -->\n<title>Combo Tiger King - Tratamiento Potenciador Sexual<\/title>\n<meta name=\"description\" content=\"Para ti que necesitas un poco de energ\u00eda extra para compensar el cansancio del trabajo. No requiere f\u00f3rmula. Garant\u00eda de satisfacci\u00f3n.\" \/>\n<meta name=\"robots\" content=\"index, follow, max-snippet:-1, max-image-preview:large, max-video-preview:-1\" \/>\n<link rel=\"canonical\" href=\"https:\/\/ultranatulife.com\/?product=combo-tiger-king-fast-action\" \/>\n<meta property=\"og:locale\" content=\"en_US\" \/>\n<meta property=\"og:type\" content=\"article\" \/>\n<meta property=\"og:title\" content=\"Combo Tiger King - Tratamiento Potenciador Sexual\" \/>\n<meta property=\"og:description\" content=\"Para ti que necesitas un poco de energ\u00eda extra para compensar el cansancio del trabajo. No requiere f\u00f3rmula. Garant\u00eda de satisfacci\u00f3n.\" \/>\n<meta property=\"og:url\" content=\"https:\/\/ultranatulife.com\/?product=combo-tiger-king-fast-action\" \/>\n<meta property=\"og:site_name\" content=\"Ultra Natu Life\" \/>\n<meta property=\"article:publisher\" content=\"https:\/\/www.facebook.com\/UltraNatulifeSupplements\" \/>\n<meta property=\"article:modified_time\" content=\"2025-10-23T15:29:25+00:00\" \/>\n<meta property=\"og:image\" content=\"https:\/\/ultranatulife.com\/wp-content\/uploads\/2023\/07\/Tiger-Combo.png\" \/>\n\t<meta property=\"og:image:width\" content=\"1000\" \/>\n\t<meta property=\"og:image:height\" content=\"1000\" \/>\n\t<meta property=\"og:image:type\" content=\"image\/png\" \/>\n<meta name=\"twitter:card\" content=\"summary_large_image\" \/>\n<meta name=\"twitter:label1\" content=\"Est. reading time\" \/>\n\t<meta name=\"twitter:data1\" content=\"1 minute\" \/>\n<script type=\"application\/ld+json\" class=\"yoast-schema-graph\">{\"@context\":\"https:\\\/\\\/schema.org\",\"@graph\":[{\"@type\":\"WebPage\",\"@id\":\"https:\\\/\\\/ultranatulife.com\\\/?product=combo-tiger-king-fast-action\",\"url\":\"https:\\\/\\\/ultranatulife.com\\\/?product=combo-tiger-king-fast-action\",\"name\":\"Combo Tiger King - Tratamiento Potenciador Sexual\",\"isPartOf\":{\"@id\":\"https:\\\/\\\/ultranatulife.com\\\/#website\"},\"primaryImageOfPage\":{\"@id\":\"https:\\\/\\\/ultranatulife.com\\\/?product=combo-tiger-king-fast-action#primaryimage\"},\"image\":{\"@id\":\"https:\\\/\\\/ultranatulife.com\\\/?product=combo-tiger-king-fast-action#primaryimage\"},\"thumbnailUrl\":\"https:\\\/\\\/ultranatulife.com\\\/wp-content\\\/uploads\\\/2023\\\/07\\\/Tiger-Combo.png\",\"datePublished\":\"2023-04-19T14:25:37+00:00\",\"dateModified\":\"2025-10-23T15:29:25+00:00\",\"description\":\"Para ti que necesitas un poco de energ\u00eda extra para compensar el cansancio del trabajo. No requiere f\u00f3rmula. Garant\u00eda de satisfacci\u00f3n.\",\"breadcrumb\":{\"@id\":\"https:\\\/\\\/ultranatulife.com\\\/?product=combo-tiger-king-fast-action#breadcrumb\"},\"inLanguage\":\"en-US\",\"potentialAction\":[{\"@type\":\"ReadAction\",\"target\":[\"https:\\\/\\\/ultranatulife.com\\\/?product=combo-tiger-king-fast-action\"]}]},{\"@type\":\"ImageObject\",\"inLanguage\":\"en-US\",\"@id\":\"https:\\\/\\\/ultranatulife.com\\\/?product=combo-tiger-king-fast-action#primaryimage\",\"url\":\"https:\\\/\\\/ultranatulife.com\\\/wp-content\\\/uploads\\\/2023\\\/07\\\/Tiger-Combo.png\",\"contentUrl\":\"https:\\\/\\\/ultranatulife.com\\\/wp-content\\\/uploads\\\/2023\\\/07\\\/Tiger-Combo.png\",\"width\":1000,\"height\":1000},{\"@type\":\"BreadcrumbList\",\"@id\":\"https:\\\/\\\/ultranatulife.com\\\/?product=combo-tiger-king-fast-action#breadcrumb\",\"itemListElement\":[{\"@type\":\"ListItem\",\"position\":1,\"name\":\"Portada\",\"item\":\"https:\\\/\\\/ultranatulife.com\\\/\"},{\"@type\":\"ListItem\",\"position\":2,\"name\":\"Productos\",\"item\":\"https:\\\/\\\/ultranatulife.com\\\/?page_id=353\"},{\"@type\":\"ListItem\",\"position\":3,\"name\":\"COMBO TIGER KING FAST ACTION\"}]},{\"@type\":\"WebSite\",\"@id\":\"https:\\\/\\\/ultranatulife.com\\\/#website\",\"url\":\"https:\\\/\\\/ultranatulife.com\\\/\",\"name\":\"Ultra NatuLife - Suplementos 100% Naturales\",\"description\":\"Te ofrecemos tratamientos 100% naturales con resultados comprobados. Mejora tu vida con Ultra NatuLife.\",\"publisher\":{\"@id\":\"https:\\\/\\\/ultranatulife.com\\\/#organization\"},\"alternateName\":\"Ultra Natu Life\",\"potentialAction\":[{\"@type\":\"SearchAction\",\"target\":{\"@type\":\"EntryPoint\",\"urlTemplate\":\"https:\\\/\\\/ultranatulife.com\\\/?s={search_term_string}\"},\"query-input\":{\"@type\":\"PropertyValueSpecification\",\"valueRequired\":true,\"valueName\":\"search_term_string\"}}],\"inLanguage\":\"en-US\"},{\"@type\":\"Organization\",\"@id\":\"https:\\\/\\\/ultranatulife.com\\\/#organization\",\"name\":\"Ultra NatuLife - Suplementos 100% Naturales\",\"url\":\"https:\\\/\\\/ultranatulife.com\\\/\",\"logo\":{\"@type\":\"ImageObject\",\"inLanguage\":\"en-US\",\"@id\":\"https:\\\/\\\/ultranatulife.com\\\/#\\\/schema\\\/logo\\\/image\\\/\",\"url\":\"https:\\\/\\\/ultranatulife.com\\\/wp-content\\\/uploads\\\/2023\\\/04\\\/logo-ultra-verde.png\",\"contentUrl\":\"https:\\\/\\\/ultranatulife.com\\\/wp-content\\\/uploads\\\/2023\\\/04\\\/logo-ultra-verde.png\",\"width\":638,\"height\":177,\"caption\":\"Ultra NatuLife - Suplementos 100% Naturales\"},\"image\":{\"@id\":\"https:\\\/\\\/ultranatulife.com\\\/#\\\/schema\\\/logo\\\/image\\\/\"},\"sameAs\":[\"https:\\\/\\\/www.facebook.com\\\/UltraNatulifeSupplements\",\"https:\\\/\\\/www.instagram.com\\\/ultranatulife\\\/\"]}]}<\/script>\n<!-- \/ Yoast SEO plugin. -->","yoast_head_json":{"title":"Combo Tiger King - Tratamiento Potenciador Sexual","description":"Para ti que necesitas un poco de energ\u00eda extra para compensar el cansancio del trabajo. No requiere f\u00f3rmula. Garant\u00eda de satisfacci\u00f3n.","robots":{"index":"index","follow":"follow","max-snippet":"max-snippet:-1","max-image-preview":"max-image-preview:large","max-video-preview":"max-video-preview:-1"},"canonical":"https:\/\/ultranatulife.com\/?product=combo-tiger-king-fast-action","og_locale":"en_US","og_type":"article","og_title":"Combo Tiger King - Tratamiento Potenciador Sexual","og_description":"Para ti que necesitas un poco de energ\u00eda extra para compensar el cansancio del trabajo. No requiere f\u00f3rmula. Garant\u00eda de satisfacci\u00f3n.","og_url":"https:\/\/ultranatulife.com\/?product=combo-tiger-king-fast-action","og_site_name":"Ultra Natu Life","article_publisher":"https:\/\/www.facebook.com\/UltraNatulifeSupplements","article_modified_time":"2025-10-23T15:29:25+00:00","og_image":[{"width":1000,"height":1000,"url":"https:\/\/ultranatulife.com\/wp-content\/uploads\/2023\/07\/Tiger-Combo.png","type":"image\/png"}],"twitter_card":"summary_large_image","twitter_misc":{"Est. reading time":"1 minute"},"schema":{"@context":"https:\/\/schema.org","@graph":[{"@type":"WebPage","@id":"https:\/\/ultranatulife.com\/?product=combo-tiger-king-fast-action","url":"https:\/\/ultranatulife.com\/?product=combo-tiger-king-fast-action","name":"Combo Tiger King - Tratamiento Potenciador Sexual","isPartOf":{"@id":"https:\/\/ultranatulife.com\/#website"},"primaryImageOfPage":{"@id":"https:\/\/ultranatulife.com\/?product=combo-tiger-king-fast-action#primaryimage"},"image":{"@id":"https:\/\/ultranatulife.com\/?product=combo-tiger-king-fast-action#primaryimage"},"thumbnailUrl":"https:\/\/ultranatulife.com\/wp-content\/uploads\/2023\/07\/Tiger-Combo.png","datePublished":"2023-04-19T14:25:37+00:00","dateModified":"2025-10-23T15:29:25+00:00","description":"Para ti que necesitas un poco de energ\u00eda extra para compensar el cansancio del trabajo. No requiere f\u00f3rmula. Garant\u00eda de satisfacci\u00f3n.","breadcrumb":{"@id":"https:\/\/ultranatulife.com\/?product=combo-tiger-king-fast-action#breadcrumb"},"inLanguage":"en-US","potentialAction":[{"@type":"ReadAction","target":["https:\/\/ultranatulife.com\/?product=combo-tiger-king-fast-action"]}]},{"@type":"ImageObject","inLanguage":"en-US","@id":"https:\/\/ultranatulife.com\/?product=combo-tiger-king-fast-action#primaryimage","url":"https:\/\/ultranatulife.com\/wp-content\/uploads\/2023\/07\/Tiger-Combo.png","contentUrl":"https:\/\/ultranatulife.com\/wp-content\/uploads\/2023\/07\/Tiger-Combo.png","width":1000,"height":1000},{"@type":"BreadcrumbList","@id":"https:\/\/ultranatulife.com\/?product=combo-tiger-king-fast-action#breadcrumb","itemListElement":[{"@type":"ListItem","position":1,"name":"Portada","item":"https:\/\/ultranatulife.com\/"},{"@type":"ListItem","position":2,"name":"Productos","item":"https:\/\/ultranatulife.com\/?page_id=353"},{"@type":"ListItem","position":3,"name":"COMBO TIGER KING FAST ACTION"}]},{"@type":"WebSite","@id":"https:\/\/ultranatulife.com\/#website","url":"https:\/\/ultranatulife.com\/","name":"Ultra NatuLife - Suplementos 100% Naturales","description":"Te ofrecemos tratamientos 100% naturales con resultados comprobados. Mejora tu vida con Ultra NatuLife.","publisher":{"@id":"https:\/\/ultranatulife.com\/#organization"},"alternateName":"Ultra Natu Life","potentialAction":[{"@type":"SearchAction","target":{"@type":"EntryPoint","urlTemplate":"https:\/\/ultranatulife.com\/?s={search_term_string}"},"query-input":{"@type":"PropertyValueSpecification","valueRequired":true,"valueName":"search_term_string"}}],"inLanguage":"en-US"},{"@type":"Organization","@id":"https:\/\/ultranatulife.com\/#organization","name":"Ultra NatuLife - Suplementos 100% Naturales","url":"https:\/\/ultranatulife.com\/","logo":{"@type":"ImageObject","inLanguage":"en-US","@id":"https:\/\/ultranatulife.com\/#\/schema\/logo\/image\/","url":"https:\/\/ultranatulife.com\/wp-content\/uploads\/2023\/04\/logo-ultra-verde.png","contentUrl":"https:\/\/ultranatulife.com\/wp-content\/uploads\/2023\/04\/logo-ultra-verde.png","width":638,"height":177,"caption":"Ultra NatuLife - Suplementos 100% Naturales"},"image":{"@id":"https:\/\/ultranatulife.com\/#\/schema\/logo\/image\/"},"sameAs":["https:\/\/www.facebook.com\/UltraNatulifeSupplements","https:\/\/www.instagram.com\/ultranatulife\/"]}]}},"_links":{"self":[{"href":"https:\/\/ultranatulife.com\/index.php?rest_route=\/wp\/v2\/product\/12139","targetHints":{"allow":["GET"]}}],"collection":[{"href":"https:\/\/ultranatulife.com\/index.php?rest_route=\/wp\/v2\/product"}],"about":[{"href":"https:\/\/ultranatulife.com\/index.php?rest_route=\/wp\/v2\/types\/product"}],"version-history":[{"count":3,"href":"https:\/\/ultranatulife.com\/index.php?rest_route=\/wp\/v2\/product\/12139\/revisions"}],"predecessor-version":[{"id":13402,"href":"https:\/\/ultranatulife.com\/index.php?rest_route=\/wp\/v2\/product\/12139\/revisions\/13402"}],"wp:featuredmedia":[{"embeddable":true,"href":"https:\/\/ultranatulife.com\/index.php?rest_route=\/wp\/v2\/media\/12881"}],"wp:attachment":[{"href":"https:\/\/ultranatulife.com\/index.php?rest_route=%2Fwp%2Fv2%2Fmedia&parent=12139"}],"wp:term":[{"taxonomy":"product_brand","embeddable":true,"href":"https:\/\/ultranatulife.com\/index.php?rest_route=%2Fwp%2Fv2%2Fproduct_brand&post=12139"},{"taxonomy":"product_cat","embeddable":true,"href":"https:\/\/ultranatulife.com\/index.php?rest_route=%2Fwp%2Fv2%2Fproduct_cat&post=12139"},{"taxonomy":"product_tag","embeddable":true,"href":"https:\/\/ultranatulife.com\/index.php?rest_route=%2Fwp%2Fv2%2Fproduct_tag&post=12139"}],"curies":[{"name":"wp","href":"https:\/\/api.w.org\/{rel}","templated":true}]}}