{"id":12141,"date":"2023-04-19T09:29:36","date_gmt":"2023-04-19T14:29:36","guid":{"rendered":"https:\/\/ultranatulife.com\/?post_type=product&#038;p=12141"},"modified":"2025-10-23T10:22:18","modified_gmt":"2025-10-23T15:22:18","slug":"combo-tiger-king-ultra","status":"publish","type":"product","link":"https:\/\/ultranatulife.com\/?product=combo-tiger-king-ultra","title":{"rendered":"COMBO TIGER KING ULTRA"},"content":{"rendered":"<p><strong>TIGER KING ULTRA\u00a0 potencia tu desempe\u00f1o sexual hasta por 3 d\u00edas y adicional, mejora los s\u00edntomas de la fatiga e incluso alivia la depresi\u00f3n ya que tiene una composici\u00f3n que activa tu organismo 100% natural.<\/strong><\/p>\n","protected":false},"excerpt":{"rendered":"<p>TIGER KING ULTRA<\/p>\n<p>Si no est\u00e1n dando el mismo rendimiento con tu pareja, no estas contento con tu erecci\u00f3n, grosos y tama\u00f1o, entonces necesitas m\u00e1s potencia, m\u00e1s duraci\u00f3n con Tiger King Ultra lo consigues, tama\u00f1o, grosos y aguante antes de eyacular. Compuestos naturales sin contraindicaciones que te dan hasta tres d\u00edas de poder y placer, y lo mejor es que es de acci\u00f3n r\u00e1pida. t\u00f3malo una hora antes de la acci\u00f3n.<\/p>\n","protected":false},"featured_media":12882,"template":"","meta":[],"product_brand":[],"product_cat":[38,21],"product_tag":[],"class_list":{"0":"post-12141","1":"product","2":"type-product","3":"status-publish","4":"has-post-thumbnail","6":"product_cat-combos","7":"product_cat-salud-sexual","9":"first","10":"instock","11":"sale","12":"taxable","13":"shipping-taxable","14":"purchasable","15":"product-type-simple"},"yoast_head":"<!-- This site is optimized with the Yoast SEO plugin v27.4 - https:\/\/yoast.com\/product\/yoast-seo-wordpress\/ -->\n<title>Combo Tiger King Ultra - Tratamiento Natural para Erecci\u00f3n<\/title>\n<meta name=\"description\" content=\"TIGER KING ULTRA en un suplemento en pastillas naturales para la erecci\u00f3n. Potencia tu desempe\u00f1o sexual hasta por 3 d\u00edas y combate la fatiga. Pague 2 y lleve 3.\" \/>\n<meta name=\"robots\" content=\"index, follow, max-snippet:-1, max-image-preview:large, max-video-preview:-1\" \/>\n<link rel=\"canonical\" href=\"https:\/\/ultranatulife.com\/?product=combo-tiger-king-ultra\" \/>\n<meta property=\"og:locale\" content=\"en_US\" \/>\n<meta property=\"og:type\" content=\"article\" \/>\n<meta property=\"og:title\" content=\"Combo Tiger King Ultra - Tratamiento Natural para Erecci\u00f3n\" \/>\n<meta property=\"og:description\" content=\"TIGER KING ULTRA en un suplemento en pastillas naturales para la erecci\u00f3n. Potencia tu desempe\u00f1o sexual hasta por 3 d\u00edas y combate la fatiga. Pague 2 y lleve 3.\" \/>\n<meta property=\"og:url\" content=\"https:\/\/ultranatulife.com\/?product=combo-tiger-king-ultra\" \/>\n<meta property=\"og:site_name\" content=\"Ultra Natu Life\" \/>\n<meta property=\"article:publisher\" content=\"https:\/\/www.facebook.com\/UltraNatulifeSupplements\" \/>\n<meta property=\"article:modified_time\" content=\"2025-10-23T15:22:18+00:00\" \/>\n<meta property=\"og:image\" content=\"https:\/\/ultranatulife.com\/wp-content\/uploads\/2023\/07\/Tiger-Ultra-Combo.png\" \/>\n\t<meta property=\"og:image:width\" content=\"1000\" \/>\n\t<meta property=\"og:image:height\" content=\"1000\" \/>\n\t<meta property=\"og:image:type\" content=\"image\/png\" \/>\n<meta name=\"twitter:card\" content=\"summary_large_image\" \/>\n<meta name=\"twitter:label1\" content=\"Est. reading time\" \/>\n\t<meta name=\"twitter:data1\" content=\"1 minute\" \/>\n<script type=\"application\/ld+json\" class=\"yoast-schema-graph\">{\"@context\":\"https:\\\/\\\/schema.org\",\"@graph\":[{\"@type\":\"WebPage\",\"@id\":\"https:\\\/\\\/ultranatulife.com\\\/?product=combo-tiger-king-ultra\",\"url\":\"https:\\\/\\\/ultranatulife.com\\\/?product=combo-tiger-king-ultra\",\"name\":\"Combo Tiger King Ultra - Tratamiento Natural para Erecci\u00f3n\",\"isPartOf\":{\"@id\":\"https:\\\/\\\/ultranatulife.com\\\/#website\"},\"primaryImageOfPage\":{\"@id\":\"https:\\\/\\\/ultranatulife.com\\\/?product=combo-tiger-king-ultra#primaryimage\"},\"image\":{\"@id\":\"https:\\\/\\\/ultranatulife.com\\\/?product=combo-tiger-king-ultra#primaryimage\"},\"thumbnailUrl\":\"https:\\\/\\\/ultranatulife.com\\\/wp-content\\\/uploads\\\/2023\\\/07\\\/Tiger-Ultra-Combo.png\",\"datePublished\":\"2023-04-19T14:29:36+00:00\",\"dateModified\":\"2025-10-23T15:22:18+00:00\",\"description\":\"TIGER KING ULTRA en un suplemento en pastillas naturales para la erecci\u00f3n. Potencia tu desempe\u00f1o sexual hasta por 3 d\u00edas y combate la fatiga. Pague 2 y lleve 3.\",\"breadcrumb\":{\"@id\":\"https:\\\/\\\/ultranatulife.com\\\/?product=combo-tiger-king-ultra#breadcrumb\"},\"inLanguage\":\"en-US\",\"potentialAction\":[{\"@type\":\"ReadAction\",\"target\":[\"https:\\\/\\\/ultranatulife.com\\\/?product=combo-tiger-king-ultra\"]}]},{\"@type\":\"ImageObject\",\"inLanguage\":\"en-US\",\"@id\":\"https:\\\/\\\/ultranatulife.com\\\/?product=combo-tiger-king-ultra#primaryimage\",\"url\":\"https:\\\/\\\/ultranatulife.com\\\/wp-content\\\/uploads\\\/2023\\\/07\\\/Tiger-Ultra-Combo.png\",\"contentUrl\":\"https:\\\/\\\/ultranatulife.com\\\/wp-content\\\/uploads\\\/2023\\\/07\\\/Tiger-Ultra-Combo.png\",\"width\":1000,\"height\":1000},{\"@type\":\"BreadcrumbList\",\"@id\":\"https:\\\/\\\/ultranatulife.com\\\/?product=combo-tiger-king-ultra#breadcrumb\",\"itemListElement\":[{\"@type\":\"ListItem\",\"position\":1,\"name\":\"Portada\",\"item\":\"https:\\\/\\\/ultranatulife.com\\\/\"},{\"@type\":\"ListItem\",\"position\":2,\"name\":\"Productos\",\"item\":\"https:\\\/\\\/ultranatulife.com\\\/?page_id=353\"},{\"@type\":\"ListItem\",\"position\":3,\"name\":\"COMBO TIGER KING ULTRA\"}]},{\"@type\":\"WebSite\",\"@id\":\"https:\\\/\\\/ultranatulife.com\\\/#website\",\"url\":\"https:\\\/\\\/ultranatulife.com\\\/\",\"name\":\"Ultra NatuLife - Suplementos 100% Naturales\",\"description\":\"Te ofrecemos tratamientos 100% naturales con resultados comprobados. Mejora tu vida con Ultra NatuLife.\",\"publisher\":{\"@id\":\"https:\\\/\\\/ultranatulife.com\\\/#organization\"},\"alternateName\":\"Ultra Natu Life\",\"potentialAction\":[{\"@type\":\"SearchAction\",\"target\":{\"@type\":\"EntryPoint\",\"urlTemplate\":\"https:\\\/\\\/ultranatulife.com\\\/?s={search_term_string}\"},\"query-input\":{\"@type\":\"PropertyValueSpecification\",\"valueRequired\":true,\"valueName\":\"search_term_string\"}}],\"inLanguage\":\"en-US\"},{\"@type\":\"Organization\",\"@id\":\"https:\\\/\\\/ultranatulife.com\\\/#organization\",\"name\":\"Ultra NatuLife - Suplementos 100% Naturales\",\"url\":\"https:\\\/\\\/ultranatulife.com\\\/\",\"logo\":{\"@type\":\"ImageObject\",\"inLanguage\":\"en-US\",\"@id\":\"https:\\\/\\\/ultranatulife.com\\\/#\\\/schema\\\/logo\\\/image\\\/\",\"url\":\"https:\\\/\\\/ultranatulife.com\\\/wp-content\\\/uploads\\\/2023\\\/04\\\/logo-ultra-verde.png\",\"contentUrl\":\"https:\\\/\\\/ultranatulife.com\\\/wp-content\\\/uploads\\\/2023\\\/04\\\/logo-ultra-verde.png\",\"width\":638,\"height\":177,\"caption\":\"Ultra NatuLife - Suplementos 100% Naturales\"},\"image\":{\"@id\":\"https:\\\/\\\/ultranatulife.com\\\/#\\\/schema\\\/logo\\\/image\\\/\"},\"sameAs\":[\"https:\\\/\\\/www.facebook.com\\\/UltraNatulifeSupplements\",\"https:\\\/\\\/www.instagram.com\\\/ultranatulife\\\/\"]}]}<\/script>\n<!-- \/ Yoast SEO plugin. -->","yoast_head_json":{"title":"Combo Tiger King Ultra - Tratamiento Natural para Erecci\u00f3n","description":"TIGER KING ULTRA en un suplemento en pastillas naturales para la erecci\u00f3n. Potencia tu desempe\u00f1o sexual hasta por 3 d\u00edas y combate la fatiga. Pague 2 y lleve 3.","robots":{"index":"index","follow":"follow","max-snippet":"max-snippet:-1","max-image-preview":"max-image-preview:large","max-video-preview":"max-video-preview:-1"},"canonical":"https:\/\/ultranatulife.com\/?product=combo-tiger-king-ultra","og_locale":"en_US","og_type":"article","og_title":"Combo Tiger King Ultra - Tratamiento Natural para Erecci\u00f3n","og_description":"TIGER KING ULTRA en un suplemento en pastillas naturales para la erecci\u00f3n. Potencia tu desempe\u00f1o sexual hasta por 3 d\u00edas y combate la fatiga. Pague 2 y lleve 3.","og_url":"https:\/\/ultranatulife.com\/?product=combo-tiger-king-ultra","og_site_name":"Ultra Natu Life","article_publisher":"https:\/\/www.facebook.com\/UltraNatulifeSupplements","article_modified_time":"2025-10-23T15:22:18+00:00","og_image":[{"width":1000,"height":1000,"url":"https:\/\/ultranatulife.com\/wp-content\/uploads\/2023\/07\/Tiger-Ultra-Combo.png","type":"image\/png"}],"twitter_card":"summary_large_image","twitter_misc":{"Est. reading time":"1 minute"},"schema":{"@context":"https:\/\/schema.org","@graph":[{"@type":"WebPage","@id":"https:\/\/ultranatulife.com\/?product=combo-tiger-king-ultra","url":"https:\/\/ultranatulife.com\/?product=combo-tiger-king-ultra","name":"Combo Tiger King Ultra - Tratamiento Natural para Erecci\u00f3n","isPartOf":{"@id":"https:\/\/ultranatulife.com\/#website"},"primaryImageOfPage":{"@id":"https:\/\/ultranatulife.com\/?product=combo-tiger-king-ultra#primaryimage"},"image":{"@id":"https:\/\/ultranatulife.com\/?product=combo-tiger-king-ultra#primaryimage"},"thumbnailUrl":"https:\/\/ultranatulife.com\/wp-content\/uploads\/2023\/07\/Tiger-Ultra-Combo.png","datePublished":"2023-04-19T14:29:36+00:00","dateModified":"2025-10-23T15:22:18+00:00","description":"TIGER KING ULTRA en un suplemento en pastillas naturales para la erecci\u00f3n. Potencia tu desempe\u00f1o sexual hasta por 3 d\u00edas y combate la fatiga. Pague 2 y lleve 3.","breadcrumb":{"@id":"https:\/\/ultranatulife.com\/?product=combo-tiger-king-ultra#breadcrumb"},"inLanguage":"en-US","potentialAction":[{"@type":"ReadAction","target":["https:\/\/ultranatulife.com\/?product=combo-tiger-king-ultra"]}]},{"@type":"ImageObject","inLanguage":"en-US","@id":"https:\/\/ultranatulife.com\/?product=combo-tiger-king-ultra#primaryimage","url":"https:\/\/ultranatulife.com\/wp-content\/uploads\/2023\/07\/Tiger-Ultra-Combo.png","contentUrl":"https:\/\/ultranatulife.com\/wp-content\/uploads\/2023\/07\/Tiger-Ultra-Combo.png","width":1000,"height":1000},{"@type":"BreadcrumbList","@id":"https:\/\/ultranatulife.com\/?product=combo-tiger-king-ultra#breadcrumb","itemListElement":[{"@type":"ListItem","position":1,"name":"Portada","item":"https:\/\/ultranatulife.com\/"},{"@type":"ListItem","position":2,"name":"Productos","item":"https:\/\/ultranatulife.com\/?page_id=353"},{"@type":"ListItem","position":3,"name":"COMBO TIGER KING ULTRA"}]},{"@type":"WebSite","@id":"https:\/\/ultranatulife.com\/#website","url":"https:\/\/ultranatulife.com\/","name":"Ultra NatuLife - Suplementos 100% Naturales","description":"Te ofrecemos tratamientos 100% naturales con resultados comprobados. Mejora tu vida con Ultra NatuLife.","publisher":{"@id":"https:\/\/ultranatulife.com\/#organization"},"alternateName":"Ultra Natu Life","potentialAction":[{"@type":"SearchAction","target":{"@type":"EntryPoint","urlTemplate":"https:\/\/ultranatulife.com\/?s={search_term_string}"},"query-input":{"@type":"PropertyValueSpecification","valueRequired":true,"valueName":"search_term_string"}}],"inLanguage":"en-US"},{"@type":"Organization","@id":"https:\/\/ultranatulife.com\/#organization","name":"Ultra NatuLife - Suplementos 100% Naturales","url":"https:\/\/ultranatulife.com\/","logo":{"@type":"ImageObject","inLanguage":"en-US","@id":"https:\/\/ultranatulife.com\/#\/schema\/logo\/image\/","url":"https:\/\/ultranatulife.com\/wp-content\/uploads\/2023\/04\/logo-ultra-verde.png","contentUrl":"https:\/\/ultranatulife.com\/wp-content\/uploads\/2023\/04\/logo-ultra-verde.png","width":638,"height":177,"caption":"Ultra NatuLife - Suplementos 100% Naturales"},"image":{"@id":"https:\/\/ultranatulife.com\/#\/schema\/logo\/image\/"},"sameAs":["https:\/\/www.facebook.com\/UltraNatulifeSupplements","https:\/\/www.instagram.com\/ultranatulife\/"]}]}},"_links":{"self":[{"href":"https:\/\/ultranatulife.com\/index.php?rest_route=\/wp\/v2\/product\/12141","targetHints":{"allow":["GET"]}}],"collection":[{"href":"https:\/\/ultranatulife.com\/index.php?rest_route=\/wp\/v2\/product"}],"about":[{"href":"https:\/\/ultranatulife.com\/index.php?rest_route=\/wp\/v2\/types\/product"}],"version-history":[{"count":1,"href":"https:\/\/ultranatulife.com\/index.php?rest_route=\/wp\/v2\/product\/12141\/revisions"}],"predecessor-version":[{"id":12142,"href":"https:\/\/ultranatulife.com\/index.php?rest_route=\/wp\/v2\/product\/12141\/revisions\/12142"}],"wp:featuredmedia":[{"embeddable":true,"href":"https:\/\/ultranatulife.com\/index.php?rest_route=\/wp\/v2\/media\/12882"}],"wp:attachment":[{"href":"https:\/\/ultranatulife.com\/index.php?rest_route=%2Fwp%2Fv2%2Fmedia&parent=12141"}],"wp:term":[{"taxonomy":"product_brand","embeddable":true,"href":"https:\/\/ultranatulife.com\/index.php?rest_route=%2Fwp%2Fv2%2Fproduct_brand&post=12141"},{"taxonomy":"product_cat","embeddable":true,"href":"https:\/\/ultranatulife.com\/index.php?rest_route=%2Fwp%2Fv2%2Fproduct_cat&post=12141"},{"taxonomy":"product_tag","embeddable":true,"href":"https:\/\/ultranatulife.com\/index.php?rest_route=%2Fwp%2Fv2%2Fproduct_tag&post=12141"}],"curies":[{"name":"wp","href":"https:\/\/api.w.org\/{rel}","templated":true}]}}